{"id":20480,"date":"2023-08-24T14:35:02","date_gmt":"2023-08-24T06:35:02","guid":{"rendered":"https:\/\/suncasesupply.com\/?post_type=product&#038;p=20480"},"modified":"2025-02-20T14:39:52","modified_gmt":"2025-02-20T06:39:52","slug":"pu-vinyl-record-case-leather-lp-case-vintage-brown","status":"publish","type":"product","link":"https:\/\/suncasesupply.com\/de\/product\/pu-vinyl-record-case-leather-lp-case-vintage-brown\/","title":{"rendered":"PU Schallplattenh\u00fclle Leder LP H\u00fclle \u2013 Vintage Braun"},"content":{"rendered":"<p>&nbsp;<\/p>\n<table width=\"774\">\n<tbody>\n<tr>\n<td width=\"177\">Artikel<\/td>\n<td width=\"597\">Aluminiumgeh\u00e4use<\/td>\n<\/tr>\n<tr>\n<td>Abmessungen<\/td>\n<td>34 x 16 x 38cm oder individuell gestalten<\/td>\n<\/tr>\n<tr>\n<td>Farben<\/td>\n<td>Wie die Bilder zeigen oder anpassen<\/td>\n<\/tr>\n<tr>\n<td>Materialien<\/td>\n<td>Aluminium, ABS-Platte, MDF-Platte, EVA\/Schaum\/Stoff\/PU-Futter, Hardware<\/td>\n<\/tr>\n<tr>\n<td>Logo<\/td>\n<td>Metallplattenlogo, gedrucktes Logo, gepr\u00e4gtes Logo, Laserlogo<\/td>\n<\/tr>\n<tr>\n<td>Beispielzeit<\/td>\n<td>7 Tage<\/td>\n<\/tr>\n<tr>\n<td>Verschiffungshafen<\/td>\n<td>Guangzhou, Shenzhen<\/td>\n<\/tr>\n<tr>\n<td>Handelsbedingungen<\/td>\n<td>EXW, FOB, CIF, DDU, DDP<\/td>\n<\/tr>\n<tr>\n<td>Zahlungsarten<\/td>\n<td>T\/T, Barzahlung, PayPal, Kreditkarte<\/td>\n<\/tr>\n<\/tbody>\n<\/table>\n<p><span style=\"color: #003366;\">Merkmale:<\/span><\/p>\n<ul>\n<li>Vintage braune Farbe<\/li>\n<li>Abnehmbarer Deckel f\u00fcr einfachen Zugriff<\/li>\n<li>Speichert problemlos bis zu 35 Datens\u00e4tze<\/li>\n<li>Samt-Innenfutter sch\u00fctzt Ihr Vinyl<\/li>\n<li>Verst\u00e4rkt Verschl\u00fcsse und Kanten f\u00fcr Schutz und Stil<\/li>\n<li>Mit Tragegriff f\u00fcr einfachen Transport<\/li>\n<li>Verschl\u00fcsse verschlie\u00dfen den Deckel sicher zur sicheren Aufbewahrung<\/li>\n<li>Abmessungen der Einheit: 34 x 16 x 38 cm<\/li>\n<li>Gewicht: 2,5 kg<\/li>\n<\/ul>","protected":false},"excerpt":{"rendered":"<p>Modell: SC-LP0015<\/p>\n<p>Gr\u00f6\u00dfe: 34 x 16 x 38 cm<\/p>\n<p>Kapazit\u00e4t: 50 12\u2033 LPs<\/p>\n<p>Mindestbestellmenge: 100 St\u00fcck<\/p>\n<p>Lieferzeit: 15-25 Tage<\/p>\n<p>Probe: Verf\u00fcgbar<\/p>","protected":false},"featured_media":20481,"template":"","meta":{"_gspb_post_css":""},"product_cat":[83],"product_tag":[],"featured_image_urls":{"full":["https:\/\/suncasesupply.com\/wp-content\/uploads\/2023\/08\/GPO-Vinyl-Record-Case-Vintage-Brown-R-6.jpg",1000,1000,false],"thumbnail":["https:\/\/suncasesupply.com\/wp-content\/uploads\/2023\/08\/GPO-Vinyl-Record-Case-Vintage-Brown-R-6-150x150.jpg",150,150,true],"medium":["https:\/\/suncasesupply.com\/wp-content\/uploads\/2023\/08\/GPO-Vinyl-Record-Case-Vintage-Brown-R-6-300x300.jpg",300,300,true],"medium_large":["https:\/\/suncasesupply.com\/wp-content\/uploads\/2023\/08\/GPO-Vinyl-Record-Case-Vintage-Brown-R-6-768x768.jpg",768,768,true],"large":["https:\/\/suncasesupply.com\/wp-content\/uploads\/2023\/08\/GPO-Vinyl-Record-Case-Vintage-Brown-R-6.jpg",1000,1000,false],"1536x1536":["https:\/\/suncasesupply.com\/wp-content\/uploads\/2023\/08\/GPO-Vinyl-Record-Case-Vintage-Brown-R-6.jpg",1000,1000,false],"2048x2048":["https:\/\/suncasesupply.com\/wp-content\/uploads\/2023\/08\/GPO-Vinyl-Record-Case-Vintage-Brown-R-6.jpg",1000,1000,false],"trp-custom-language-flag":["https:\/\/suncasesupply.com\/wp-content\/uploads\/2023\/08\/GPO-Vinyl-Record-Case-Vintage-Brown-R-6.jpg",12,12,false],"woocommerce_thumbnail":["https:\/\/suncasesupply.com\/wp-content\/uploads\/2023\/08\/GPO-Vinyl-Record-Case-Vintage-Brown-R-6-300x300.jpg",300,300,true],"woocommerce_single":["https:\/\/suncasesupply.com\/wp-content\/uploads\/2023\/08\/GPO-Vinyl-Record-Case-Vintage-Brown-R-6-600x600.jpg",600,600,true],"woocommerce_gallery_thumbnail":["https:\/\/suncasesupply.com\/wp-content\/uploads\/2023\/08\/GPO-Vinyl-Record-Case-Vintage-Brown-R-6-100x100.jpg",100,100,true]},"post_excerpt_stackable":"<p>Model : SC-LP0015<\/p>\n<p>Size: 34 x 16 x 38cm<\/p>\n<p>Capacity: 50 12&#8243; LPs<\/p>\n<p>MOQ: 100pcs<\/p>\n<p>Delivery Time : 15-25 Days<\/p>\n<p>Sample : Available<\/p>\n","category_list":"","author_info":{"name":"","url":""},"comments_num":"0 comments","_links":{"self":[{"href":"https:\/\/suncasesupply.com\/de\/wp-json\/wp\/v2\/product\/20480"}],"collection":[{"href":"https:\/\/suncasesupply.com\/de\/wp-json\/wp\/v2\/product"}],"about":[{"href":"https:\/\/suncasesupply.com\/de\/wp-json\/wp\/v2\/types\/product"}],"wp:featuredmedia":[{"embeddable":true,"href":"https:\/\/suncasesupply.com\/de\/wp-json\/wp\/v2\/media\/20481"}],"wp:attachment":[{"href":"https:\/\/suncasesupply.com\/de\/wp-json\/wp\/v2\/media?parent=20480"}],"wp:term":[{"taxonomy":"product_cat","embeddable":true,"href":"https:\/\/suncasesupply.com\/de\/wp-json\/wp\/v2\/product_cat?post=20480"},{"taxonomy":"product_tag","embeddable":true,"href":"https:\/\/suncasesupply.com\/de\/wp-json\/wp\/v2\/product_tag?post=20480"}],"curies":[{"name":"wp","href":"https:\/\/api.w.org\/{rel}","templated":true}]}}