{"id":20430,"date":"2023-08-24T11:51:25","date_gmt":"2023-08-24T03:51:25","guid":{"rendered":"https:\/\/suncasesupply.com\/?post_type=product&#038;p=20430"},"modified":"2025-02-26T11:14:08","modified_gmt":"2025-02-26T03:14:08","slug":"aluminum-carrying-makeup-case-cosmetic-beauty-box-for-artists-manicurist","status":"publish","type":"product","link":"https:\/\/suncasesupply.com\/de\/product\/aluminum-carrying-makeup-case-cosmetic-beauty-box-for-artists-manicurist\/","title":{"rendered":"Aluminium-Tragetasche f\u00fcr Make-up, Kosmetikbox f\u00fcr K\u00fcnstler, Manik\u00fcre"},"content":{"rendered":"<p>&nbsp;<\/p>\n<table width=\"774\">\n<tbody>\n<tr>\n<td width=\"177\">Artikel<\/td>\n<td width=\"597\">Make-up-Koffer aus Aluminium<\/td>\n<\/tr>\n<tr>\n<td>Abmessungen<\/td>\n<td>346 *216 *222 mm oder individuell anpassen<\/td>\n<\/tr>\n<tr>\n<td>Farben<\/td>\n<td>Wie die Bilder zeigen oder anpassen<\/td>\n<\/tr>\n<tr>\n<td>Materialien<\/td>\n<td>Aluminium, ABS-Platte, MDF-Platte, EVA\/Schaum\/Stoff\/PU-Futter, Hardware<\/td>\n<\/tr>\n<tr>\n<td>Logo<\/td>\n<td>Metallplattenlogo, gedrucktes Logo, gepr\u00e4gtes Logo, Laserlogo<\/td>\n<\/tr>\n<tr>\n<td>Beispielzeit<\/td>\n<td>7 Tage<\/td>\n<\/tr>\n<tr>\n<td>Verschiffungshafen<\/td>\n<td>Guangzhou, Shenzhen<\/td>\n<\/tr>\n<tr>\n<td>Handelsbedingungen<\/td>\n<td>EXW, FOB, CIF, DDU, DDP<\/td>\n<\/tr>\n<tr>\n<td>Zahlungsarten<\/td>\n<td>T\/T, Barzahlung, PayPal, Kreditkarte<\/td>\n<\/tr>\n<\/tbody>\n<\/table>\n<p><span style=\"color: #003366;\">Merkmale:<\/span><\/p>\n<p>Perfekt f\u00fcr Nagelstylisten, Kosmetikerinnen, Visagisten, die im Au\u00dfendienst arbeiten oder Kosmetika zu Hause aufbewahren m\u00f6chten. Der stabile, faltbare und optimal dimensionierte Koffer erm\u00f6glicht das einfache Einsetzen einer UV- und LED-Lampe in voller Gr\u00f6\u00dfe.<\/p>\n<p><strong>Der Kofferraum<\/strong>\u00a0Auf beiden Seiten ge\u00f6ffnet, verf\u00fcgt es \u00fcber 2 verschiebbare Ablagen f\u00fcr Kleinutensilien wie Hybridlacke, Pinsel, kleine und gro\u00dfe Kosmetika. Unteres Fach f\u00fcr gr\u00f6\u00dfere Gegenst\u00e4nde wie eine LED-Lampe und eine Fr\u00e4smaschine. Sehr solide verarbeitet mit verst\u00e4rkten Ecken und Balken an den Au\u00dfenkanten, um 100%-Sicherheit zu gew\u00e4hrleisten.<\/p>\n<p>Dank zweier Schl\u00f6sser, die den Inhalt sichern, k\u00f6nnen Sie Gegenst\u00e4nde sicher im Kofferraum verstauen. Zwei Schl\u00fcssel sind am Koffer angebracht.<\/p>\n<ul>\n<li class=\"active\">Perfekt f\u00fcr Kosmetikerinnen und Stylisten.<\/li>\n<li>Es l\u00e4sst sich beidseitig \u00f6ffnen.<\/li>\n<li>Es beherbergt Br\u00fcckenlampen.<\/li>\n<li>Abschlie\u00dfbar mit Schl\u00fcssel, 2 Schl\u00f6sser.<\/li>\n<li>Zeitloses Design \u2013 \u00e4u\u00dferst exklusiv und modisch.<\/li>\n<li>Leicht zu reinigen \u2013 die Oberfl\u00e4che ist vollst\u00e4ndig abwaschbar.<\/li>\n<li>Die Innenseite ist mit einem weichen, Samt imitierenden Material ausgekleidet.<\/li>\n<li>Handlich \u2013 leicht zu transportierender Koffer, ideal zur Aufbewahrung von Kosmetika.<\/li>\n<li>Es hat Schw\u00e4mme f\u00fcr Lacke.<\/li>\n<\/ul>","protected":false},"excerpt":{"rendered":"<p>Modell: SC-CM0006<\/p>\n<p>Gr\u00f6\u00dfe: 346 * 216 * 222 mm<\/p>\n<p>Mindestbestellmenge: 100 St\u00fcck<\/p>\n<p>Lieferzeit: 15-25 Tage<\/p>\n<p>Probe: Verf\u00fcgbar<\/p>","protected":false},"featured_media":20432,"template":"","meta":{"_gspb_post_css":""},"product_cat":[34,96],"product_tag":[],"featured_image_urls":{"full":["https:\/\/suncasesupply.com\/wp-content\/uploads\/2023\/08\/ab16rogopen-md.jpg",450,450,false],"thumbnail":["https:\/\/suncasesupply.com\/wp-content\/uploads\/2023\/08\/ab16rogopen-md-150x150.jpg",150,150,true],"medium":["https:\/\/suncasesupply.com\/wp-content\/uploads\/2023\/08\/ab16rogopen-md-300x300.jpg",300,300,true],"medium_large":["https:\/\/suncasesupply.com\/wp-content\/uploads\/2023\/08\/ab16rogopen-md.jpg",450,450,false],"large":["https:\/\/suncasesupply.com\/wp-content\/uploads\/2023\/08\/ab16rogopen-md.jpg",450,450,false],"1536x1536":["https:\/\/suncasesupply.com\/wp-content\/uploads\/2023\/08\/ab16rogopen-md.jpg",450,450,false],"2048x2048":["https:\/\/suncasesupply.com\/wp-content\/uploads\/2023\/08\/ab16rogopen-md.jpg",450,450,false],"trp-custom-language-flag":["https:\/\/suncasesupply.com\/wp-content\/uploads\/2023\/08\/ab16rogopen-md.jpg",12,12,false],"woocommerce_thumbnail":["https:\/\/suncasesupply.com\/wp-content\/uploads\/2023\/08\/ab16rogopen-md-300x300.jpg",300,300,true],"woocommerce_single":["https:\/\/suncasesupply.com\/wp-content\/uploads\/2023\/08\/ab16rogopen-md.jpg",450,450,false],"woocommerce_gallery_thumbnail":["https:\/\/suncasesupply.com\/wp-content\/uploads\/2023\/08\/ab16rogopen-md-100x100.jpg",100,100,true]},"post_excerpt_stackable":"<p>Model : SC-CM0006<\/p>\n<p>Size: 346 *216 *222 mm<\/p>\n<p>MOQ: 100pcs<\/p>\n<p>Delivery Time : 15-25 Days<\/p>\n<p>Sample : Available<\/p>\n","category_list":"","author_info":{"name":"","url":""},"comments_num":"0 comments","_links":{"self":[{"href":"https:\/\/suncasesupply.com\/de\/wp-json\/wp\/v2\/product\/20430"}],"collection":[{"href":"https:\/\/suncasesupply.com\/de\/wp-json\/wp\/v2\/product"}],"about":[{"href":"https:\/\/suncasesupply.com\/de\/wp-json\/wp\/v2\/types\/product"}],"wp:featuredmedia":[{"embeddable":true,"href":"https:\/\/suncasesupply.com\/de\/wp-json\/wp\/v2\/media\/20432"}],"wp:attachment":[{"href":"https:\/\/suncasesupply.com\/de\/wp-json\/wp\/v2\/media?parent=20430"}],"wp:term":[{"taxonomy":"product_cat","embeddable":true,"href":"https:\/\/suncasesupply.com\/de\/wp-json\/wp\/v2\/product_cat?post=20430"},{"taxonomy":"product_tag","embeddable":true,"href":"https:\/\/suncasesupply.com\/de\/wp-json\/wp\/v2\/product_tag?post=20430"}],"curies":[{"name":"wp","href":"https:\/\/api.w.org\/{rel}","templated":true}]}}