{"id":20277,"date":"2023-08-23T17:01:22","date_gmt":"2023-08-23T09:01:22","guid":{"rendered":"https:\/\/suncasesupply.com\/?post_type=product&#038;p=20277"},"modified":"2025-02-20T10:01:36","modified_gmt":"2025-02-20T02:01:36","slug":"portable-aluminum-hard-case-tool-box-camera-equipment-tool-transport-box","status":"publish","type":"product","link":"https:\/\/suncasesupply.com\/de\/product\/portable-aluminum-hard-case-tool-box-camera-equipment-tool-transport-box\/","title":{"rendered":"Tragbare Tragetasche mit Schaumstoffeinlage f\u00fcr Aluminiumgeh\u00e4use f\u00fcr drahtloses Mikrofon, Kamera, Elektronik"},"content":{"rendered":"<p>&nbsp;<\/p>\n<table width=\"774\">\n<tbody>\n<tr>\n<td width=\"177\">Artikel<\/td>\n<td width=\"597\">Aluminiumgeh\u00e4use<\/td>\n<\/tr>\n<tr>\n<td>Abmessungen<\/td>\n<td>41 x 38 x 13 cm oder individuell anpassen<\/td>\n<\/tr>\n<tr>\n<td>Farben<\/td>\n<td>Wie die Bilder zeigen oder anpassen<\/td>\n<\/tr>\n<tr>\n<td>Materialien<\/td>\n<td>Aluminium, ABS-Platte, MDF-Platte, EVA\/Schaum\/Stoff\/PU-Futter, Hardware<\/td>\n<\/tr>\n<tr>\n<td>Logo<\/td>\n<td>Metallplattenlogo, gedrucktes Logo, gepr\u00e4gtes Logo, Laserlogo<\/td>\n<\/tr>\n<tr>\n<td>Beispielzeit<\/td>\n<td>7 Tage<\/td>\n<\/tr>\n<tr>\n<td>Verschiffungshafen<\/td>\n<td>Guangzhou, Shenzhen<\/td>\n<\/tr>\n<tr>\n<td>Handelsbedingungen<\/td>\n<td>EXW, FOB, CIF, DDU, DDP<\/td>\n<\/tr>\n<tr>\n<td>Zahlungsarten<\/td>\n<td>T\/T, Barzahlung, PayPal, Kreditkarte<\/td>\n<\/tr>\n<\/tbody>\n<\/table>\n<p><span style=\"color: #003366;\">Merkmale:<\/span><\/p>\n<p>Material: Ober- und Unterseite aus hochwertiger ABS-Platte, gro\u00dfer Aluminiumrahmen, stabilere Stahlecken.<br \/>\nScharnierdesign: Lassen Sie die Scharniere offen, um Ihre Arbeit sicherer und bequemer zu machen.<br \/>\nGRIFFDESIGN: Alle Produkte verf\u00fcgen \u00fcber einen sehr stabilen Griff in Erwachsenengr\u00f6\u00dfe.<br \/>\nSICHERES SCHLOSS: Zum Verschlie\u00dfen des Werkzeugkastens werden 2 Schl\u00fcssel mitgeliefert, um Sicherheit und Schutz zu gew\u00e4hrleisten, sodass Sie Ihre Wertsachen an Ort und Stelle aufbewahren k\u00f6nnen.<\/p>","protected":false},"excerpt":{"rendered":"<p>Modell: SC-0003<\/p>\n<p>Gr\u00f6\u00dfe: 41 x 38 x 13 cm<\/p>\n<p>Mindestbestellmenge: 100 St\u00fcck<\/p>\n<p>Lieferzeit: 15-25 Tage<\/p>\n<p>Probe: Verf\u00fcgbar<\/p>","protected":false},"featured_media":20295,"template":"","meta":{"_gspb_post_css":""},"product_cat":[42,80],"product_tag":[],"featured_image_urls":{"full":["https:\/\/suncasesupply.com\/wp-content\/uploads\/2023\/08\/\u672a\u6807\u9898-1-scaled.jpg",2560,2560,false],"thumbnail":["https:\/\/suncasesupply.com\/wp-content\/uploads\/2023\/08\/\u672a\u6807\u9898-1-150x150.jpg",150,150,true],"medium":["https:\/\/suncasesupply.com\/wp-content\/uploads\/2023\/08\/\u672a\u6807\u9898-1-300x300.jpg",300,300,true],"medium_large":["https:\/\/suncasesupply.com\/wp-content\/uploads\/2023\/08\/\u672a\u6807\u9898-1-768x768.jpg",768,768,true],"large":["https:\/\/suncasesupply.com\/wp-content\/uploads\/2023\/08\/\u672a\u6807\u9898-1-1024x1024.jpg",1024,1024,true],"1536x1536":["https:\/\/suncasesupply.com\/wp-content\/uploads\/2023\/08\/\u672a\u6807\u9898-1-1536x1536.jpg",1536,1536,true],"2048x2048":["https:\/\/suncasesupply.com\/wp-content\/uploads\/2023\/08\/\u672a\u6807\u9898-1-2048x2048.jpg",2048,2048,true],"trp-custom-language-flag":["https:\/\/suncasesupply.com\/wp-content\/uploads\/2023\/08\/\u672a\u6807\u9898-1-scaled.jpg",12,12,false],"woocommerce_thumbnail":["https:\/\/suncasesupply.com\/wp-content\/uploads\/2023\/08\/\u672a\u6807\u9898-1-300x300.jpg",300,300,true],"woocommerce_single":["https:\/\/suncasesupply.com\/wp-content\/uploads\/2023\/08\/\u672a\u6807\u9898-1-600x600.jpg",600,600,true],"woocommerce_gallery_thumbnail":["https:\/\/suncasesupply.com\/wp-content\/uploads\/2023\/08\/\u672a\u6807\u9898-1-100x100.jpg",100,100,true]},"post_excerpt_stackable":"<p>Model : SC-0003<\/p>\n<p>Size: 41 x 38 x 13 cm<\/p>\n<p>MOQ: 100pcs<\/p>\n<p>Delivery Time : 15-25 Days<\/p>\n<p>Sample : Available<\/p>\n","category_list":"","author_info":{"name":"","url":""},"comments_num":"0 comments","_links":{"self":[{"href":"https:\/\/suncasesupply.com\/de\/wp-json\/wp\/v2\/product\/20277"}],"collection":[{"href":"https:\/\/suncasesupply.com\/de\/wp-json\/wp\/v2\/product"}],"about":[{"href":"https:\/\/suncasesupply.com\/de\/wp-json\/wp\/v2\/types\/product"}],"wp:featuredmedia":[{"embeddable":true,"href":"https:\/\/suncasesupply.com\/de\/wp-json\/wp\/v2\/media\/20295"}],"wp:attachment":[{"href":"https:\/\/suncasesupply.com\/de\/wp-json\/wp\/v2\/media?parent=20277"}],"wp:term":[{"taxonomy":"product_cat","embeddable":true,"href":"https:\/\/suncasesupply.com\/de\/wp-json\/wp\/v2\/product_cat?post=20277"},{"taxonomy":"product_tag","embeddable":true,"href":"https:\/\/suncasesupply.com\/de\/wp-json\/wp\/v2\/product_tag?post=20277"}],"curies":[{"name":"wp","href":"https:\/\/api.w.org\/{rel}","templated":true}]}}