{"id":20269,"date":"2023-08-23T16:42:26","date_gmt":"2023-08-23T08:42:26","guid":{"rendered":"https:\/\/suncasesupply.com\/?post_type=product&#038;p=20269"},"modified":"2025-02-20T15:04:08","modified_gmt":"2025-02-20T07:04:08","slug":"extra-large-dj-controller-mixer-media-player-case","status":"publish","type":"product","link":"https:\/\/suncasesupply.com\/de\/product\/extra-large-dj-controller-mixer-media-player-case\/","title":{"rendered":"Extragro\u00dfe Tasche f\u00fcr DJ-Controller, Mixer und Media Player"},"content":{"rendered":"<p>&nbsp;<\/p>\n<table width=\"774\">\n<tbody>\n<tr>\n<td width=\"177\">Artikel<\/td>\n<td width=\"597\">EVA-Tasche<\/td>\n<\/tr>\n<tr>\n<td>Abmessungen<\/td>\n<td>58,42 * 39,37 * 20,32 cm oder anpassen<\/td>\n<\/tr>\n<tr>\n<td>Farben<\/td>\n<td>Wie die Bilder zeigen oder anpassen<\/td>\n<\/tr>\n<tr>\n<td>Materialien<\/td>\n<td>Oxford\/PU, Kunststoff-\/Metallrei\u00dfverschl\u00fcsse, EVA, PVC, Nylon\u2026<\/td>\n<\/tr>\n<tr>\n<td>Logo<\/td>\n<td>Metallplattenlogo, gedrucktes Logo, gepr\u00e4gtes Logo, Laserlogo<\/td>\n<\/tr>\n<tr>\n<td>Beispielzeit<\/td>\n<td>7 Tage<\/td>\n<\/tr>\n<tr>\n<td>Verschiffungshafen<\/td>\n<td>Guangzhou, Shenzhen<\/td>\n<\/tr>\n<tr>\n<td>Handelsbedingungen<\/td>\n<td>EXW, FOB, CIF, DDU, DDP<\/td>\n<\/tr>\n<tr>\n<td>Zahlungsarten<\/td>\n<td>T\/T, Barzahlung, PayPal, Kreditkarte<\/td>\n<\/tr>\n<\/tbody>\n<\/table>\n<p><span style=\"color: #003366;\">Merkmale:<\/span><\/p>\n<div>Der Koffer, hochmoderne Koffer f\u00fcr den mobilen DJ \/ Remixer \/ Produzenten von heute. Jedes Design l\u00e4sst Sie nicht nur gut aussehen, sondern Sie f\u00fchlen sich auch gut darin. Mit dem Redline\u2122 Digital XLE-Koffer k\u00f6nnen Sie eine gro\u00dfe Auswahl Ihrer wichtigsten Ausr\u00fcstung f\u00fcr Ihr digitales Setup von einem Auftritt zum n\u00e4chsten mitnehmen. Im Hauptfach befinden sich einzigartige Schaumstoffeinlagen, die leicht neu konfiguriert oder entfernt werden k\u00f6nnen, sodass Sie alles, was Ihr Auftritt gerade erfordert, sicher verstauen k\u00f6nnen, wie Mischpulte und gro\u00dfformatige Tisch-Mediaplayer oder digitale Controller wie den Denon DN-MC4000, Traktor Kontrol S4 MK2, Numark Mixtrack PRO 3 und NVII oder Pioneer DDJ-RB. Er hat genug Taschen, um alles Notwendige zu verstauen, und ist an den richtigen Stellen vollst\u00e4ndig gepolstert und mit einer Stahlrahmenverst\u00e4rkung f\u00fcr den ultimativen Schutz Ihrer digitalen Ausr\u00fcstung versehen.<\/div>","protected":false},"excerpt":{"rendered":"<p>Modell: SC-EC0003<\/p>\n<p>Gr\u00f6\u00dfe: 58,42 * 39,37 * 20,32 cm<\/p>\n<p>Mindestbestellmenge: 500 St\u00fcck<\/p>\n<p>Lieferzeit: 15-25 Tage<\/p>\n<p>Probe: Verf\u00fcgbar<\/p>","protected":false},"featured_media":20271,"template":"","meta":{"_gspb_post_css":""},"product_cat":[37],"product_tag":[],"featured_image_urls":{"full":["https:\/\/suncasesupply.com\/wp-content\/uploads\/2023\/08\/brldigitalxle_02.webp",1500,1500,false],"thumbnail":["https:\/\/suncasesupply.com\/wp-content\/uploads\/2023\/08\/brldigitalxle_02-150x150.webp",150,150,true],"medium":["https:\/\/suncasesupply.com\/wp-content\/uploads\/2023\/08\/brldigitalxle_02-300x300.webp",300,300,true],"medium_large":["https:\/\/suncasesupply.com\/wp-content\/uploads\/2023\/08\/brldigitalxle_02-768x768.webp",768,768,true],"large":["https:\/\/suncasesupply.com\/wp-content\/uploads\/2023\/08\/brldigitalxle_02-1024x1024.webp",1024,1024,true],"1536x1536":["https:\/\/suncasesupply.com\/wp-content\/uploads\/2023\/08\/brldigitalxle_02.webp",1500,1500,false],"2048x2048":["https:\/\/suncasesupply.com\/wp-content\/uploads\/2023\/08\/brldigitalxle_02.webp",1500,1500,false],"trp-custom-language-flag":["https:\/\/suncasesupply.com\/wp-content\/uploads\/2023\/08\/brldigitalxle_02.webp",12,12,false],"woocommerce_thumbnail":["https:\/\/suncasesupply.com\/wp-content\/uploads\/2023\/08\/brldigitalxle_02-300x300.webp",300,300,true],"woocommerce_single":["https:\/\/suncasesupply.com\/wp-content\/uploads\/2023\/08\/brldigitalxle_02-600x600.webp",600,600,true],"woocommerce_gallery_thumbnail":["https:\/\/suncasesupply.com\/wp-content\/uploads\/2023\/08\/brldigitalxle_02-100x100.webp",100,100,true]},"post_excerpt_stackable":"<p>Model : SC-EC0003<\/p>\n<p>Size: \u00a058.42*39.37*20.32cm<\/p>\n<p>MOQ: 500pcs<\/p>\n<p>Delivery Time : 15-25 Days<\/p>\n<p>Sample : Available<\/p>\n","category_list":"","author_info":{"name":"","url":""},"comments_num":"0 comments","_links":{"self":[{"href":"https:\/\/suncasesupply.com\/de\/wp-json\/wp\/v2\/product\/20269"}],"collection":[{"href":"https:\/\/suncasesupply.com\/de\/wp-json\/wp\/v2\/product"}],"about":[{"href":"https:\/\/suncasesupply.com\/de\/wp-json\/wp\/v2\/types\/product"}],"wp:featuredmedia":[{"embeddable":true,"href":"https:\/\/suncasesupply.com\/de\/wp-json\/wp\/v2\/media\/20271"}],"wp:attachment":[{"href":"https:\/\/suncasesupply.com\/de\/wp-json\/wp\/v2\/media?parent=20269"}],"wp:term":[{"taxonomy":"product_cat","embeddable":true,"href":"https:\/\/suncasesupply.com\/de\/wp-json\/wp\/v2\/product_cat?post=20269"},{"taxonomy":"product_tag","embeddable":true,"href":"https:\/\/suncasesupply.com\/de\/wp-json\/wp\/v2\/product_tag?post=20269"}],"curies":[{"name":"wp","href":"https:\/\/api.w.org\/{rel}","templated":true}]}}