{"id":20262,"date":"2023-08-23T16:35:04","date_gmt":"2023-08-23T08:35:04","guid":{"rendered":"https:\/\/suncasesupply.com\/?post_type=product&#038;p=20262"},"modified":"2025-02-20T15:04:31","modified_gmt":"2025-02-20T07:04:31","slug":"eva-molded-soft-case-for-music-equipment","status":"publish","type":"product","link":"https:\/\/suncasesupply.com\/de\/product\/eva-molded-soft-case-for-music-equipment\/","title":{"rendered":"EVA-geformtes Softcase f\u00fcr Musikausr\u00fcstung"},"content":{"rendered":"<p>&nbsp;<\/p>\n<table width=\"774\">\n<tbody>\n<tr>\n<td width=\"177\">Artikel<\/td>\n<td width=\"597\">EVA-Tasche<\/td>\n<\/tr>\n<tr>\n<td>Abmessungen<\/td>\n<td>83,8 * 43,2 * 15,9 cm oder anpassen<\/td>\n<\/tr>\n<tr>\n<td>Farben<\/td>\n<td>Wie die Bilder zeigen oder anpassen<\/td>\n<\/tr>\n<tr>\n<td>Materialien<\/td>\n<td>Oxford\/PU, Kunststoff-\/Metallrei\u00dfverschl\u00fcsse, EVA, PVC, Nylon\u2026<\/td>\n<\/tr>\n<tr>\n<td>Logo<\/td>\n<td>Metallplattenlogo, gedrucktes Logo, gepr\u00e4gtes Logo, Laserlogo<\/td>\n<\/tr>\n<tr>\n<td>Beispielzeit<\/td>\n<td>7 Tage<\/td>\n<\/tr>\n<tr>\n<td>Verschiffungshafen<\/td>\n<td>Guangzhou, Shenzhen<\/td>\n<\/tr>\n<tr>\n<td>Handelsbedingungen<\/td>\n<td>EXW, FOB, CIF, DDU, DDP<\/td>\n<\/tr>\n<tr>\n<td>Zahlungsarten<\/td>\n<td>T\/T, Barzahlung, PayPal, Kreditkarte<\/td>\n<\/tr>\n<\/tbody>\n<\/table>\n<p><span style=\"color: #003366;\">Merkmale:<\/span><\/p>\n<div>Zur Sicherheit Ihrer Ausr\u00fcstung sind geeignete Schutzh\u00fcllen\/-beutel f\u00fcr jedes einzelne Zubeh\u00f6r (Laptops, Tablets, zusammenklappbare Laptop-\/Ger\u00e4test\u00e4nder, Stromquellen und Kabel usw.) erforderlich, wenn Sie diese zusammen im selben Fach transportieren. Bleiben Sie innerhalb der Kapazit\u00e4t des geformten Koffers, um den besten Schutz f\u00fcr Ihre Ausr\u00fcstung zu gew\u00e4hrleisten.<\/div>","protected":false},"excerpt":{"rendered":"<p>Modell: SC-EC0002<\/p>\n<p>Gr\u00f6\u00dfe: 83,8 * 43,2 * 15,9 cm<\/p>\n<p>Mindestbestellmenge: 200 St\u00fcck<\/p>\n<p>Lieferzeit: 15-25 Tage<\/p>\n<p>Probe: Verf\u00fcgbar<\/p>","protected":false},"featured_media":20263,"template":"","meta":{"_gspb_post_css":""},"product_cat":[37],"product_tag":[],"featured_image_urls":{"full":["https:\/\/suncasesupply.com\/wp-content\/uploads\/2023\/08\/1-23.jpg",1500,1500,false],"thumbnail":["https:\/\/suncasesupply.com\/wp-content\/uploads\/2023\/08\/1-23-150x150.jpg",150,150,true],"medium":["https:\/\/suncasesupply.com\/wp-content\/uploads\/2023\/08\/1-23-300x300.jpg",300,300,true],"medium_large":["https:\/\/suncasesupply.com\/wp-content\/uploads\/2023\/08\/1-23-768x768.jpg",768,768,true],"large":["https:\/\/suncasesupply.com\/wp-content\/uploads\/2023\/08\/1-23-1024x1024.jpg",1024,1024,true],"1536x1536":["https:\/\/suncasesupply.com\/wp-content\/uploads\/2023\/08\/1-23.jpg",1500,1500,false],"2048x2048":["https:\/\/suncasesupply.com\/wp-content\/uploads\/2023\/08\/1-23.jpg",1500,1500,false],"trp-custom-language-flag":["https:\/\/suncasesupply.com\/wp-content\/uploads\/2023\/08\/1-23.jpg",12,12,false],"woocommerce_thumbnail":["https:\/\/suncasesupply.com\/wp-content\/uploads\/2023\/08\/1-23-300x300.jpg",300,300,true],"woocommerce_single":["https:\/\/suncasesupply.com\/wp-content\/uploads\/2023\/08\/1-23-600x600.jpg",600,600,true],"woocommerce_gallery_thumbnail":["https:\/\/suncasesupply.com\/wp-content\/uploads\/2023\/08\/1-23-100x100.jpg",100,100,true]},"post_excerpt_stackable":"<p>Model : SC-EC0002<\/p>\n<p>Size: 83.8*43.2*15.9cm<\/p>\n<p>MOQ: 200pcs<\/p>\n<p>Delivery Time : 15-25 Days<\/p>\n<p>Sample : Available<\/p>\n","category_list":"","author_info":{"name":"","url":""},"comments_num":"0 comments","_links":{"self":[{"href":"https:\/\/suncasesupply.com\/de\/wp-json\/wp\/v2\/product\/20262"}],"collection":[{"href":"https:\/\/suncasesupply.com\/de\/wp-json\/wp\/v2\/product"}],"about":[{"href":"https:\/\/suncasesupply.com\/de\/wp-json\/wp\/v2\/types\/product"}],"wp:featuredmedia":[{"embeddable":true,"href":"https:\/\/suncasesupply.com\/de\/wp-json\/wp\/v2\/media\/20263"}],"wp:attachment":[{"href":"https:\/\/suncasesupply.com\/de\/wp-json\/wp\/v2\/media?parent=20262"}],"wp:term":[{"taxonomy":"product_cat","embeddable":true,"href":"https:\/\/suncasesupply.com\/de\/wp-json\/wp\/v2\/product_cat?post=20262"},{"taxonomy":"product_tag","embeddable":true,"href":"https:\/\/suncasesupply.com\/de\/wp-json\/wp\/v2\/product_tag?post=20262"}],"curies":[{"name":"wp","href":"https:\/\/api.w.org\/{rel}","templated":true}]}}