{"id":20241,"date":"2023-08-23T16:06:36","date_gmt":"2023-08-23T08:06:36","guid":{"rendered":"https:\/\/suncasesupply.com\/?post_type=product&#038;p=20241"},"modified":"2025-02-26T11:51:28","modified_gmt":"2025-02-26T03:51:28","slug":"custom-screen-flight-case-to-hold-2-screens","status":"publish","type":"product","link":"https:\/\/suncasesupply.com\/de\/product\/custom-screen-flight-case-to-hold-2-screens\/","title":{"rendered":"Benutzerdefiniertes Bildschirm-Flightcase zur Aufnahme von 2 Bildschirmen"},"content":{"rendered":"<p>&nbsp;<\/p>\n<table width=\"774\">\n<tbody>\n<tr>\n<td width=\"177\">Artikel<\/td>\n<td width=\"597\">Flightcase<\/td>\n<\/tr>\n<tr>\n<td>Abmessungen<\/td>\n<td>Anpassen<\/td>\n<\/tr>\n<tr>\n<td>Farben<\/td>\n<td>Wie die Bilder zeigen oder anpassen<\/td>\n<\/tr>\n<tr>\n<td>Materialien<\/td>\n<td>Aluminium, Sperrholz, EVA\/Schaum\/Stoff\/PU-Futter, Hardware<\/td>\n<\/tr>\n<tr>\n<td>Logo<\/td>\n<td>Metallplattenlogo, gedrucktes Logo, gepr\u00e4gtes Logo, Laserlogo<\/td>\n<\/tr>\n<tr>\n<td>Beispielzeit<\/td>\n<td>7 Tage<\/td>\n<\/tr>\n<tr>\n<td>Verschiffungshafen<\/td>\n<td>Guangzhou, Shenzhen<\/td>\n<\/tr>\n<tr>\n<td>Handelsbedingungen<\/td>\n<td>EXW, FOB, CIF, DDU, DDP<\/td>\n<\/tr>\n<tr>\n<td>Zahlungsarten<\/td>\n<td>T\/T, Barzahlung, PayPal, Kreditkarte<\/td>\n<\/tr>\n<\/tbody>\n<\/table>\n<p><span style=\"color: #003366;\">Merkmale:<\/span><\/p>\n<p>Dieses Flightcase ist f\u00fcr die Aufnahme von zwei Bildschirmen konzipiert. Die Penn-Hardware gew\u00e4hrleistet maximalen Schutz und reduziert gleichzeitig die Au\u00dfengr\u00f6\u00dfe des Cases auf ein Minimum.<\/p>","protected":false},"excerpt":{"rendered":"<p>Modell: SC-FL0010<\/p>\n<p>Gr\u00f6\u00dfe: Kundenspezifisch<\/p>\n<p>Mindestbestellmenge: 5 St\u00fcck<\/p>\n<p>Lieferzeit: 15-25 Tage<\/p>\n<p>Probe: Verf\u00fcgbar<\/p>","protected":false},"featured_media":20242,"template":"","meta":{"_gspb_post_css":""},"product_cat":[94],"product_tag":[],"featured_image_urls":{"full":["https:\/\/suncasesupply.com\/wp-content\/uploads\/2023\/08\/1-21.jpg",1300,1110,false],"thumbnail":["https:\/\/suncasesupply.com\/wp-content\/uploads\/2023\/08\/1-21-150x150.jpg",150,150,true],"medium":["https:\/\/suncasesupply.com\/wp-content\/uploads\/2023\/08\/1-21-300x256.jpg",300,256,true],"medium_large":["https:\/\/suncasesupply.com\/wp-content\/uploads\/2023\/08\/1-21-768x656.jpg",768,656,true],"large":["https:\/\/suncasesupply.com\/wp-content\/uploads\/2023\/08\/1-21-1024x874.jpg",1024,874,true],"1536x1536":["https:\/\/suncasesupply.com\/wp-content\/uploads\/2023\/08\/1-21.jpg",1300,1110,false],"2048x2048":["https:\/\/suncasesupply.com\/wp-content\/uploads\/2023\/08\/1-21.jpg",1300,1110,false],"trp-custom-language-flag":["https:\/\/suncasesupply.com\/wp-content\/uploads\/2023\/08\/1-21.jpg",14,12,false],"woocommerce_thumbnail":["https:\/\/suncasesupply.com\/wp-content\/uploads\/2023\/08\/1-21-300x300.jpg",300,300,true],"woocommerce_single":["https:\/\/suncasesupply.com\/wp-content\/uploads\/2023\/08\/1-21-600x512.jpg",600,512,true],"woocommerce_gallery_thumbnail":["https:\/\/suncasesupply.com\/wp-content\/uploads\/2023\/08\/1-21-100x100.jpg",100,100,true]},"post_excerpt_stackable":"<p>Model : SC-FL0010<\/p>\n<p>Size: Customized<\/p>\n<p>MOQ: 5pcs<\/p>\n<p>Delivery Time : 15-25 Days<\/p>\n<p>Sample : Available<\/p>\n","category_list":"","author_info":{"name":"","url":""},"comments_num":"0 comments","_links":{"self":[{"href":"https:\/\/suncasesupply.com\/de\/wp-json\/wp\/v2\/product\/20241"}],"collection":[{"href":"https:\/\/suncasesupply.com\/de\/wp-json\/wp\/v2\/product"}],"about":[{"href":"https:\/\/suncasesupply.com\/de\/wp-json\/wp\/v2\/types\/product"}],"wp:featuredmedia":[{"embeddable":true,"href":"https:\/\/suncasesupply.com\/de\/wp-json\/wp\/v2\/media\/20242"}],"wp:attachment":[{"href":"https:\/\/suncasesupply.com\/de\/wp-json\/wp\/v2\/media?parent=20241"}],"wp:term":[{"taxonomy":"product_cat","embeddable":true,"href":"https:\/\/suncasesupply.com\/de\/wp-json\/wp\/v2\/product_cat?post=20241"},{"taxonomy":"product_tag","embeddable":true,"href":"https:\/\/suncasesupply.com\/de\/wp-json\/wp\/v2\/product_tag?post=20241"}],"curies":[{"name":"wp","href":"https:\/\/api.w.org\/{rel}","templated":true}]}}