{"id":20192,"date":"2023-08-23T14:26:02","date_gmt":"2023-08-23T06:26:02","guid":{"rendered":"https:\/\/suncasesupply.com\/?post_type=product&#038;p=20192"},"modified":"2023-08-23T14:28:09","modified_gmt":"2023-08-23T06:28:09","slug":"flight-case-to-fits-dnp-ds-rx1-photo-printer-printer-flight-storage-case","status":"publish","type":"product","link":"https:\/\/suncasesupply.com\/de\/product\/flight-case-to-fits-dnp-ds-rx1-photo-printer-printer-flight-storage-case\/","title":{"rendered":"Flightcase f\u00fcr DNP DS RX1 Fotodrucker Drucker Flug Aufbewahrungstasche"},"content":{"rendered":"<p>&nbsp;<\/p>\n<table width=\"774\">\n<tbody>\n<tr>\n<td width=\"177\">Artikel<\/td>\n<td width=\"597\">Flightcase<\/td>\n<\/tr>\n<tr>\n<td>Abmessungen<\/td>\n<td>Anpassen<\/td>\n<\/tr>\n<tr>\n<td>Farben<\/td>\n<td>Wie die Bilder zeigen oder anpassen<\/td>\n<\/tr>\n<tr>\n<td>Materialien<\/td>\n<td>Aluminium, Sperrholz, EVA\/Schaum\/Stoff\/PU-Futter, Hardware<\/td>\n<\/tr>\n<tr>\n<td>Logo<\/td>\n<td>Metallplattenlogo, gedrucktes Logo, gepr\u00e4gtes Logo, Laserlogo<\/td>\n<\/tr>\n<tr>\n<td>Beispielzeit<\/td>\n<td>7 Tage<\/td>\n<\/tr>\n<tr>\n<td>Verschiffungshafen<\/td>\n<td>Guangzhou, Shenzhen<\/td>\n<\/tr>\n<tr>\n<td>Handelsbedingungen<\/td>\n<td>EXW, FOB, CIF, DDU, DDP<\/td>\n<\/tr>\n<tr>\n<td>Zahlungsarten<\/td>\n<td>T\/T, Barzahlung, PayPal, Kreditkarte<\/td>\n<\/tr>\n<\/tbody>\n<\/table>\n<p><span style=\"color: #003366;\">Merkmale:<\/span><\/p>\n<p>Sch\u00fctzen Sie Ihre Investition in einen Fotoautomatendrucker mit dem ProX Direct XS-DNP-DSRX1.<\/p>\n<p>Diese Tasche passt zum DNP DS RX1 oder jedem anderen Fotodrucker mit den Innenma\u00dfen 13 Zoll Breite, 14 Zoll L\u00e4nge und 11,5 Zoll H\u00f6he.<\/p>\n<p>Wenn Sie eine Leidenschaft f\u00fcr Ihre Ausr\u00fcstung haben und sie jederzeit sicher aufbewahren m\u00f6chten, wird dieser Koffer jederzeit H\u00f6chstleistungen erbringen.<\/p>","protected":false},"excerpt":{"rendered":"<p>Modell: SC-FL0005<\/p>\n<p>Gr\u00f6\u00dfe: 42 * 39,4 * 39,4 cm \/ Kundenspezifisch<\/p>\n<p>Mindestbestellmenge: Niedrige Mindestbestellmenge akzeptabel<\/p>\n<p>Lieferzeit: 15-25 Tage<\/p>\n<p>Probe: Verf\u00fcgbar<\/p>","protected":false},"featured_media":20194,"template":"","meta":{"_gspb_post_css":""},"product_cat":[39],"product_tag":[],"featured_image_urls":{"full":["https:\/\/suncasesupply.com\/wp-content\/uploads\/2023\/08\/5-8.jpg",2500,2500,false],"thumbnail":["https:\/\/suncasesupply.com\/wp-content\/uploads\/2023\/08\/5-8-150x150.jpg",150,150,true],"medium":["https:\/\/suncasesupply.com\/wp-content\/uploads\/2023\/08\/5-8-300x300.jpg",300,300,true],"medium_large":["https:\/\/suncasesupply.com\/wp-content\/uploads\/2023\/08\/5-8-768x768.jpg",768,768,true],"large":["https:\/\/suncasesupply.com\/wp-content\/uploads\/2023\/08\/5-8-1024x1024.jpg",1024,1024,true],"1536x1536":["https:\/\/suncasesupply.com\/wp-content\/uploads\/2023\/08\/5-8-1536x1536.jpg",1536,1536,true],"2048x2048":["https:\/\/suncasesupply.com\/wp-content\/uploads\/2023\/08\/5-8-2048x2048.jpg",2048,2048,true],"trp-custom-language-flag":["https:\/\/suncasesupply.com\/wp-content\/uploads\/2023\/08\/5-8.jpg",12,12,false],"woocommerce_thumbnail":["https:\/\/suncasesupply.com\/wp-content\/uploads\/2023\/08\/5-8-300x300.jpg",300,300,true],"woocommerce_single":["https:\/\/suncasesupply.com\/wp-content\/uploads\/2023\/08\/5-8-600x600.jpg",600,600,true],"woocommerce_gallery_thumbnail":["https:\/\/suncasesupply.com\/wp-content\/uploads\/2023\/08\/5-8-100x100.jpg",100,100,true]},"post_excerpt_stackable":"<p>Model : SC-FL0005<\/p>\n<p>Size: 42*39.4*39.4cm \/ Customized<\/p>\n<p>MOQ: Low MOQ acceptable<\/p>\n<p>Delivery Time : 15-25 Days<\/p>\n<p>Sample : Available<\/p>\n","category_list":"","author_info":{"name":"","url":""},"comments_num":"0 comments","_links":{"self":[{"href":"https:\/\/suncasesupply.com\/de\/wp-json\/wp\/v2\/product\/20192"}],"collection":[{"href":"https:\/\/suncasesupply.com\/de\/wp-json\/wp\/v2\/product"}],"about":[{"href":"https:\/\/suncasesupply.com\/de\/wp-json\/wp\/v2\/types\/product"}],"wp:featuredmedia":[{"embeddable":true,"href":"https:\/\/suncasesupply.com\/de\/wp-json\/wp\/v2\/media\/20194"}],"wp:attachment":[{"href":"https:\/\/suncasesupply.com\/de\/wp-json\/wp\/v2\/media?parent=20192"}],"wp:term":[{"taxonomy":"product_cat","embeddable":true,"href":"https:\/\/suncasesupply.com\/de\/wp-json\/wp\/v2\/product_cat?post=20192"},{"taxonomy":"product_tag","embeddable":true,"href":"https:\/\/suncasesupply.com\/de\/wp-json\/wp\/v2\/product_tag?post=20192"}],"curies":[{"name":"wp","href":"https:\/\/api.w.org\/{rel}","templated":true}]}}