{"id":20132,"date":"2023-08-23T10:57:02","date_gmt":"2023-08-23T02:57:02","guid":{"rendered":"https:\/\/suncasesupply.com\/?post_type=product&#038;p=20132"},"modified":"2025-02-26T11:24:16","modified_gmt":"2025-02-26T03:24:16","slug":"nail-polish-carrying-bag-case-holds-24-bottles-15ml-0-5-fl-oz","status":"publish","type":"product","link":"https:\/\/suncasesupply.com\/de\/product\/nail-polish-carrying-bag-case-holds-24-bottles-15ml-0-5-fl-oz\/","title":{"rendered":"Nagellack-Tragetasche f\u00fcr 24 Flaschen (15 ml\/0,5 fl.oz)"},"content":{"rendered":"<p>&nbsp;<\/p>\n<table width=\"774\">\n<tbody>\n<tr>\n<td width=\"177\">Artikel<\/td>\n<td width=\"597\">Makeup Tasche<\/td>\n<\/tr>\n<tr>\n<td>Abmessungen<\/td>\n<td>27*18*9,4 cm oder anpassen<\/td>\n<\/tr>\n<tr>\n<td>Farben<\/td>\n<td>Wie die Bilder zeigen oder anpassen<\/td>\n<\/tr>\n<tr>\n<td>Materialien<\/td>\n<td>Oxford\/PU, Kunststoff-\/Metallrei\u00dfverschl\u00fcsse, EVA, PVC, Nylon\u2026<\/td>\n<\/tr>\n<tr>\n<td>Logo<\/td>\n<td>Metallplattenlogo, gedrucktes Logo, gepr\u00e4gtes Logo, Laserlogo<\/td>\n<\/tr>\n<tr>\n<td>Beispielzeit<\/td>\n<td>7 Tage<\/td>\n<\/tr>\n<tr>\n<td>Verschiffungshafen<\/td>\n<td>Guangzhou, Shenzhen<\/td>\n<\/tr>\n<tr>\n<td>Handelsbedingungen<\/td>\n<td>EXW, FOB, CIF, DDU, DDP<\/td>\n<\/tr>\n<tr>\n<td>Zahlungsarten<\/td>\n<td>T\/T, Barzahlung, PayPal, Kreditkarte<\/td>\n<\/tr>\n<\/tbody>\n<\/table>\n<p><span style=\"color: #003366;\">Merkmale:<\/span><\/p>\n<p>Das gut gepolsterte Design sorgt daf\u00fcr, dass die Tasche ihre Form beh\u00e4lt und bietet hervorragenden Schutz f\u00fcr Nagellacke. Wasserabweisendes Polyestermaterial sch\u00fctzt sie vor Staub und Fl\u00fcssigkeiten. (NUR TASCHE)<br \/>\nDas Hauptfach mit verstellbarem Flaschenteiler bietet Platz f\u00fcr bis zu 24 Flaschen (15 ml\/0,5 fl.oz) Nagellack (bis zu 3,6 Zoll hoch). 1 transparente Rei\u00dfverschlusstasche zur Aufbewahrung von Punktierwerkzeugen, Pinseln, Feilen, Aufklebern und anderem Manik\u00fcrezubeh\u00f6r.<\/p>","protected":false},"excerpt":{"rendered":"<p>Modell: SC-MB0012<\/p>\n<p>Gr\u00f6\u00dfe: 27 * 18 * 9,4 cm<\/p>\n<p>Mindestbestellmenge: 100 St\u00fcck<\/p>\n<p>Lieferzeit: 15-25 Tage<\/p>\n<p>Probe: Verf\u00fcgbar<\/p>","protected":false},"featured_media":20133,"template":"","meta":{"_gspb_post_css":""},"product_cat":[95],"product_tag":[],"featured_image_urls":{"full":["https:\/\/suncasesupply.com\/wp-content\/uploads\/2023\/08\/71aGYOG6LzL._SL1500_-1.jpg",1500,1500,false],"thumbnail":["https:\/\/suncasesupply.com\/wp-content\/uploads\/2023\/08\/71aGYOG6LzL._SL1500_-1-150x150.jpg",150,150,true],"medium":["https:\/\/suncasesupply.com\/wp-content\/uploads\/2023\/08\/71aGYOG6LzL._SL1500_-1-300x300.jpg",300,300,true],"medium_large":["https:\/\/suncasesupply.com\/wp-content\/uploads\/2023\/08\/71aGYOG6LzL._SL1500_-1-768x768.jpg",768,768,true],"large":["https:\/\/suncasesupply.com\/wp-content\/uploads\/2023\/08\/71aGYOG6LzL._SL1500_-1-1024x1024.jpg",1024,1024,true],"1536x1536":["https:\/\/suncasesupply.com\/wp-content\/uploads\/2023\/08\/71aGYOG6LzL._SL1500_-1.jpg",1500,1500,false],"2048x2048":["https:\/\/suncasesupply.com\/wp-content\/uploads\/2023\/08\/71aGYOG6LzL._SL1500_-1.jpg",1500,1500,false],"trp-custom-language-flag":["https:\/\/suncasesupply.com\/wp-content\/uploads\/2023\/08\/71aGYOG6LzL._SL1500_-1.jpg",12,12,false],"woocommerce_thumbnail":["https:\/\/suncasesupply.com\/wp-content\/uploads\/2023\/08\/71aGYOG6LzL._SL1500_-1-300x300.jpg",300,300,true],"woocommerce_single":["https:\/\/suncasesupply.com\/wp-content\/uploads\/2023\/08\/71aGYOG6LzL._SL1500_-1-600x600.jpg",600,600,true],"woocommerce_gallery_thumbnail":["https:\/\/suncasesupply.com\/wp-content\/uploads\/2023\/08\/71aGYOG6LzL._SL1500_-1-100x100.jpg",100,100,true]},"post_excerpt_stackable":"<p>Model : SC-MB0012<\/p>\n<p>Size: 27*18*9.4cm<\/p>\n<p>MOQ: 100pcs<\/p>\n<p>Delivery Time : 15-25 Days<\/p>\n<p>Sample : Available<\/p>\n","category_list":"","author_info":{"name":"","url":""},"comments_num":"0 comments","_links":{"self":[{"href":"https:\/\/suncasesupply.com\/de\/wp-json\/wp\/v2\/product\/20132"}],"collection":[{"href":"https:\/\/suncasesupply.com\/de\/wp-json\/wp\/v2\/product"}],"about":[{"href":"https:\/\/suncasesupply.com\/de\/wp-json\/wp\/v2\/types\/product"}],"wp:featuredmedia":[{"embeddable":true,"href":"https:\/\/suncasesupply.com\/de\/wp-json\/wp\/v2\/media\/20133"}],"wp:attachment":[{"href":"https:\/\/suncasesupply.com\/de\/wp-json\/wp\/v2\/media?parent=20132"}],"wp:term":[{"taxonomy":"product_cat","embeddable":true,"href":"https:\/\/suncasesupply.com\/de\/wp-json\/wp\/v2\/product_cat?post=20132"},{"taxonomy":"product_tag","embeddable":true,"href":"https:\/\/suncasesupply.com\/de\/wp-json\/wp\/v2\/product_tag?post=20132"}],"curies":[{"name":"wp","href":"https:\/\/api.w.org\/{rel}","templated":true}]}}