{"id":20088,"date":"2023-08-23T09:48:28","date_gmt":"2023-08-23T01:48:28","guid":{"rendered":"https:\/\/suncasesupply.com\/?post_type=product&#038;p=20088"},"modified":"2025-02-26T11:25:24","modified_gmt":"2025-02-26T03:25:24","slug":"travel-makeup-train-case-professional-large-makeup-case-portable-artist-storage-bag-with-mirror","status":"publish","type":"product","link":"https:\/\/suncasesupply.com\/de\/product\/travel-makeup-train-case-professional-large-makeup-case-portable-artist-storage-bag-with-mirror\/","title":{"rendered":"Reise-Make-up-Zugkoffer, professioneller gro\u00dfer Make-up-Koffer, tragbare K\u00fcnstler-Aufbewahrungstasche mit Spiegel"},"content":{"rendered":"<p>&nbsp;<\/p>\n<table width=\"774\">\n<tbody>\n<tr>\n<td width=\"177\">Artikel<\/td>\n<td width=\"597\">Makeup Tasche<\/td>\n<\/tr>\n<tr>\n<td>Abmessungen<\/td>\n<td>40*28*14cm oder anpassen<\/td>\n<\/tr>\n<tr>\n<td>Farben<\/td>\n<td>Wie die Bilder zeigen oder anpassen<\/td>\n<\/tr>\n<tr>\n<td>Materialien<\/td>\n<td>Oxford\/PU, Kunststoff-\/Metallrei\u00dfverschl\u00fcsse, EVA, PVC, Nylon\u2026<\/td>\n<\/tr>\n<tr>\n<td>Logo<\/td>\n<td>Metallplattenlogo, gedrucktes Logo, gepr\u00e4gtes Logo, Laserlogo<\/td>\n<\/tr>\n<tr>\n<td>Beispielzeit<\/td>\n<td>7 Tage<\/td>\n<\/tr>\n<tr>\n<td>Verschiffungshafen<\/td>\n<td>Guangzhou, Shenzhen<\/td>\n<\/tr>\n<tr>\n<td>Handelsbedingungen<\/td>\n<td>EXW, FOB, CIF, DDU, DDP<\/td>\n<\/tr>\n<tr>\n<td>Zahlungsarten<\/td>\n<td>T\/T, Barzahlung, PayPal, Kreditkarte<\/td>\n<\/tr>\n<\/tbody>\n<\/table>\n<p><span style=\"color: #003366;\">Merkmale:<\/span><\/p>\n<p>Die Au\u00dfenseite dieser professionellen Kosmetiktasche besteht aus hochwertigem Oxford-Stoff, w\u00e4hrend die Innenseite mit EVA-Schaumstoff ausgekleidet ist, der wasserdicht, schmutzabweisend, extrusionsbest\u00e4ndig und nicht leicht zu verformen ist. Der Rei\u00dfverschlusskettenkopf ist verzinkt, um Korrosionsbest\u00e4ndigkeit zu gew\u00e4hrleisten und ein Ausbleichen zu verhindern.<br \/>\nDiese Kosmetiktasche ist mit Schultergurten ausgestattet, sodass sie als Umh\u00e4ngetasche oder Rucksack verwendet werden kann. F\u00fcr einen noch einfacheren Transport kann sie auch an einem Trolley befestigt werden. Damit ist sie perfekt f\u00fcr Gesch\u00e4ftsreisen oder jede andere Situation, in der Sie Ihr Make-up bei sich tragen m\u00fcssen.<\/p>","protected":false},"excerpt":{"rendered":"<p>Modell: SC-MB0006<\/p>\n<p>Gr\u00f6\u00dfe: 40*28*14cm<\/p>\n<p>Mindestbestellmenge: 100 St\u00fcck<\/p>\n<p>Lieferzeit: 15-25 Tage<\/p>\n<p>Probe: Verf\u00fcgbar<\/p>","protected":false},"featured_media":20089,"template":"","meta":{"_gspb_post_css":""},"product_cat":[95],"product_tag":[],"featured_image_urls":{"full":["https:\/\/suncasesupply.com\/wp-content\/uploads\/2023\/08\/519qo0YCVZL._AC_.jpg",679,679,false],"thumbnail":["https:\/\/suncasesupply.com\/wp-content\/uploads\/2023\/08\/519qo0YCVZL._AC_-150x150.jpg",150,150,true],"medium":["https:\/\/suncasesupply.com\/wp-content\/uploads\/2023\/08\/519qo0YCVZL._AC_-300x300.jpg",300,300,true],"medium_large":["https:\/\/suncasesupply.com\/wp-content\/uploads\/2023\/08\/519qo0YCVZL._AC_.jpg",679,679,false],"large":["https:\/\/suncasesupply.com\/wp-content\/uploads\/2023\/08\/519qo0YCVZL._AC_.jpg",679,679,false],"1536x1536":["https:\/\/suncasesupply.com\/wp-content\/uploads\/2023\/08\/519qo0YCVZL._AC_.jpg",679,679,false],"2048x2048":["https:\/\/suncasesupply.com\/wp-content\/uploads\/2023\/08\/519qo0YCVZL._AC_.jpg",679,679,false],"trp-custom-language-flag":["https:\/\/suncasesupply.com\/wp-content\/uploads\/2023\/08\/519qo0YCVZL._AC_.jpg",12,12,false],"woocommerce_thumbnail":["https:\/\/suncasesupply.com\/wp-content\/uploads\/2023\/08\/519qo0YCVZL._AC_-300x300.jpg",300,300,true],"woocommerce_single":["https:\/\/suncasesupply.com\/wp-content\/uploads\/2023\/08\/519qo0YCVZL._AC_-600x600.jpg",600,600,true],"woocommerce_gallery_thumbnail":["https:\/\/suncasesupply.com\/wp-content\/uploads\/2023\/08\/519qo0YCVZL._AC_-100x100.jpg",100,100,true]},"post_excerpt_stackable":"<p>Model : SC-MB0006<\/p>\n<p>Size:\u00a0 40*28*14cm<\/p>\n<p>MOQ: 100pcs<\/p>\n<p>Delivery Time : 15-25 Days<\/p>\n<p>Sample : Available<\/p>\n","category_list":"","author_info":{"name":"","url":""},"comments_num":"0 comments","_links":{"self":[{"href":"https:\/\/suncasesupply.com\/de\/wp-json\/wp\/v2\/product\/20088"}],"collection":[{"href":"https:\/\/suncasesupply.com\/de\/wp-json\/wp\/v2\/product"}],"about":[{"href":"https:\/\/suncasesupply.com\/de\/wp-json\/wp\/v2\/types\/product"}],"wp:featuredmedia":[{"embeddable":true,"href":"https:\/\/suncasesupply.com\/de\/wp-json\/wp\/v2\/media\/20089"}],"wp:attachment":[{"href":"https:\/\/suncasesupply.com\/de\/wp-json\/wp\/v2\/media?parent=20088"}],"wp:term":[{"taxonomy":"product_cat","embeddable":true,"href":"https:\/\/suncasesupply.com\/de\/wp-json\/wp\/v2\/product_cat?post=20088"},{"taxonomy":"product_tag","embeddable":true,"href":"https:\/\/suncasesupply.com\/de\/wp-json\/wp\/v2\/product_tag?post=20088"}],"curies":[{"name":"wp","href":"https:\/\/api.w.org\/{rel}","templated":true}]}}