{"id":20066,"date":"2023-08-22T18:02:50","date_gmt":"2023-08-22T10:02:50","guid":{"rendered":"https:\/\/suncasesupply.com\/?post_type=product&#038;p=20066"},"modified":"2025-02-26T11:26:22","modified_gmt":"2025-02-26T03:26:22","slug":"pu-makeup-case-with-eva-dividers-portable-professional-artist-bag-travel-train-cosmetic-bag","status":"publish","type":"product","link":"https:\/\/suncasesupply.com\/de\/product\/pu-makeup-case-with-eva-dividers-portable-professional-artist-bag-travel-train-cosmetic-bag\/","title":{"rendered":"PU-Make-up-Koffer mit EVA-Trennw\u00e4nden, tragbare, professionelle K\u00fcnstlertasche, Kosmetiktasche f\u00fcr Reisen"},"content":{"rendered":"<p>&nbsp;<\/p>\n<table width=\"774\">\n<tbody>\n<tr>\n<td width=\"177\">Artikel<\/td>\n<td width=\"597\">Makeup Tasche<\/td>\n<\/tr>\n<tr>\n<td>Abmessungen<\/td>\n<td>40*28*14cm oder anpassen<\/td>\n<\/tr>\n<tr>\n<td>Farben<\/td>\n<td>Wie die Bilder zeigen oder anpassen<\/td>\n<\/tr>\n<tr>\n<td>Materialien<\/td>\n<td>Oxford\/PU, Kunststoff-\/Metallrei\u00dfverschl\u00fcsse, EVA, PVC, Nylon\u2026<\/td>\n<\/tr>\n<tr>\n<td>Logo<\/td>\n<td>Metallplattenlogo, gedrucktes Logo, gepr\u00e4gtes Logo, Laserlogo<\/td>\n<\/tr>\n<tr>\n<td>Beispielzeit<\/td>\n<td>7 Tage<\/td>\n<\/tr>\n<tr>\n<td>Verschiffungshafen<\/td>\n<td>Guangzhou, Shenzhen<\/td>\n<\/tr>\n<tr>\n<td>Handelsbedingungen<\/td>\n<td>EXW, FOB, CIF, DDU, DDP<\/td>\n<\/tr>\n<tr>\n<td>Zahlungsarten<\/td>\n<td>T\/T, Barzahlung, PayPal, Kreditkarte<\/td>\n<\/tr>\n<\/tbody>\n<\/table>\n<p><span style=\"color: #003366;\">Merkmale:<\/span><\/p>\n<p>Diese Make-up-Tasche besteht aus hochwertigem PU und bietet ausreichend Platz f\u00fcr die Aufbewahrung Ihres Make-ups und Ihrer Kosmetikaccessoires wie Lippenstift, Lipgloss, Make-up-Pinsel, Lidschatten, Make-up-Paletten, Haarb\u00fcrsten, Hautpflegeprodukte, Nagellack, Nagelkunstwerkzeuge und Shampoo und so nein.<br \/>\nMit F\u00e4chern und Schlitzen f\u00fcr Make-up-Pinsel k\u00f6nnen Sie Ihre Make-up-Utensilien ordentlich und aufger\u00e4umt aufbewahren. Speziell gestaltete, verstellbare F\u00e4cher k\u00f6nnen Sie nach Bedarf anpassen. Sie k\u00f6nnen nicht nur Ihre Kosmetikutensilien verstauen, sondern auch Schmuck, elektronisches Zubeh\u00f6r, Kamera, \u00e4therisches \u00d6l, Toilettenartikel, Rasierzeug, Wertgegenst\u00e4nde und so weiter.<br \/>\nKaufen Sie es mit<\/p>","protected":false},"excerpt":{"rendered":"<p>Modell: SC-MB0003<\/p>\n<p>Gr\u00f6\u00dfe: 40*28*14cm<\/p>\n<p>Mindestbestellmenge: 100 St\u00fcck<\/p>\n<p>Lieferzeit: 15-25 Tage<\/p>\n<p>Probe: Verf\u00fcgbar<\/p>","protected":false},"featured_media":20067,"template":"","meta":{"_gspb_post_css":""},"product_cat":[95],"product_tag":[],"featured_image_urls":{"full":["https:\/\/suncasesupply.com\/wp-content\/uploads\/2023\/08\/7-4.jpg",1472,1429,false],"thumbnail":["https:\/\/suncasesupply.com\/wp-content\/uploads\/2023\/08\/7-4-150x150.jpg",150,150,true],"medium":["https:\/\/suncasesupply.com\/wp-content\/uploads\/2023\/08\/7-4-300x291.jpg",300,291,true],"medium_large":["https:\/\/suncasesupply.com\/wp-content\/uploads\/2023\/08\/7-4-768x746.jpg",768,746,true],"large":["https:\/\/suncasesupply.com\/wp-content\/uploads\/2023\/08\/7-4-1024x994.jpg",1024,994,true],"1536x1536":["https:\/\/suncasesupply.com\/wp-content\/uploads\/2023\/08\/7-4.jpg",1472,1429,false],"2048x2048":["https:\/\/suncasesupply.com\/wp-content\/uploads\/2023\/08\/7-4.jpg",1472,1429,false],"trp-custom-language-flag":["https:\/\/suncasesupply.com\/wp-content\/uploads\/2023\/08\/7-4.jpg",12,12,false],"woocommerce_thumbnail":["https:\/\/suncasesupply.com\/wp-content\/uploads\/2023\/08\/7-4-300x300.jpg",300,300,true],"woocommerce_single":["https:\/\/suncasesupply.com\/wp-content\/uploads\/2023\/08\/7-4-600x582.jpg",600,582,true],"woocommerce_gallery_thumbnail":["https:\/\/suncasesupply.com\/wp-content\/uploads\/2023\/08\/7-4-100x100.jpg",100,100,true]},"post_excerpt_stackable":"<p>Model : SC-MB0003<\/p>\n<p>Size: \u00a040*28*14cm<\/p>\n<p>MOQ: 100pcs<\/p>\n<p>Delivery Time : 15-25 Days<\/p>\n<p>Sample : Available<\/p>\n","category_list":"","author_info":{"name":"","url":""},"comments_num":"0 comments","_links":{"self":[{"href":"https:\/\/suncasesupply.com\/de\/wp-json\/wp\/v2\/product\/20066"}],"collection":[{"href":"https:\/\/suncasesupply.com\/de\/wp-json\/wp\/v2\/product"}],"about":[{"href":"https:\/\/suncasesupply.com\/de\/wp-json\/wp\/v2\/types\/product"}],"wp:featuredmedia":[{"embeddable":true,"href":"https:\/\/suncasesupply.com\/de\/wp-json\/wp\/v2\/media\/20067"}],"wp:attachment":[{"href":"https:\/\/suncasesupply.com\/de\/wp-json\/wp\/v2\/media?parent=20066"}],"wp:term":[{"taxonomy":"product_cat","embeddable":true,"href":"https:\/\/suncasesupply.com\/de\/wp-json\/wp\/v2\/product_cat?post=20066"},{"taxonomy":"product_tag","embeddable":true,"href":"https:\/\/suncasesupply.com\/de\/wp-json\/wp\/v2\/product_tag?post=20066"}],"curies":[{"name":"wp","href":"https:\/\/api.w.org\/{rel}","templated":true}]}}