{"id":20051,"date":"2023-08-22T17:29:57","date_gmt":"2023-08-22T09:29:57","guid":{"rendered":"https:\/\/suncasesupply.com\/?post_type=product&#038;p=20051"},"modified":"2025-02-20T11:09:59","modified_gmt":"2025-02-20T03:09:59","slug":"aluminum-hard-grooming-case-horse-beauty-case","status":"publish","type":"product","link":"https:\/\/suncasesupply.com\/de\/product\/aluminum-hard-grooming-case-horse-beauty-case\/","title":{"rendered":"Hartschalen-Pflegekoffer aus Aluminium f\u00fcr Pferde"},"content":{"rendered":"<p>&nbsp;<\/p>\n<table width=\"774\">\n<tbody>\n<tr>\n<td width=\"177\">Artikel<\/td>\n<td width=\"597\">Pflegekoffer aus Aluminium<\/td>\n<\/tr>\n<tr>\n<td>Abmessungen<\/td>\n<td>38 x 28 x 30 cm oder individuell anpassen<\/td>\n<\/tr>\n<tr>\n<td>Farben<\/td>\n<td>Wie die Bilder zeigen oder anpassen<\/td>\n<\/tr>\n<tr>\n<td>Materialien<\/td>\n<td>Aluminium, ABS-Platte, MDF-Platte, EVA\/Schaum\/Stoff\/PU-Futter, Hardware<\/td>\n<\/tr>\n<tr>\n<td>Logo<\/td>\n<td>Metallplattenlogo, gedrucktes Logo, gepr\u00e4gtes Logo, Laserlogo<\/td>\n<\/tr>\n<tr>\n<td>Beispielzeit<\/td>\n<td>7 Tage<\/td>\n<\/tr>\n<tr>\n<td>Verschiffungshafen<\/td>\n<td>Guangzhou, Shenzhen<\/td>\n<\/tr>\n<tr>\n<td>Handelsbedingungen<\/td>\n<td>EXW, FOB, CIF, DDU, DDP<\/td>\n<\/tr>\n<tr>\n<td>Zahlungsarten<\/td>\n<td>T\/T, Barzahlung, PayPal, Kreditkarte<\/td>\n<\/tr>\n<\/tbody>\n<\/table>\n<p><span style=\"color: #003366;\">Merkmale:<\/span><\/p>\n<ul>\n<li>Jede Menge Stauraum \u2013 die Putzbox ist \u00e4u\u00dferst ger\u00e4umig und bietet die M\u00f6glichkeit, s\u00e4mtliche Putzutensilien bequem aufzubewahren. Sogar hohe Flaschen k\u00f6nnen Sie aufrecht hinstellen.<\/li>\n<li>Alles in Ordnung, denn die Box verf\u00fcgt \u00fcber zwei variable Trennw\u00e4nde und eine Ablage f\u00fcr Kleinteile wie Hufkratzer, M\u00e4hnengummis, Schw\u00e4mme.<\/li>\n<li>Immer sicher und stabil \u2013 Die Alu-Rahmenbox sch\u00fctzt den Inhalt und zwei Schl\u00f6sser garantieren einen sicheren Verschluss, sodass nichts verloren geht.<\/li>\n<li>Super angenehm zu tragen, mit Hilfe des verst\u00e4rkten Griffs l\u00e4sst sich die Putzbox einfach und bequem tragen<\/li>\n<li>Gr\u00f6\u00dfe: 38 x 28 x 30 cm<\/li>\n<\/ul>","protected":false},"excerpt":{"rendered":"<p>Modell: SC-GC0004<\/p>\n<p>Gr\u00f6\u00dfe: 38 x 28 x 30 cm<\/p>\n<p>Mindestbestellmenge: 100 St\u00fcck<\/p>\n<p>Lieferzeit: 15-25 Tage<\/p>\n<p>Probe: Verf\u00fcgbar<\/p>","protected":false},"featured_media":20052,"template":"","meta":{"_gspb_post_css":""},"product_cat":[86],"product_tag":[],"featured_image_urls":{"full":["https:\/\/suncasesupply.com\/wp-content\/uploads\/2023\/08\/horsegroomingbox_64bf9a49-0b1d-45a2-9eb5-a576e2c24e3f_1800x1800.webp",600,513,false],"thumbnail":["https:\/\/suncasesupply.com\/wp-content\/uploads\/2023\/08\/horsegroomingbox_64bf9a49-0b1d-45a2-9eb5-a576e2c24e3f_1800x1800-150x150.webp",150,150,true],"medium":["https:\/\/suncasesupply.com\/wp-content\/uploads\/2023\/08\/horsegroomingbox_64bf9a49-0b1d-45a2-9eb5-a576e2c24e3f_1800x1800-300x257.webp",300,257,true],"medium_large":["https:\/\/suncasesupply.com\/wp-content\/uploads\/2023\/08\/horsegroomingbox_64bf9a49-0b1d-45a2-9eb5-a576e2c24e3f_1800x1800.webp",600,513,false],"large":["https:\/\/suncasesupply.com\/wp-content\/uploads\/2023\/08\/horsegroomingbox_64bf9a49-0b1d-45a2-9eb5-a576e2c24e3f_1800x1800.webp",600,513,false],"1536x1536":["https:\/\/suncasesupply.com\/wp-content\/uploads\/2023\/08\/horsegroomingbox_64bf9a49-0b1d-45a2-9eb5-a576e2c24e3f_1800x1800.webp",600,513,false],"2048x2048":["https:\/\/suncasesupply.com\/wp-content\/uploads\/2023\/08\/horsegroomingbox_64bf9a49-0b1d-45a2-9eb5-a576e2c24e3f_1800x1800.webp",600,513,false],"trp-custom-language-flag":["https:\/\/suncasesupply.com\/wp-content\/uploads\/2023\/08\/horsegroomingbox_64bf9a49-0b1d-45a2-9eb5-a576e2c24e3f_1800x1800.webp",14,12,false],"woocommerce_thumbnail":["https:\/\/suncasesupply.com\/wp-content\/uploads\/2023\/08\/horsegroomingbox_64bf9a49-0b1d-45a2-9eb5-a576e2c24e3f_1800x1800-300x300.webp",300,300,true],"woocommerce_single":["https:\/\/suncasesupply.com\/wp-content\/uploads\/2023\/08\/horsegroomingbox_64bf9a49-0b1d-45a2-9eb5-a576e2c24e3f_1800x1800.webp",600,513,false],"woocommerce_gallery_thumbnail":["https:\/\/suncasesupply.com\/wp-content\/uploads\/2023\/08\/horsegroomingbox_64bf9a49-0b1d-45a2-9eb5-a576e2c24e3f_1800x1800-100x100.webp",100,100,true]},"post_excerpt_stackable":"<p>Model : SC-GC0004<\/p>\n<p>Size: 38 x 28 x 30 cm<\/p>\n<p>MOQ: 100pcs<\/p>\n<p>Delivery Time : 15-25 Days<\/p>\n<p>Sample : Available<\/p>\n","category_list":"","author_info":{"name":"","url":""},"comments_num":"0 comments","_links":{"self":[{"href":"https:\/\/suncasesupply.com\/de\/wp-json\/wp\/v2\/product\/20051"}],"collection":[{"href":"https:\/\/suncasesupply.com\/de\/wp-json\/wp\/v2\/product"}],"about":[{"href":"https:\/\/suncasesupply.com\/de\/wp-json\/wp\/v2\/types\/product"}],"wp:featuredmedia":[{"embeddable":true,"href":"https:\/\/suncasesupply.com\/de\/wp-json\/wp\/v2\/media\/20052"}],"wp:attachment":[{"href":"https:\/\/suncasesupply.com\/de\/wp-json\/wp\/v2\/media?parent=20051"}],"wp:term":[{"taxonomy":"product_cat","embeddable":true,"href":"https:\/\/suncasesupply.com\/de\/wp-json\/wp\/v2\/product_cat?post=20051"},{"taxonomy":"product_tag","embeddable":true,"href":"https:\/\/suncasesupply.com\/de\/wp-json\/wp\/v2\/product_tag?post=20051"}],"curies":[{"name":"wp","href":"https:\/\/api.w.org\/{rel}","templated":true}]}}