{"id":20037,"date":"2023-08-22T17:04:54","date_gmt":"2023-08-22T09:04:54","guid":{"rendered":"https:\/\/suncasesupply.com\/?post_type=product&#038;p=20037"},"modified":"2025-02-20T14:48:18","modified_gmt":"2025-02-20T06:48:18","slug":"vinyl-record-case-aluminum-carry-lp-collections-storage-case-for-12-lps-25-lps","status":"publish","type":"product","link":"https:\/\/suncasesupply.com\/de\/product\/vinyl-record-case-aluminum-carry-lp-collections-storage-case-for-12-lps-25-lps\/","title":{"rendered":"Schallplattenh\u00fclle aus Aluminium, Aufbewahrungsh\u00fclle f\u00fcr LP-Sammlungen, f\u00fcr 12\u2033-LPs (25 LPs)"},"content":{"rendered":"<p>&nbsp;<\/p>\n<table width=\"774\">\n<tbody>\n<tr>\n<td width=\"177\">Artikel<\/td>\n<td width=\"597\">Aluminium LP-Case<\/td>\n<\/tr>\n<tr>\n<td>Abmessungen<\/td>\n<td>36 x 12 x 36 cm oder individuell anpassen<\/td>\n<\/tr>\n<tr>\n<td>Farben<\/td>\n<td>Wie die Bilder zeigen oder anpassen<\/td>\n<\/tr>\n<tr>\n<td>Materialien<\/td>\n<td>Aluminium, ABS-Platte, MDF-Platte, EVA\/Schaum\/Stoff\/PU-Futter, Hardware<\/td>\n<\/tr>\n<tr>\n<td>Logo<\/td>\n<td>Metallplattenlogo, gedrucktes Logo, gepr\u00e4gtes Logo, Laserlogo<\/td>\n<\/tr>\n<tr>\n<td>Beispielzeit<\/td>\n<td>7 Tage<\/td>\n<\/tr>\n<tr>\n<td>Verschiffungshafen<\/td>\n<td>Guangzhou, Shenzhen<\/td>\n<\/tr>\n<tr>\n<td>Handelsbedingungen<\/td>\n<td>EXW, FOB, CIF, DDU, DDP<\/td>\n<\/tr>\n<tr>\n<td>Zahlungsarten<\/td>\n<td>T\/T, Barzahlung, PayPal, Kreditkarte<\/td>\n<\/tr>\n<\/tbody>\n<\/table>\n<p><span style=\"color: #003366;\">Merkmale:<\/span><\/p>\n<p>Dieses 12\u2033 Record Case ist f\u00fcr die Archivierung und den Transport von maximal 25 12-Zoll-LPs konzipiert. Dieses Format ist die kompakteste L\u00f6sung der Serie und eignet sich ideal zur Aufbewahrung von Rarit\u00e4ten. Der Deckel des Record Case ist fest auf zwei Metallscharnieren montiert, ein Schnappschloss mit Schl\u00fcssel sch\u00fctzt vor Diebstahl einzelner Schallplatten.<\/p>\n<p>Trotz der stabilen Bauweise weist der Plattenkoffer ein geringes Eigengewicht auf und durch den aufgesetzten Koffergriff l\u00e4sst sich die Box problemlos stapeln. Die Konstruktion aus Aluminium, kunststoffbeschichteten MDF-Platten, Nieten und weicher Polsterung im Inneren sorgt f\u00fcr optimalen Schutz der Schallplatten. Der DJ-Plattenkoffer ist in drei Farbvarianten erh\u00e4ltlich: Silber\/Silber, Silber\/Schwarz und Schwarz\/Schwarz.<\/p>","protected":false},"excerpt":{"rendered":"<p>Modell: SC-LP0009<\/p>\n<p>Gr\u00f6\u00dfe: 36 x 12 x 36 cm<\/p>\n<p>Kapazit\u00e4t: 25 12\u2033-LPs<\/p>\n<p>Mindestbestellmenge: 100 St\u00fcck<\/p>\n<p>Lieferzeit: 15-25 Tage<\/p>\n<p>Probe: Verf\u00fcgbar<\/p>","protected":false},"featured_media":20038,"template":"","meta":{"_gspb_post_css":""},"product_cat":[83],"product_tag":[],"featured_image_urls":{"full":["https:\/\/suncasesupply.com\/wp-content\/uploads\/2023\/08\/1-vinyl-case-12-record-case-25-lps-black-black.webp",970,970,false],"thumbnail":["https:\/\/suncasesupply.com\/wp-content\/uploads\/2023\/08\/1-vinyl-case-12-record-case-25-lps-black-black-150x150.webp",150,150,true],"medium":["https:\/\/suncasesupply.com\/wp-content\/uploads\/2023\/08\/1-vinyl-case-12-record-case-25-lps-black-black-300x300.webp",300,300,true],"medium_large":["https:\/\/suncasesupply.com\/wp-content\/uploads\/2023\/08\/1-vinyl-case-12-record-case-25-lps-black-black-768x768.webp",768,768,true],"large":["https:\/\/suncasesupply.com\/wp-content\/uploads\/2023\/08\/1-vinyl-case-12-record-case-25-lps-black-black.webp",970,970,false],"1536x1536":["https:\/\/suncasesupply.com\/wp-content\/uploads\/2023\/08\/1-vinyl-case-12-record-case-25-lps-black-black.webp",970,970,false],"2048x2048":["https:\/\/suncasesupply.com\/wp-content\/uploads\/2023\/08\/1-vinyl-case-12-record-case-25-lps-black-black.webp",970,970,false],"trp-custom-language-flag":["https:\/\/suncasesupply.com\/wp-content\/uploads\/2023\/08\/1-vinyl-case-12-record-case-25-lps-black-black.webp",12,12,false],"woocommerce_thumbnail":["https:\/\/suncasesupply.com\/wp-content\/uploads\/2023\/08\/1-vinyl-case-12-record-case-25-lps-black-black-300x300.webp",300,300,true],"woocommerce_single":["https:\/\/suncasesupply.com\/wp-content\/uploads\/2023\/08\/1-vinyl-case-12-record-case-25-lps-black-black-600x600.webp",600,600,true],"woocommerce_gallery_thumbnail":["https:\/\/suncasesupply.com\/wp-content\/uploads\/2023\/08\/1-vinyl-case-12-record-case-25-lps-black-black-100x100.webp",100,100,true]},"post_excerpt_stackable":"<p>Model : SC-LP0009<\/p>\n<p>Size: 36 x 12 x 36 cm<\/p>\n<p>Capacity: 25 12&#8243; LPs<\/p>\n<p>MOQ: 100pcs<\/p>\n<p>Delivery Time : 15-25 Days<\/p>\n<p>Sample : Available<\/p>\n","category_list":"","author_info":{"name":"","url":""},"comments_num":"0 comments","_links":{"self":[{"href":"https:\/\/suncasesupply.com\/de\/wp-json\/wp\/v2\/product\/20037"}],"collection":[{"href":"https:\/\/suncasesupply.com\/de\/wp-json\/wp\/v2\/product"}],"about":[{"href":"https:\/\/suncasesupply.com\/de\/wp-json\/wp\/v2\/types\/product"}],"wp:featuredmedia":[{"embeddable":true,"href":"https:\/\/suncasesupply.com\/de\/wp-json\/wp\/v2\/media\/20038"}],"wp:attachment":[{"href":"https:\/\/suncasesupply.com\/de\/wp-json\/wp\/v2\/media?parent=20037"}],"wp:term":[{"taxonomy":"product_cat","embeddable":true,"href":"https:\/\/suncasesupply.com\/de\/wp-json\/wp\/v2\/product_cat?post=20037"},{"taxonomy":"product_tag","embeddable":true,"href":"https:\/\/suncasesupply.com\/de\/wp-json\/wp\/v2\/product_tag?post=20037"}],"curies":[{"name":"wp","href":"https:\/\/api.w.org\/{rel}","templated":true}]}}