{"id":20020,"date":"2023-08-22T16:50:26","date_gmt":"2023-08-22T08:50:26","guid":{"rendered":"https:\/\/suncasesupply.com\/?post_type=product&#038;p=20020"},"modified":"2025-02-20T14:49:01","modified_gmt":"2025-02-20T06:49:01","slug":"aluminum-lp-storage-case-carry-hard-vinyl-record-case-12-100-lps","status":"publish","type":"product","link":"https:\/\/suncasesupply.com\/de\/product\/aluminum-lp-storage-case-carry-hard-vinyl-record-case-12-100-lps\/","title":{"rendered":"Aluminium-LP-Aufbewahrungskoffer, Hartschalenkoffer f\u00fcr Schallplatten, 12\u2033, 100 LPs"},"content":{"rendered":"<p>&nbsp;<\/p>\n<table width=\"774\">\n<tbody>\n<tr>\n<td width=\"177\">Artikel<\/td>\n<td width=\"597\">Aluminiumgeh\u00e4use<\/td>\n<\/tr>\n<tr>\n<td>Abmessungen<\/td>\n<td>36*36*36cm oder anpassen<\/td>\n<\/tr>\n<tr>\n<td>Farben<\/td>\n<td>Wie die Bilder zeigen oder anpassen<\/td>\n<\/tr>\n<tr>\n<td>Materialien<\/td>\n<td>Aluminium, ABS-Platte, MDF-Platte, EVA\/Schaum\/Stoff\/PU-Futter, Hardware<\/td>\n<\/tr>\n<tr>\n<td>Logo<\/td>\n<td>Metallplattenlogo, gedrucktes Logo, gepr\u00e4gtes Logo, Laserlogo<\/td>\n<\/tr>\n<tr>\n<td>Beispielzeit<\/td>\n<td>7 Tage<\/td>\n<\/tr>\n<tr>\n<td>Verschiffungshafen<\/td>\n<td>Guangzhou, Shenzhen<\/td>\n<\/tr>\n<tr>\n<td>Handelsbedingungen<\/td>\n<td>EXW, FOB, CIF, DDU, DDP<\/td>\n<\/tr>\n<tr>\n<td>Zahlungsarten<\/td>\n<td>T\/T, Barzahlung, PayPal, Kreditkarte<\/td>\n<\/tr>\n<\/tbody>\n<\/table>\n<p><span style=\"color: #003366;\">Merkmale:<\/span><\/p>\n<p>Dieses 12\u201c Plattencase ist eine 50\/50 Splitbox, die die idealen Features f\u00fcr ein gelungenes DJ-Set bietet. Der Deckel des DJ Plattencases l\u00e4sst sich ganz einfach abnehmen und beim DJing als zweite Registerbox verwenden. Der Deckel ist zudem mit rutschfesten F\u00fc\u00dfen ausgestattet, die einen sicheren Stand gew\u00e4hrleisten.<\/p>\n<p>Der stabile Butterfly-Verschluss sch\u00fctzt vor Diebstahl. Dank einer hochwertigen Konstruktion des Plattenkoffers aus Aluminium, kunststoffbeschichteten MDF-Platten und Nieten werden St\u00f6\u00dfe, Hitze und Licht von den Schallplatten abgeschirmt. Eine weiche Innenpolsterung bietet zus\u00e4tzlichen Schutz vor St\u00f6\u00dfen. Der Tragegriff des Plattenkoffers ist fl\u00e4chenb\u00fcndig eingelassen, weshalb die Aluminium-Plattenkoffer stapelbar sind<\/p>","protected":false},"excerpt":{"rendered":"<p>Modell: SC-LP0007<\/p>\n<p>Gr\u00f6\u00dfe: 36 * 36 * 36 cm<\/p>\n<p>Kapazit\u00e4t: 100 12\u2033-LPs<\/p>\n<p>Mindestbestellmenge: 100 St\u00fcck<\/p>\n<p>Lieferzeit: 15-25 Tage<\/p>\n<p>Probe: Verf\u00fcgbar<\/p>","protected":false},"featured_media":20021,"template":"","meta":{"_gspb_post_css":""},"product_cat":[83],"product_tag":[],"featured_image_urls":{"full":["https:\/\/suncasesupply.com\/wp-content\/uploads\/2023\/08\/1-vinyl-case-12-record-case-100-lps-silver-black-1.webp",970,970,false],"thumbnail":["https:\/\/suncasesupply.com\/wp-content\/uploads\/2023\/08\/1-vinyl-case-12-record-case-100-lps-silver-black-1-150x150.webp",150,150,true],"medium":["https:\/\/suncasesupply.com\/wp-content\/uploads\/2023\/08\/1-vinyl-case-12-record-case-100-lps-silver-black-1-300x300.webp",300,300,true],"medium_large":["https:\/\/suncasesupply.com\/wp-content\/uploads\/2023\/08\/1-vinyl-case-12-record-case-100-lps-silver-black-1-768x768.webp",768,768,true],"large":["https:\/\/suncasesupply.com\/wp-content\/uploads\/2023\/08\/1-vinyl-case-12-record-case-100-lps-silver-black-1.webp",970,970,false],"1536x1536":["https:\/\/suncasesupply.com\/wp-content\/uploads\/2023\/08\/1-vinyl-case-12-record-case-100-lps-silver-black-1.webp",970,970,false],"2048x2048":["https:\/\/suncasesupply.com\/wp-content\/uploads\/2023\/08\/1-vinyl-case-12-record-case-100-lps-silver-black-1.webp",970,970,false],"trp-custom-language-flag":["https:\/\/suncasesupply.com\/wp-content\/uploads\/2023\/08\/1-vinyl-case-12-record-case-100-lps-silver-black-1.webp",12,12,false],"woocommerce_thumbnail":["https:\/\/suncasesupply.com\/wp-content\/uploads\/2023\/08\/1-vinyl-case-12-record-case-100-lps-silver-black-1-300x300.webp",300,300,true],"woocommerce_single":["https:\/\/suncasesupply.com\/wp-content\/uploads\/2023\/08\/1-vinyl-case-12-record-case-100-lps-silver-black-1-600x600.webp",600,600,true],"woocommerce_gallery_thumbnail":["https:\/\/suncasesupply.com\/wp-content\/uploads\/2023\/08\/1-vinyl-case-12-record-case-100-lps-silver-black-1-100x100.webp",100,100,true]},"post_excerpt_stackable":"<p>Model : SC-LP0007<\/p>\n<p>Size: 36*36*36cm<\/p>\n<p>Capacity: 100 12&#8243; LPs<\/p>\n<p>MOQ: 100pcs<\/p>\n<p>Delivery Time : 15-25 Days<\/p>\n<p>Sample : Available<\/p>\n","category_list":"","author_info":{"name":"","url":""},"comments_num":"0 comments","_links":{"self":[{"href":"https:\/\/suncasesupply.com\/de\/wp-json\/wp\/v2\/product\/20020"}],"collection":[{"href":"https:\/\/suncasesupply.com\/de\/wp-json\/wp\/v2\/product"}],"about":[{"href":"https:\/\/suncasesupply.com\/de\/wp-json\/wp\/v2\/types\/product"}],"wp:featuredmedia":[{"embeddable":true,"href":"https:\/\/suncasesupply.com\/de\/wp-json\/wp\/v2\/media\/20021"}],"wp:attachment":[{"href":"https:\/\/suncasesupply.com\/de\/wp-json\/wp\/v2\/media?parent=20020"}],"wp:term":[{"taxonomy":"product_cat","embeddable":true,"href":"https:\/\/suncasesupply.com\/de\/wp-json\/wp\/v2\/product_cat?post=20020"},{"taxonomy":"product_tag","embeddable":true,"href":"https:\/\/suncasesupply.com\/de\/wp-json\/wp\/v2\/product_tag?post=20020"}],"curies":[{"name":"wp","href":"https:\/\/api.w.org\/{rel}","templated":true}]}}