{"id":19998,"date":"2023-08-22T16:33:17","date_gmt":"2023-08-22T08:33:17","guid":{"rendered":"https:\/\/suncasesupply.com\/?post_type=product&#038;p=19998"},"modified":"2025-02-20T14:50:07","modified_gmt":"2025-02-20T06:50:07","slug":"7-vinyl-record-case-aluminum-lp-storage-box-50-singles","status":"publish","type":"product","link":"https:\/\/suncasesupply.com\/de\/product\/7-vinyl-record-case-aluminum-lp-storage-box-50-singles\/","title":{"rendered":"7\u2033 Vinyl-Schallplattenkoffer Aluminium-LP-Aufbewahrungsbox (50 Singles)"},"content":{"rendered":"<p>&nbsp;<\/p>\n<table width=\"774\">\n<tbody>\n<tr>\n<td width=\"177\">Artikel<\/td>\n<td width=\"597\">Aluminium LP-Case<\/td>\n<\/tr>\n<tr>\n<td>Abmessungen<\/td>\n<td>20,5 x 18 x 25 cm oder individuell gestalten<\/td>\n<\/tr>\n<tr>\n<td>Farben<\/td>\n<td>Wie die Bilder zeigen oder anpassen<\/td>\n<\/tr>\n<tr>\n<td>Materialien<\/td>\n<td>Aluminium, ABS-Platte, MDF-Platte, EVA\/Schaum\/Stoff\/PU-Futter, Hardware<\/td>\n<\/tr>\n<tr>\n<td>Logo<\/td>\n<td>Metallplattenlogo, gedrucktes Logo, gepr\u00e4gtes Logo, Laserlogo<\/td>\n<\/tr>\n<tr>\n<td>Beispielzeit<\/td>\n<td>7 Tage<\/td>\n<\/tr>\n<tr>\n<td>Verschiffungshafen<\/td>\n<td>Guangzhou, Shenzhen<\/td>\n<\/tr>\n<tr>\n<td>Handelsbedingungen<\/td>\n<td>EXW, FOB, CIF, DDU, DDP<\/td>\n<\/tr>\n<tr>\n<td>Zahlungsarten<\/td>\n<td>T\/T, Barzahlung, PayPal, Kreditkarte<\/td>\n<\/tr>\n<\/tbody>\n<\/table>\n<p><span style=\"color: #003366;\">Merkmale:<\/span><\/p>\n<p>Mit einer maximalen Kapazit\u00e4t von 50 Singles bietet das 7-Zoll-Schallplattencase ein Format, das Vinyl-Liebhaber bisher meist vergeblich gesucht haben. Die kleine Box l\u00e4sst sich m\u00fchelos transportieren und ist trotz ihrer Stabilit\u00e4t sehr leicht. Das Record Case besteht aus Aluminium, kunststoffbeschichteten MDF-Platten und Nieten und ist innen mit einer weichen Schaumstoffpolsterung verkleidet. Singles in der Box sind so hervorragend vor St\u00f6\u00dfen, Hitze und Licht gesch\u00fctzt. Der Deckel des Schallplattencases ist fest installiert und die Box ist mit einem Schnappverschluss ausgestattet. Das Vinyl Record Case ist in drei Farbvarianten erh\u00e4ltlich: Silber\/Silber, Silber\/Schwarz und Schwarz\/Schwarz.<\/p>","protected":false},"excerpt":{"rendered":"<p>Modell: SC-LP0004<\/p>\n<p>Ma\u00dfe: 20,5 x 18 x 25 cm<\/p>\n<p>Kapazit\u00e4t: 50 7\u2033-LPs<\/p>\n<p>Mindestbestellmenge: 100 St\u00fcck<\/p>\n<p>Lieferzeit: 15-25 Tage<\/p>\n<p>Probe: Verf\u00fcgbar<\/p>","protected":false},"featured_media":19999,"template":"","meta":{"_gspb_post_css":""},"product_cat":[83],"product_tag":[],"featured_image_urls":{"full":["https:\/\/suncasesupply.com\/wp-content\/uploads\/2023\/08\/1-vinyl-case-7-record-case-50-singles-silver-black.webp",970,970,false],"thumbnail":["https:\/\/suncasesupply.com\/wp-content\/uploads\/2023\/08\/1-vinyl-case-7-record-case-50-singles-silver-black-150x150.webp",150,150,true],"medium":["https:\/\/suncasesupply.com\/wp-content\/uploads\/2023\/08\/1-vinyl-case-7-record-case-50-singles-silver-black-300x300.webp",300,300,true],"medium_large":["https:\/\/suncasesupply.com\/wp-content\/uploads\/2023\/08\/1-vinyl-case-7-record-case-50-singles-silver-black-768x768.webp",768,768,true],"large":["https:\/\/suncasesupply.com\/wp-content\/uploads\/2023\/08\/1-vinyl-case-7-record-case-50-singles-silver-black.webp",970,970,false],"1536x1536":["https:\/\/suncasesupply.com\/wp-content\/uploads\/2023\/08\/1-vinyl-case-7-record-case-50-singles-silver-black.webp",970,970,false],"2048x2048":["https:\/\/suncasesupply.com\/wp-content\/uploads\/2023\/08\/1-vinyl-case-7-record-case-50-singles-silver-black.webp",970,970,false],"trp-custom-language-flag":["https:\/\/suncasesupply.com\/wp-content\/uploads\/2023\/08\/1-vinyl-case-7-record-case-50-singles-silver-black.webp",12,12,false],"woocommerce_thumbnail":["https:\/\/suncasesupply.com\/wp-content\/uploads\/2023\/08\/1-vinyl-case-7-record-case-50-singles-silver-black-300x300.webp",300,300,true],"woocommerce_single":["https:\/\/suncasesupply.com\/wp-content\/uploads\/2023\/08\/1-vinyl-case-7-record-case-50-singles-silver-black-600x600.webp",600,600,true],"woocommerce_gallery_thumbnail":["https:\/\/suncasesupply.com\/wp-content\/uploads\/2023\/08\/1-vinyl-case-7-record-case-50-singles-silver-black-100x100.webp",100,100,true]},"post_excerpt_stackable":"<p>Model : SC-LP0004<\/p>\n<p>Size: 20,5 x 18 x 25 cm<\/p>\n<p>Capacity: 50 7&#8243; LPs<\/p>\n<p>MOQ: 100pcs<\/p>\n<p>Delivery Time : 15-25 Days<\/p>\n<p>Sample : Available<\/p>\n","category_list":"","author_info":{"name":"","url":""},"comments_num":"0 comments","_links":{"self":[{"href":"https:\/\/suncasesupply.com\/de\/wp-json\/wp\/v2\/product\/19998"}],"collection":[{"href":"https:\/\/suncasesupply.com\/de\/wp-json\/wp\/v2\/product"}],"about":[{"href":"https:\/\/suncasesupply.com\/de\/wp-json\/wp\/v2\/types\/product"}],"wp:featuredmedia":[{"embeddable":true,"href":"https:\/\/suncasesupply.com\/de\/wp-json\/wp\/v2\/media\/19999"}],"wp:attachment":[{"href":"https:\/\/suncasesupply.com\/de\/wp-json\/wp\/v2\/media?parent=19998"}],"wp:term":[{"taxonomy":"product_cat","embeddable":true,"href":"https:\/\/suncasesupply.com\/de\/wp-json\/wp\/v2\/product_cat?post=19998"},{"taxonomy":"product_tag","embeddable":true,"href":"https:\/\/suncasesupply.com\/de\/wp-json\/wp\/v2\/product_tag?post=19998"}],"curies":[{"name":"wp","href":"https:\/\/api.w.org\/{rel}","templated":true}]}}