{"id":19957,"date":"2023-08-22T15:35:37","date_gmt":"2023-08-22T07:35:37","guid":{"rendered":"https:\/\/suncasesupply.com\/?post_type=product&#038;p=19957"},"modified":"2025-02-20T10:50:39","modified_gmt":"2025-02-20T02:50:39","slug":"aluminum-case-for-certified-style-coin-holders-ngc-pcgs","status":"publish","type":"product","link":"https:\/\/suncasesupply.com\/de\/product\/aluminum-case-for-certified-style-coin-holders-ngc-pcgs\/","title":{"rendered":"Aluminiumgeh\u00e4use f\u00fcr zertifizierte M\u00fcnzhalter NGC, PCGS"},"content":{"rendered":"<p>&nbsp;<\/p>\n<table width=\"774\">\n<tbody>\n<tr>\n<td width=\"177\">Artikel<\/td>\n<td width=\"597\">M\u00fcnzetui aus Aluminium<\/td>\n<\/tr>\n<tr>\n<td>Abmessungen<\/td>\n<td>43*35*13,8 cm oder anpassen<\/td>\n<\/tr>\n<tr>\n<td>Farben<\/td>\n<td>Wie die Bilder zeigen oder anpassen<\/td>\n<\/tr>\n<tr>\n<td>Materialien<\/td>\n<td>Aluminium, ABS-Platte, MDF-Platte, EVA\/Schaum\/Stoff\/PU-Futter, Hardware<\/td>\n<\/tr>\n<tr>\n<td>Logo<\/td>\n<td>Metallplattenlogo, gedrucktes Logo, gepr\u00e4gtes Logo, Laserlogo<\/td>\n<\/tr>\n<tr>\n<td>Beispielzeit<\/td>\n<td>7 Tage<\/td>\n<\/tr>\n<tr>\n<td>Verschiffungshafen<\/td>\n<td>Guangzhou, Shenzhen<\/td>\n<\/tr>\n<tr>\n<td>Handelsbedingungen<\/td>\n<td>EXW, FOB, CIF, DDU, DDP<\/td>\n<\/tr>\n<tr>\n<td>Zahlungsarten<\/td>\n<td>T\/T, Barzahlung, PayPal, Kreditkarte<\/td>\n<\/tr>\n<\/tbody>\n<\/table>\n<p><span style=\"color: #003366;\">Merkmale:<\/span><\/p>\n<p>Diese stilvolle und dramatisch schwarze Aluminiumbox fasst 100 zertifizierte M\u00fcnzen von einem der gro\u00dfen Bewertungsdienste oder zertifizierte Stilhalter der gro\u00dfen Hersteller. Diese robuste Box ist aus robusten Materialien gefertigt, verf\u00fcgt \u00fcber attraktive Au\u00dfenbeschl\u00e4ge und Schaumstoffeinlagen f\u00fcr eine einfachere Handhabung der zertifizierten M\u00fcnzen. Diese Aluminiumplattenboxen eignen sich perfekt zur Aufbewahrung, f\u00fcr den einfachen Zugriff und f\u00fcr Reisen.<\/p>\n<p>Bietet Platz f\u00fcr 100 zertifizierte M\u00fcnzen oder M\u00fcnzen in zertifizierten M\u00fcnzhaltern und sichert sie in sch\u00fctzenden Memory Foam-Einlagen.<br \/>\nZertifizierte M\u00fcnzplatten: NGC, PCGS, neuere ANACS und mehr<br \/>\nZertifizierte Inhaber: Premier, Lighthouse, Ursae Minoris Elites und mehr<br \/>\nRobuste Aluminiumkonstruktion mit eleganten gummierten Platten f\u00fcr Widerstandsf\u00e4higkeit gegen Dellen und Kratzer<br \/>\nIm Lieferumfang dieses Artikels sind keine M\u00fcnzen oder Goldbarren enthalten<\/p>","protected":false},"excerpt":{"rendered":"<p>Modell: SC-CC0003<\/p>\n<p>Gr\u00f6\u00dfe: 42*35*13,8 cm<\/p>\n<p>Kapazit\u00e4t: 100 M\u00fcnzplatten<\/p>\n<p>Mindestbestellmenge: 100 St\u00fcck<\/p>\n<p>Lieferzeit: 15-25 Tage<\/p>\n<p>Probe: Verf\u00fcgbar<\/p>","protected":false},"featured_media":19958,"template":"","meta":{"_gspb_post_css":""},"product_cat":[84],"product_tag":[],"featured_image_urls":{"full":["https:\/\/suncasesupply.com\/wp-content\/uploads\/2023\/08\/1-8-scaled.jpg",2560,2560,false],"thumbnail":["https:\/\/suncasesupply.com\/wp-content\/uploads\/2023\/08\/1-8-150x150.jpg",150,150,true],"medium":["https:\/\/suncasesupply.com\/wp-content\/uploads\/2023\/08\/1-8-300x300.jpg",300,300,true],"medium_large":["https:\/\/suncasesupply.com\/wp-content\/uploads\/2023\/08\/1-8-768x768.jpg",768,768,true],"large":["https:\/\/suncasesupply.com\/wp-content\/uploads\/2023\/08\/1-8-1024x1024.jpg",1024,1024,true],"1536x1536":["https:\/\/suncasesupply.com\/wp-content\/uploads\/2023\/08\/1-8-1536x1536.jpg",1536,1536,true],"2048x2048":["https:\/\/suncasesupply.com\/wp-content\/uploads\/2023\/08\/1-8-2048x2048.jpg",2048,2048,true],"trp-custom-language-flag":["https:\/\/suncasesupply.com\/wp-content\/uploads\/2023\/08\/1-8-scaled.jpg",12,12,false],"woocommerce_thumbnail":["https:\/\/suncasesupply.com\/wp-content\/uploads\/2023\/08\/1-8-300x300.jpg",300,300,true],"woocommerce_single":["https:\/\/suncasesupply.com\/wp-content\/uploads\/2023\/08\/1-8-600x600.jpg",600,600,true],"woocommerce_gallery_thumbnail":["https:\/\/suncasesupply.com\/wp-content\/uploads\/2023\/08\/1-8-100x100.jpg",100,100,true]},"post_excerpt_stackable":"<p>Model : SC-CC0003<\/p>\n<p>Size: 42*35*13.8 cm<\/p>\n<p>Capacity: 100 Coin slabs<\/p>\n<p>MOQ: 100pcs<\/p>\n<p>Delivery Time : 15-25 Days<\/p>\n<p>Sample : Available<\/p>\n","category_list":"","author_info":{"name":"","url":""},"comments_num":"0 comments","_links":{"self":[{"href":"https:\/\/suncasesupply.com\/de\/wp-json\/wp\/v2\/product\/19957"}],"collection":[{"href":"https:\/\/suncasesupply.com\/de\/wp-json\/wp\/v2\/product"}],"about":[{"href":"https:\/\/suncasesupply.com\/de\/wp-json\/wp\/v2\/types\/product"}],"wp:featuredmedia":[{"embeddable":true,"href":"https:\/\/suncasesupply.com\/de\/wp-json\/wp\/v2\/media\/19958"}],"wp:attachment":[{"href":"https:\/\/suncasesupply.com\/de\/wp-json\/wp\/v2\/media?parent=19957"}],"wp:term":[{"taxonomy":"product_cat","embeddable":true,"href":"https:\/\/suncasesupply.com\/de\/wp-json\/wp\/v2\/product_cat?post=19957"},{"taxonomy":"product_tag","embeddable":true,"href":"https:\/\/suncasesupply.com\/de\/wp-json\/wp\/v2\/product_tag?post=19957"}],"curies":[{"name":"wp","href":"https:\/\/api.w.org\/{rel}","templated":true}]}}