{"id":19938,"date":"2023-08-22T14:54:52","date_gmt":"2023-08-22T06:54:52","guid":{"rendered":"https:\/\/suncasesupply.com\/?post_type=product&#038;p=19938"},"modified":"2025-02-26T11:31:48","modified_gmt":"2025-02-26T03:31:48","slug":"rolling-makeup-train-case-large-storage-cosmetic-salon-barber-case","status":"publish","type":"product","link":"https:\/\/suncasesupply.com\/de\/product\/rolling-makeup-train-case-large-storage-cosmetic-salon-barber-case\/","title":{"rendered":"Rollbarer Make-up-Koffer, gro\u00dfer Aufbewahrungskoffer f\u00fcr Kosmetiksalons und Friseure"},"content":{"rendered":"<p>&nbsp;<\/p>\n<table width=\"774\">\n<tbody>\n<tr>\n<td width=\"177\">Artikel<\/td>\n<td width=\"597\">Make-up-Koffer auf Rollen<\/td>\n<\/tr>\n<tr>\n<td>Abmessungen<\/td>\n<td>34,3 * 24 * 52 cm oder anpassen<\/td>\n<\/tr>\n<tr>\n<td>Farben<\/td>\n<td>Wie die Bilder zeigen oder anpassen<\/td>\n<\/tr>\n<tr>\n<td>Materialien<\/td>\n<td>Aluminium, ABS-Platte, MDF-Platte, EVA\/Schaum\/Stoff\/PU-Futter, Hardware<\/td>\n<\/tr>\n<tr>\n<td>Logo<\/td>\n<td>Metallplattenlogo, gedrucktes Logo, gepr\u00e4gtes Logo, Laserlogo<\/td>\n<\/tr>\n<tr>\n<td>Beispielzeit<\/td>\n<td>7 Tage<\/td>\n<\/tr>\n<tr>\n<td>Verschiffungshafen<\/td>\n<td>Guangzhou, Shenzhen<\/td>\n<\/tr>\n<tr>\n<td>Handelsbedingungen<\/td>\n<td>EXW, FOB, CIF, DDU, DDP<\/td>\n<\/tr>\n<tr>\n<td>Zahlungsarten<\/td>\n<td>T\/T, Barzahlung, PayPal, Kreditkarte<\/td>\n<\/tr>\n<\/tbody>\n<\/table>\n<p><span style=\"color: #003366;\">Merkmale:<\/span><\/p>\n<p>Dieser robuste Trolley besteht aus einer Au\u00dfenh\u00fclle aus hochwertigem Kunststoff, verst\u00e4rkten Kanten und Ecken aus Aluminium der G\u00fcteklasse A und Metall sowie robusten Metallteilen. Er kann seine Farbt\u00f6ne \u00e4ndern, wenn er Licht aus verschiedenen Winkeln einf\u00e4ngt.<\/p>\n<p>Der Schieber l\u00e4sst sich leicht ausfahren und schlie\u00dfen, w\u00e4hrend er bei Nichtgebrauch nicht herausrutscht, da die Verbindung stabil ist. Die 3-stufigen Tabletts mit Ringrollen und Querteiler helfen Ihnen bei der Organisation der Schmuckaccessoires, der Lippenstiftsammlung, der kleinen Palette und der Pinsel. Die separate Ablage verf\u00fcgt \u00fcber einen herausnehmbaren Schwamm, der Nagellack aufrecht halten oder Lotionsgl\u00e4ser mit entferntem Schwamm aufbewahren kann.<br \/>\nDas getrennte mittlere Fach mit abnehmbarer Trennwand passt perfekt. Je nach Gr\u00f6\u00dfe des Ger\u00e4ts k\u00f6nnen Sie es anordnen<\/p>\n<p>Platz, nicht nur ordentlich platzierte Gegenst\u00e4nde, sondern auch fixiert, um Sch\u00e4den durch Sch\u00fctteln und Fallen zu verhindern. Es gibt auch einen gro\u00dfen Boden, der einen gro\u00dfartigen Stauraum f\u00fcr Haarstyling-Tools, Kosmetika und Nagelwerkzeuge bietet. Perfekt f\u00fcr professionelle Maskenbildner, Friseure, Manik\u00fcristen, T\u00e4towierer oder alle, die einen Berg an Kosmetika haben.<\/p>","protected":false},"excerpt":{"rendered":"<p>Modell: SC-RM0005<\/p>\n<p>Gr\u00f6\u00dfe: 34,3 * 24 * 52 cm<\/p>\n<p>Mindestbestellmenge: 50 St\u00fcck<\/p>\n<p>Lieferzeit: 15-25 Tage<\/p>\n<p>Probe: Verf\u00fcgbar<\/p>","protected":false},"featured_media":19939,"template":"","meta":{"_gspb_post_css":""},"product_cat":[34,97],"product_tag":[],"featured_image_urls":{"full":["https:\/\/suncasesupply.com\/wp-content\/uploads\/2023\/08\/71iJz0vIfkL._AC_UX679_.jpg",679,658,false],"thumbnail":["https:\/\/suncasesupply.com\/wp-content\/uploads\/2023\/08\/71iJz0vIfkL._AC_UX679_-150x150.jpg",150,150,true],"medium":["https:\/\/suncasesupply.com\/wp-content\/uploads\/2023\/08\/71iJz0vIfkL._AC_UX679_-300x291.jpg",300,291,true],"medium_large":["https:\/\/suncasesupply.com\/wp-content\/uploads\/2023\/08\/71iJz0vIfkL._AC_UX679_.jpg",679,658,false],"large":["https:\/\/suncasesupply.com\/wp-content\/uploads\/2023\/08\/71iJz0vIfkL._AC_UX679_.jpg",679,658,false],"1536x1536":["https:\/\/suncasesupply.com\/wp-content\/uploads\/2023\/08\/71iJz0vIfkL._AC_UX679_.jpg",679,658,false],"2048x2048":["https:\/\/suncasesupply.com\/wp-content\/uploads\/2023\/08\/71iJz0vIfkL._AC_UX679_.jpg",679,658,false],"trp-custom-language-flag":["https:\/\/suncasesupply.com\/wp-content\/uploads\/2023\/08\/71iJz0vIfkL._AC_UX679_.jpg",12,12,false],"woocommerce_thumbnail":["https:\/\/suncasesupply.com\/wp-content\/uploads\/2023\/08\/71iJz0vIfkL._AC_UX679_-300x300.jpg",300,300,true],"woocommerce_single":["https:\/\/suncasesupply.com\/wp-content\/uploads\/2023\/08\/71iJz0vIfkL._AC_UX679_-600x581.jpg",600,581,true],"woocommerce_gallery_thumbnail":["https:\/\/suncasesupply.com\/wp-content\/uploads\/2023\/08\/71iJz0vIfkL._AC_UX679_-100x100.jpg",100,100,true]},"post_excerpt_stackable":"<p>Model : SC-RM0005<\/p>\n<p>Size: 34.3*24*52cm<\/p>\n<p>MOQ: 50pcs<\/p>\n<p>Delivery Time : 15-25 Days<\/p>\n<p>Sample : Available<\/p>\n","category_list":"","author_info":{"name":"","url":""},"comments_num":"0 comments","_links":{"self":[{"href":"https:\/\/suncasesupply.com\/de\/wp-json\/wp\/v2\/product\/19938"}],"collection":[{"href":"https:\/\/suncasesupply.com\/de\/wp-json\/wp\/v2\/product"}],"about":[{"href":"https:\/\/suncasesupply.com\/de\/wp-json\/wp\/v2\/types\/product"}],"wp:featuredmedia":[{"embeddable":true,"href":"https:\/\/suncasesupply.com\/de\/wp-json\/wp\/v2\/media\/19939"}],"wp:attachment":[{"href":"https:\/\/suncasesupply.com\/de\/wp-json\/wp\/v2\/media?parent=19938"}],"wp:term":[{"taxonomy":"product_cat","embeddable":true,"href":"https:\/\/suncasesupply.com\/de\/wp-json\/wp\/v2\/product_cat?post=19938"},{"taxonomy":"product_tag","embeddable":true,"href":"https:\/\/suncasesupply.com\/de\/wp-json\/wp\/v2\/product_tag?post=19938"}],"curies":[{"name":"wp","href":"https:\/\/api.w.org\/{rel}","templated":true}]}}