{"id":19932,"date":"2023-08-22T14:40:00","date_gmt":"2023-08-22T06:40:00","guid":{"rendered":"https:\/\/suncasesupply.com\/?post_type=product&#038;p=19932"},"modified":"2025-02-18T11:17:43","modified_gmt":"2025-02-18T03:17:43","slug":"portable-stand-table-case-with-speakers-lighted-trolley-cosmetic-case","status":"publish","type":"product","link":"https:\/\/suncasesupply.com\/de\/product\/portable-stand-table-case-with-speakers-lighted-trolley-cosmetic-case\/","title":{"rendered":"Tragbarer Standtischkoffer mit Lautsprechern, beleuchteter Trolley-Kosmetikkoffer"},"content":{"rendered":"<p>&nbsp;<\/p>\n<table width=\"774\">\n<tbody>\n<tr>\n<td width=\"177\">Artikel<\/td>\n<td width=\"597\">Make-up-Koffer auf Rollen<\/td>\n<\/tr>\n<tr>\n<td>Abmessungen<\/td>\n<td>52*40*69cm oder anpassen<\/td>\n<\/tr>\n<tr>\n<td>Farben<\/td>\n<td>Wie die Bilder zeigen oder anpassen<\/td>\n<\/tr>\n<tr>\n<td>Materialien<\/td>\n<td>Aluminium, ABS-Platte, MDF-Platte, EVA\/Schaum\/Stoff\/PU-Futter, Hardware<\/td>\n<\/tr>\n<tr>\n<td>Logo<\/td>\n<td>Metallplattenlogo, gedrucktes Logo, gepr\u00e4gtes Logo, Laserlogo<\/td>\n<\/tr>\n<tr>\n<td>Beispielzeit<\/td>\n<td>7 Tage<\/td>\n<\/tr>\n<tr>\n<td>Verschiffungshafen<\/td>\n<td>Guangzhou, Shenzhen<\/td>\n<\/tr>\n<tr>\n<td>Handelsbedingungen<\/td>\n<td>EXW, FOB, CIF, DDU, DDP<\/td>\n<\/tr>\n<tr>\n<td>Zahlungsarten<\/td>\n<td>T\/T, Barzahlung, PayPal, Kreditkarte<\/td>\n<\/tr>\n<\/tbody>\n<\/table>\n<p><span style=\"color: #003366;\">Merkmale:<\/span><\/p>\n<p>Funktionalit\u00e4t\u00a0<strong>Kosmetikbox<\/strong>\u00a0Perfekt f\u00fcr Nagelstylisten, Kosmetikerinnen, Visagisten im Au\u00dfendienst oder zur Aufbewahrung von Kosmetika zu Hause.<\/p>\n<p>Es ist mit 4 F\u00e4chern ausgestattet, von denen zwei abmontiert werden k\u00f6nnen, um H\u00f6he und Fassungsverm\u00f6gen zu reduzieren. Der Innenraum ist mit einem angenehmen, samt\u00e4hnlichen Material ausgekleidet und in einzelnen F\u00e4chern befinden sich herausnehmbare Abstandshalter zur Aufbewahrung von Lacken (stehend) oder anderen Kleinigkeiten.<\/p>\n<p>Robustes Material, abgerundete Kanten zur Sicherheit und stabile Einzelrollen erm\u00f6glichen die Lagerung auch schwerer Gegenst\u00e4nde.<\/p>\n<p><strong>Der Kofferraum<\/strong>\u00a0Er verf\u00fcgt \u00fcber einen Teleskopgriff, der eine F\u00fchrung erm\u00f6glicht, und 360-Grad-R\u00e4der, die mit jedem, auch extrem problematischen Untergrund zurechtkommen.<\/p>\n<p>Die abnehmbaren Abstandshalter-St\u00e4nder f\u00fcr Lacke bieten Platz f\u00fcr 120 Hybride, w\u00e4hrend im unteren, gr\u00f6\u00dften Fach gro\u00dfformatige Gegenst\u00e4nde wie UV-\/LED-Lampen, Reiniger mit einem Fassungsverm\u00f6gen von 1 Liter usw. untergebracht werden k\u00f6nnen. Der Koffer enth\u00e4lt au\u00dferdem kleine Ablagen f\u00fcr Pinsel und andere Kleinteile.<\/p>\n<p>Jedes Fach ist mit einem Schloss verschlossen. Der Box liegen f\u00fcr jedes Fach 4 identische Schl\u00fcssel bei. Denken Sie daran, nicht alle davon bei sich zu tragen und ein Ersatzset zu Hause zu haben.<\/p>","protected":false},"excerpt":{"rendered":"<p>Modell: SC-RM0002<\/p>\n<p>Gr\u00f6\u00dfe: 52*40*69 cm<\/p>\n<p>Mindestbestellmenge: 5 St\u00fcck<\/p>\n<p>Lieferzeit: 15-25 Tage<\/p>\n<p>Probe: Verf\u00fcgbar<\/p>","protected":false},"featured_media":19933,"template":"","meta":{"_gspb_post_css":""},"product_cat":[98],"product_tag":[],"featured_image_urls":{"full":["https:\/\/suncasesupply.com\/wp-content\/uploads\/2023\/08\/1200x1200_product_media_30001-31000_KUFER_PRZENOSNE_STANOWISKO_Z_GLOSNIKAMI_CZARNE-j.webp",1200,1200,false],"thumbnail":["https:\/\/suncasesupply.com\/wp-content\/uploads\/2023\/08\/1200x1200_product_media_30001-31000_KUFER_PRZENOSNE_STANOWISKO_Z_GLOSNIKAMI_CZARNE-j-150x150.webp",150,150,true],"medium":["https:\/\/suncasesupply.com\/wp-content\/uploads\/2023\/08\/1200x1200_product_media_30001-31000_KUFER_PRZENOSNE_STANOWISKO_Z_GLOSNIKAMI_CZARNE-j-300x300.webp",300,300,true],"medium_large":["https:\/\/suncasesupply.com\/wp-content\/uploads\/2023\/08\/1200x1200_product_media_30001-31000_KUFER_PRZENOSNE_STANOWISKO_Z_GLOSNIKAMI_CZARNE-j-768x768.webp",768,768,true],"large":["https:\/\/suncasesupply.com\/wp-content\/uploads\/2023\/08\/1200x1200_product_media_30001-31000_KUFER_PRZENOSNE_STANOWISKO_Z_GLOSNIKAMI_CZARNE-j-1024x1024.webp",1024,1024,true],"1536x1536":["https:\/\/suncasesupply.com\/wp-content\/uploads\/2023\/08\/1200x1200_product_media_30001-31000_KUFER_PRZENOSNE_STANOWISKO_Z_GLOSNIKAMI_CZARNE-j.webp",1200,1200,false],"2048x2048":["https:\/\/suncasesupply.com\/wp-content\/uploads\/2023\/08\/1200x1200_product_media_30001-31000_KUFER_PRZENOSNE_STANOWISKO_Z_GLOSNIKAMI_CZARNE-j.webp",1200,1200,false],"trp-custom-language-flag":["https:\/\/suncasesupply.com\/wp-content\/uploads\/2023\/08\/1200x1200_product_media_30001-31000_KUFER_PRZENOSNE_STANOWISKO_Z_GLOSNIKAMI_CZARNE-j.webp",12,12,false],"woocommerce_thumbnail":["https:\/\/suncasesupply.com\/wp-content\/uploads\/2023\/08\/1200x1200_product_media_30001-31000_KUFER_PRZENOSNE_STANOWISKO_Z_GLOSNIKAMI_CZARNE-j-300x300.webp",300,300,true],"woocommerce_single":["https:\/\/suncasesupply.com\/wp-content\/uploads\/2023\/08\/1200x1200_product_media_30001-31000_KUFER_PRZENOSNE_STANOWISKO_Z_GLOSNIKAMI_CZARNE-j-600x600.webp",600,600,true],"woocommerce_gallery_thumbnail":["https:\/\/suncasesupply.com\/wp-content\/uploads\/2023\/08\/1200x1200_product_media_30001-31000_KUFER_PRZENOSNE_STANOWISKO_Z_GLOSNIKAMI_CZARNE-j-100x100.webp",100,100,true]},"post_excerpt_stackable":"<p>Model : SC-RM0002<\/p>\n<p>Size: \u00a052*40*69 cm<\/p>\n<p>MOQ: 5pcs<\/p>\n<p>Delivery Time : 15-25 Days<\/p>\n<p>Sample : Available<\/p>\n","category_list":"","author_info":{"name":"","url":""},"comments_num":"0 comments","_links":{"self":[{"href":"https:\/\/suncasesupply.com\/de\/wp-json\/wp\/v2\/product\/19932"}],"collection":[{"href":"https:\/\/suncasesupply.com\/de\/wp-json\/wp\/v2\/product"}],"about":[{"href":"https:\/\/suncasesupply.com\/de\/wp-json\/wp\/v2\/types\/product"}],"wp:featuredmedia":[{"embeddable":true,"href":"https:\/\/suncasesupply.com\/de\/wp-json\/wp\/v2\/media\/19933"}],"wp:attachment":[{"href":"https:\/\/suncasesupply.com\/de\/wp-json\/wp\/v2\/media?parent=19932"}],"wp:term":[{"taxonomy":"product_cat","embeddable":true,"href":"https:\/\/suncasesupply.com\/de\/wp-json\/wp\/v2\/product_cat?post=19932"},{"taxonomy":"product_tag","embeddable":true,"href":"https:\/\/suncasesupply.com\/de\/wp-json\/wp\/v2\/product_tag?post=19932"}],"curies":[{"name":"wp","href":"https:\/\/api.w.org\/{rel}","templated":true}]}}