{"id":19891,"date":"2023-08-22T13:43:43","date_gmt":"2023-08-22T05:43:43","guid":{"rendered":"https:\/\/suncasesupply.com\/?post_type=product&#038;p=19891"},"modified":"2025-02-26T11:32:03","modified_gmt":"2025-02-26T03:32:03","slug":"trolley-makeup-case-with-wheels-4-in-1-rolling-cosmetic-suitcase-hairdresser","status":"publish","type":"product","link":"https:\/\/suncasesupply.com\/de\/product\/trolley-makeup-case-with-wheels-4-in-1-rolling-cosmetic-suitcase-hairdresser\/","title":{"rendered":"Trolley-Make-up-Koffer mit Rollen, 4-in-1-rollender Kosmetikkoffer, Friseur"},"content":{"rendered":"<p>&nbsp;<\/p>\n<table width=\"774\">\n<tbody>\n<tr>\n<td width=\"177\">Artikel<\/td>\n<td width=\"597\">Make-up-Koffer auf Rollen<\/td>\n<\/tr>\n<tr>\n<td>Abmessungen<\/td>\n<td>35*25*75cm oder anpassen<\/td>\n<\/tr>\n<tr>\n<td>Farben<\/td>\n<td>Wie die Bilder zeigen oder anpassen<\/td>\n<\/tr>\n<tr>\n<td>Materialien<\/td>\n<td>Aluminium, ABS-Platte, MDF-Platte, EVA\/Schaum\/Stoff\/PU-Futter, Hardware<\/td>\n<\/tr>\n<tr>\n<td>Logo<\/td>\n<td>Metallplattenlogo, gedrucktes Logo, gepr\u00e4gtes Logo, Laserlogo<\/td>\n<\/tr>\n<tr>\n<td>Beispielzeit<\/td>\n<td>7 Tage<\/td>\n<\/tr>\n<tr>\n<td>Verschiffungshafen<\/td>\n<td>Guangzhou, Shenzhen<\/td>\n<\/tr>\n<tr>\n<td>Handelsbedingungen<\/td>\n<td>EXW, FOB, CIF, DDU, DDP<\/td>\n<\/tr>\n<tr>\n<td>Zahlungsarten<\/td>\n<td>T\/T, Barzahlung, PayPal, Kreditkarte<\/td>\n<\/tr>\n<\/tbody>\n<\/table>\n<p><span style=\"color: #003366;\">Merkmale:<\/span><\/p>\n<p>Funktionalit\u00e4t\u00a0<strong>Kosmetikbox<\/strong>\u00a0Perfekt f\u00fcr Nagelstylisten, Kosmetikerinnen, Visagisten im Au\u00dfendienst oder zur Aufbewahrung von Kosmetika zu Hause.<\/p>\n<p>Es ist mit 4 F\u00e4chern ausgestattet, von denen zwei abmontiert werden k\u00f6nnen, um H\u00f6he und Fassungsverm\u00f6gen zu reduzieren. Der Innenraum ist mit einem angenehmen, samt\u00e4hnlichen Material ausgekleidet und in einzelnen F\u00e4chern befinden sich herausnehmbare Abstandshalter zur Aufbewahrung von Lacken (stehend) oder anderen Kleinigkeiten.<\/p>\n<p>Robustes Material, abgerundete Kanten zur Sicherheit und stabile Einzelrollen erm\u00f6glichen die Lagerung auch schwerer Gegenst\u00e4nde.<\/p>\n<p><strong>Der Kofferraum<\/strong>\u00a0Er verf\u00fcgt \u00fcber einen Teleskopgriff, der eine F\u00fchrung erm\u00f6glicht, und 360-Grad-R\u00e4der, die mit jedem, auch extrem problematischen Untergrund zurechtkommen.<\/p>\n<p>Die abnehmbaren Abstandshalter-St\u00e4nder f\u00fcr Lacke bieten Platz f\u00fcr 120 Hybride, w\u00e4hrend im unteren, gr\u00f6\u00dften Fach gro\u00dfformatige Gegenst\u00e4nde wie UV-\/LED-Lampen, Reiniger mit einem Fassungsverm\u00f6gen von 1 Liter usw. untergebracht werden k\u00f6nnen. Der Koffer enth\u00e4lt au\u00dferdem kleine Ablagen f\u00fcr Pinsel und andere Kleinteile.<\/p>\n<p>Jedes Fach ist mit einem Schloss verschlossen. Der Box liegen f\u00fcr jedes Fach 4 identische Schl\u00fcssel bei. Denken Sie daran, nicht alle davon bei sich zu tragen und ein Ersatzset zu Hause zu haben.<\/p>\n<ul>\n<li class=\"active\">Sch\u00f6nes, elegantes Design.<\/li>\n<li>Gute Qualit\u00e4t.<\/li>\n<li>Modulares Format \u2013 bis zu 4 Teile, die Sie frei kombinieren k\u00f6nnen.<\/li>\n<li>Mit weichem Samtmaterial gef\u00fcttert.<\/li>\n<li>Es verf\u00fcgt \u00fcber herausnehmbare \u201eSchachbretter\u201c f\u00fcr Lacke \u2013 im oberen Teil finden 30 Lacke Platz \u2013 im modularen Zusatzteil finden Sie zwei weitere Schw\u00e4mme mit Einkerbungen \u2013 auf jedem davon finden 40 Lacke Platz \u2013 also insgesamt 80.<\/li>\n<li>Sehr praktisch: verschiebbare, abgestufte Ablagen im oberen Teil des Koffers.<\/li>\n<li>Ausgestattet mit praktischen und stabilen Beinen, einem bequemen Griff und Rollen.<\/li>\n<li>Der Koffer verf\u00fcgt \u00fcber 4 360-Grad-Schwenkrollen. \u00c4u\u00dferst komfortable und stabile Konstruktion, egal wie der Koffer getragen wird!<\/li>\n<li>Jede Ebene ist mit einem Schl\u00fcsselschloss gesichert. Im Set sind zwei Schl\u00fcssels\u00e4tze mit jeweils 2 Schl\u00fcsseln enthalten. Insgesamt 8 Schl\u00f6sser zur Sicherung des Inhalts.<\/li>\n<\/ul>","protected":false},"excerpt":{"rendered":"<p>Modell: SC-RM0002<\/p>\n<p>Gr\u00f6\u00dfe: 35*25*70 cm<\/p>\n<p>Mindestbestellmenge: 50 St\u00fcck<\/p>\n<p>Lieferzeit: 15-25 Tage<\/p>\n<p>Probe: Verf\u00fcgbar<\/p>","protected":false},"featured_media":19892,"template":"","meta":{"_gspb_post_css":""},"product_cat":[34,97],"product_tag":[],"featured_image_urls":{"full":["https:\/\/suncasesupply.com\/wp-content\/uploads\/2023\/08\/500x500_product_media_31001-32000_500_500_productGfx_b92909c0701cd3e26632ed2ec3173631-j.webp",500,500,false],"thumbnail":["https:\/\/suncasesupply.com\/wp-content\/uploads\/2023\/08\/500x500_product_media_31001-32000_500_500_productGfx_b92909c0701cd3e26632ed2ec3173631-j-150x150.webp",150,150,true],"medium":["https:\/\/suncasesupply.com\/wp-content\/uploads\/2023\/08\/500x500_product_media_31001-32000_500_500_productGfx_b92909c0701cd3e26632ed2ec3173631-j-300x300.webp",300,300,true],"medium_large":["https:\/\/suncasesupply.com\/wp-content\/uploads\/2023\/08\/500x500_product_media_31001-32000_500_500_productGfx_b92909c0701cd3e26632ed2ec3173631-j.webp",500,500,false],"large":["https:\/\/suncasesupply.com\/wp-content\/uploads\/2023\/08\/500x500_product_media_31001-32000_500_500_productGfx_b92909c0701cd3e26632ed2ec3173631-j.webp",500,500,false],"1536x1536":["https:\/\/suncasesupply.com\/wp-content\/uploads\/2023\/08\/500x500_product_media_31001-32000_500_500_productGfx_b92909c0701cd3e26632ed2ec3173631-j.webp",500,500,false],"2048x2048":["https:\/\/suncasesupply.com\/wp-content\/uploads\/2023\/08\/500x500_product_media_31001-32000_500_500_productGfx_b92909c0701cd3e26632ed2ec3173631-j.webp",500,500,false],"trp-custom-language-flag":["https:\/\/suncasesupply.com\/wp-content\/uploads\/2023\/08\/500x500_product_media_31001-32000_500_500_productGfx_b92909c0701cd3e26632ed2ec3173631-j.webp",12,12,false],"woocommerce_thumbnail":["https:\/\/suncasesupply.com\/wp-content\/uploads\/2023\/08\/500x500_product_media_31001-32000_500_500_productGfx_b92909c0701cd3e26632ed2ec3173631-j-300x300.webp",300,300,true],"woocommerce_single":["https:\/\/suncasesupply.com\/wp-content\/uploads\/2023\/08\/500x500_product_media_31001-32000_500_500_productGfx_b92909c0701cd3e26632ed2ec3173631-j.webp",500,500,false],"woocommerce_gallery_thumbnail":["https:\/\/suncasesupply.com\/wp-content\/uploads\/2023\/08\/500x500_product_media_31001-32000_500_500_productGfx_b92909c0701cd3e26632ed2ec3173631-j-100x100.webp",100,100,true]},"post_excerpt_stackable":"<p>Model : SC-RM0002<\/p>\n<p>Size: 35*25*70 cm<\/p>\n<p>MOQ: 50pcs<\/p>\n<p>Delivery Time : 15-25 Days<\/p>\n<p>Sample : Available<\/p>\n","category_list":"","author_info":{"name":"","url":""},"comments_num":"0 comments","_links":{"self":[{"href":"https:\/\/suncasesupply.com\/de\/wp-json\/wp\/v2\/product\/19891"}],"collection":[{"href":"https:\/\/suncasesupply.com\/de\/wp-json\/wp\/v2\/product"}],"about":[{"href":"https:\/\/suncasesupply.com\/de\/wp-json\/wp\/v2\/types\/product"}],"wp:featuredmedia":[{"embeddable":true,"href":"https:\/\/suncasesupply.com\/de\/wp-json\/wp\/v2\/media\/19892"}],"wp:attachment":[{"href":"https:\/\/suncasesupply.com\/de\/wp-json\/wp\/v2\/media?parent=19891"}],"wp:term":[{"taxonomy":"product_cat","embeddable":true,"href":"https:\/\/suncasesupply.com\/de\/wp-json\/wp\/v2\/product_cat?post=19891"},{"taxonomy":"product_tag","embeddable":true,"href":"https:\/\/suncasesupply.com\/de\/wp-json\/wp\/v2\/product_tag?post=19891"}],"curies":[{"name":"wp","href":"https:\/\/api.w.org\/{rel}","templated":true}]}}