{"id":19869,"date":"2023-08-22T11:44:28","date_gmt":"2023-08-22T03:44:28","guid":{"rendered":"https:\/\/suncasesupply.com\/?post_type=product&#038;p=19869"},"modified":"2025-02-26T11:14:39","modified_gmt":"2025-02-26T03:14:39","slug":"cosmetic-case-for-nail-carry-makeup-case","status":"publish","type":"product","link":"https:\/\/suncasesupply.com\/de\/product\/cosmetic-case-for-nail-carry-makeup-case\/","title":{"rendered":"Kosmetiketui f\u00fcr Nageltrage-Make-up-Etui"},"content":{"rendered":"<p>&nbsp;<\/p>\n<table width=\"774\">\n<tbody>\n<tr>\n<td width=\"177\">Artikel<\/td>\n<td width=\"597\">Make-up-Koffer aus Aluminium<\/td>\n<\/tr>\n<tr>\n<td>Abmessungen<\/td>\n<td>26*21*32cm oder anpassen<\/td>\n<\/tr>\n<tr>\n<td>Farben<\/td>\n<td>Wie die Bilder zeigen oder anpassen<\/td>\n<\/tr>\n<tr>\n<td>Materialien<\/td>\n<td>Aluminium, ABS-Platte, MDF-Platte, EVA\/Schaum\/Stoff\/PU-Futter, Hardware<\/td>\n<\/tr>\n<tr>\n<td>Logo<\/td>\n<td>Metallplattenlogo, gedrucktes Logo, gepr\u00e4gtes Logo, Laserlogo<\/td>\n<\/tr>\n<tr>\n<td>Beispielzeit<\/td>\n<td>7 Tage<\/td>\n<\/tr>\n<tr>\n<td>Verschiffungshafen<\/td>\n<td>Guangzhou, Shenzhen<\/td>\n<\/tr>\n<tr>\n<td>Handelsbedingungen<\/td>\n<td>EXW, FOB, CIF, DDU, DDP<\/td>\n<\/tr>\n<tr>\n<td>Zahlungsarten<\/td>\n<td>T\/T, Barzahlung, PayPal, Kreditkarte<\/td>\n<\/tr>\n<\/tbody>\n<\/table>\n<p><span style=\"color: #003366;\">Merkmale:<\/span><\/p>\n<p>Eine funktionale und attraktive Kosmetikbox, perfekt f\u00fcr Nagelstylisten, Kosmetikerinnen, Visagisten, die im Au\u00dfendienst arbeiten oder Kosmetika zu Hause aufbewahren m\u00f6chten. Der stabile, faltbare und optimal dimensionierte Koffer erm\u00f6glicht das einfache Einsetzen einer gro\u00dfen UV- und LED-Lampe. Der Koffer ist beidseitig zu \u00f6ffnen, hat verschiebbare Regale und eine Sicherung in Form von zwei mit einem Schl\u00fcssel verschlossenen Schl\u00f6ssern.<\/p>","protected":false},"excerpt":{"rendered":"<p>Modell: SC-CM0004<\/p>\n<p>Gr\u00f6\u00dfe: 26*21*32 cm<\/p>\n<p>Mindestbestellmenge: 100 St\u00fcck<\/p>\n<p>Lieferzeit: 15-25 Tage<\/p>\n<p>Probe: Verf\u00fcgbar<\/p>","protected":false},"featured_media":19870,"template":"","meta":{"_gspb_post_css":""},"product_cat":[34,96],"product_tag":[],"featured_image_urls":{"full":["https:\/\/suncasesupply.com\/wp-content\/uploads\/2023\/08\/1000x1000_product_media_37001-38000_64-j.webp",1000,1000,false],"thumbnail":["https:\/\/suncasesupply.com\/wp-content\/uploads\/2023\/08\/1000x1000_product_media_37001-38000_64-j-150x150.webp",150,150,true],"medium":["https:\/\/suncasesupply.com\/wp-content\/uploads\/2023\/08\/1000x1000_product_media_37001-38000_64-j-300x300.webp",300,300,true],"medium_large":["https:\/\/suncasesupply.com\/wp-content\/uploads\/2023\/08\/1000x1000_product_media_37001-38000_64-j-768x768.webp",768,768,true],"large":["https:\/\/suncasesupply.com\/wp-content\/uploads\/2023\/08\/1000x1000_product_media_37001-38000_64-j.webp",1000,1000,false],"1536x1536":["https:\/\/suncasesupply.com\/wp-content\/uploads\/2023\/08\/1000x1000_product_media_37001-38000_64-j.webp",1000,1000,false],"2048x2048":["https:\/\/suncasesupply.com\/wp-content\/uploads\/2023\/08\/1000x1000_product_media_37001-38000_64-j.webp",1000,1000,false],"trp-custom-language-flag":["https:\/\/suncasesupply.com\/wp-content\/uploads\/2023\/08\/1000x1000_product_media_37001-38000_64-j.webp",12,12,false],"woocommerce_thumbnail":["https:\/\/suncasesupply.com\/wp-content\/uploads\/2023\/08\/1000x1000_product_media_37001-38000_64-j-300x300.webp",300,300,true],"woocommerce_single":["https:\/\/suncasesupply.com\/wp-content\/uploads\/2023\/08\/1000x1000_product_media_37001-38000_64-j-600x600.webp",600,600,true],"woocommerce_gallery_thumbnail":["https:\/\/suncasesupply.com\/wp-content\/uploads\/2023\/08\/1000x1000_product_media_37001-38000_64-j-100x100.webp",100,100,true]},"post_excerpt_stackable":"<p>Model : SC-CM0004<\/p>\n<p>Size: 26*21*32 cm<\/p>\n<p>MOQ: 100pcs<\/p>\n<p>Delivery Time : 15-25 Days<\/p>\n<p>Sample : Available<\/p>\n","category_list":"","author_info":{"name":"","url":""},"comments_num":"0 comments","_links":{"self":[{"href":"https:\/\/suncasesupply.com\/de\/wp-json\/wp\/v2\/product\/19869"}],"collection":[{"href":"https:\/\/suncasesupply.com\/de\/wp-json\/wp\/v2\/product"}],"about":[{"href":"https:\/\/suncasesupply.com\/de\/wp-json\/wp\/v2\/types\/product"}],"wp:featuredmedia":[{"embeddable":true,"href":"https:\/\/suncasesupply.com\/de\/wp-json\/wp\/v2\/media\/19870"}],"wp:attachment":[{"href":"https:\/\/suncasesupply.com\/de\/wp-json\/wp\/v2\/media?parent=19869"}],"wp:term":[{"taxonomy":"product_cat","embeddable":true,"href":"https:\/\/suncasesupply.com\/de\/wp-json\/wp\/v2\/product_cat?post=19869"},{"taxonomy":"product_tag","embeddable":true,"href":"https:\/\/suncasesupply.com\/de\/wp-json\/wp\/v2\/product_tag?post=19869"}],"curies":[{"name":"wp","href":"https:\/\/api.w.org\/{rel}","templated":true}]}}