{"id":19827,"date":"2023-08-21T18:10:52","date_gmt":"2023-08-21T10:10:52","guid":{"rendered":"https:\/\/suncasesupply.com\/?post_type=product&#038;p=19827"},"modified":"2025-02-26T11:14:46","modified_gmt":"2025-02-26T03:14:46","slug":"aluminum-carry-makeup-case-cosmetic-case-for-lamp-diamond-3d-black","status":"publish","type":"product","link":"https:\/\/suncasesupply.com\/de\/product\/aluminum-carry-makeup-case-cosmetic-case-for-lamp-diamond-3d-black\/","title":{"rendered":"Aluminium-Make-up-Koffer, Kosmetikkoffer f\u00fcr Lampe Diamond 3D, Schwarz"},"content":{"rendered":"<p>&nbsp;<\/p>\n<table width=\"774\">\n<tbody>\n<tr>\n<td width=\"177\">Artikel<\/td>\n<td width=\"597\">Aluminiumgeh\u00e4use<\/td>\n<\/tr>\n<tr>\n<td>Abmessungen<\/td>\n<td>26*21*32cm oder anpassen<\/td>\n<\/tr>\n<tr>\n<td>Farben<\/td>\n<td>Wie die Bilder zeigen oder anpassen<\/td>\n<\/tr>\n<tr>\n<td>Materialien<\/td>\n<td>Aluminium, ABS-Platte, MDF-Platte, EVA\/Schaum\/Stoff\/PU-Futter, Hardware<\/td>\n<\/tr>\n<tr>\n<td>Logo<\/td>\n<td>Metallplattenlogo, gedrucktes Logo, gepr\u00e4gtes Logo, Laserlogo<\/td>\n<\/tr>\n<tr>\n<td>Beispielzeit<\/td>\n<td>7 Tage<\/td>\n<\/tr>\n<tr>\n<td>Verschiffungshafen<\/td>\n<td>Guangzhou, Shenzhen<\/td>\n<\/tr>\n<tr>\n<td>Handelsbedingungen<\/td>\n<td>EXW, FOB, CIF, DDU, DDP<\/td>\n<\/tr>\n<tr>\n<td>Zahlungsarten<\/td>\n<td>T\/T, Barzahlung, PayPal, Kreditkarte<\/td>\n<\/tr>\n<\/tbody>\n<\/table>\n<p><span style=\"color: #003366;\">Merkmale:<\/span><\/p>\n<p>Funktionelle und attraktive Kosmetik-\/Friseurbox. Perfekt f\u00fcr Nagelstylisten, Kosmetikerinnen, Visagisten, die im Au\u00dfendienst arbeiten, oder zur Aufbewahrung von Kosmetika zu Hause. Der stabile, faltbare und optimal dimensionierte Koffer erm\u00f6glicht das einfache Einsetzen einer UV- und LED-Lampe in voller Gr\u00f6\u00dfe.<\/p>\n<p>Der Kofferraum l\u00e4sst sich auf beiden Seiten \u00f6ffnen und verf\u00fcgt \u00fcber 4 verschiebbare Ablagen f\u00fcr kleine Utensilien wie Hybridlacke, Pinsel, kleine und gro\u00dfe Kosmetikartikel. Das untere Fach bietet Platz f\u00fcr gr\u00f6\u00dfere Produkte, z. B. eine LED-Lampe und eine Fr\u00e4smaschine. Sehr solide verarbeitet mit verst\u00e4rkten Ecken und Balken an den Au\u00dfenkanten, um die Sicherheit von 100% zu gew\u00e4hrleisten.<\/p>\n<p>Dank zweier Schl\u00f6sser, die den Inhalt sichern, k\u00f6nnen Sie Gegenst\u00e4nde sicher im Kofferraum verstauen. Zwei Schl\u00fcssel sind am Koffer angebracht.<\/p>","protected":false},"excerpt":{"rendered":"<p>Modell: SC-CM0003<\/p>\n<p>Gr\u00f6\u00dfe: 26*21*32 cm<\/p>\n<p>Mindestbestellmenge: 100 St\u00fcck<\/p>\n<p>Lieferzeit: 15-25 Tage<\/p>\n<p>Probe: Verf\u00fcgbar<\/p>","protected":false},"featured_media":19828,"template":"","meta":{"_gspb_post_css":""},"product_cat":[34,96],"product_tag":[],"featured_image_urls":{"full":["https:\/\/suncasesupply.com\/wp-content\/uploads\/2023\/08\/1000x1000_product_media_33001-34000_Kuferek_kosmetyczny_L_na_lampe_Diamond_3D_czarny_czarne_okucia_1-j.webp",1000,1000,false],"thumbnail":["https:\/\/suncasesupply.com\/wp-content\/uploads\/2023\/08\/1000x1000_product_media_33001-34000_Kuferek_kosmetyczny_L_na_lampe_Diamond_3D_czarny_czarne_okucia_1-j-150x150.webp",150,150,true],"medium":["https:\/\/suncasesupply.com\/wp-content\/uploads\/2023\/08\/1000x1000_product_media_33001-34000_Kuferek_kosmetyczny_L_na_lampe_Diamond_3D_czarny_czarne_okucia_1-j-300x300.webp",300,300,true],"medium_large":["https:\/\/suncasesupply.com\/wp-content\/uploads\/2023\/08\/1000x1000_product_media_33001-34000_Kuferek_kosmetyczny_L_na_lampe_Diamond_3D_czarny_czarne_okucia_1-j-768x768.webp",768,768,true],"large":["https:\/\/suncasesupply.com\/wp-content\/uploads\/2023\/08\/1000x1000_product_media_33001-34000_Kuferek_kosmetyczny_L_na_lampe_Diamond_3D_czarny_czarne_okucia_1-j.webp",1000,1000,false],"1536x1536":["https:\/\/suncasesupply.com\/wp-content\/uploads\/2023\/08\/1000x1000_product_media_33001-34000_Kuferek_kosmetyczny_L_na_lampe_Diamond_3D_czarny_czarne_okucia_1-j.webp",1000,1000,false],"2048x2048":["https:\/\/suncasesupply.com\/wp-content\/uploads\/2023\/08\/1000x1000_product_media_33001-34000_Kuferek_kosmetyczny_L_na_lampe_Diamond_3D_czarny_czarne_okucia_1-j.webp",1000,1000,false],"trp-custom-language-flag":["https:\/\/suncasesupply.com\/wp-content\/uploads\/2023\/08\/1000x1000_product_media_33001-34000_Kuferek_kosmetyczny_L_na_lampe_Diamond_3D_czarny_czarne_okucia_1-j.webp",12,12,false],"woocommerce_thumbnail":["https:\/\/suncasesupply.com\/wp-content\/uploads\/2023\/08\/1000x1000_product_media_33001-34000_Kuferek_kosmetyczny_L_na_lampe_Diamond_3D_czarny_czarne_okucia_1-j-300x300.webp",300,300,true],"woocommerce_single":["https:\/\/suncasesupply.com\/wp-content\/uploads\/2023\/08\/1000x1000_product_media_33001-34000_Kuferek_kosmetyczny_L_na_lampe_Diamond_3D_czarny_czarne_okucia_1-j-600x600.webp",600,600,true],"woocommerce_gallery_thumbnail":["https:\/\/suncasesupply.com\/wp-content\/uploads\/2023\/08\/1000x1000_product_media_33001-34000_Kuferek_kosmetyczny_L_na_lampe_Diamond_3D_czarny_czarne_okucia_1-j-100x100.webp",100,100,true]},"post_excerpt_stackable":"<p>Model : SC-CM0003<\/p>\n<p>Size: 26*21*32 cm<\/p>\n<p>MOQ: 100pcs<\/p>\n<p>Delivery Time : 15-25 Days<\/p>\n<p>Sample : Available<\/p>\n","category_list":"","author_info":{"name":"","url":""},"comments_num":"0 comments","_links":{"self":[{"href":"https:\/\/suncasesupply.com\/de\/wp-json\/wp\/v2\/product\/19827"}],"collection":[{"href":"https:\/\/suncasesupply.com\/de\/wp-json\/wp\/v2\/product"}],"about":[{"href":"https:\/\/suncasesupply.com\/de\/wp-json\/wp\/v2\/types\/product"}],"wp:featuredmedia":[{"embeddable":true,"href":"https:\/\/suncasesupply.com\/de\/wp-json\/wp\/v2\/media\/19828"}],"wp:attachment":[{"href":"https:\/\/suncasesupply.com\/de\/wp-json\/wp\/v2\/media?parent=19827"}],"wp:term":[{"taxonomy":"product_cat","embeddable":true,"href":"https:\/\/suncasesupply.com\/de\/wp-json\/wp\/v2\/product_cat?post=19827"},{"taxonomy":"product_tag","embeddable":true,"href":"https:\/\/suncasesupply.com\/de\/wp-json\/wp\/v2\/product_tag?post=19827"}],"curies":[{"name":"wp","href":"https:\/\/api.w.org\/{rel}","templated":true}]}}