{"id":19804,"date":"2023-08-21T17:42:15","date_gmt":"2023-08-21T09:42:15","guid":{"rendered":"https:\/\/suncasesupply.com\/?post_type=product&#038;p=19804"},"modified":"2026-03-17T00:51:58","modified_gmt":"2026-03-16T16:51:58","slug":"graded-card-storage-box-premium-trading-card-case-carbon-fiber-slab-case","status":"publish","type":"product","link":"https:\/\/suncasesupply.com\/de\/product\/graded-card-storage-box-premium-trading-card-case-carbon-fiber-slab-case\/","title":{"rendered":"Abgestufte Kartenaufbewahrungsbox Premium-Sammelkartenetui Carbon Fiber Slab Case"},"content":{"rendered":"<h4><span style=\"color: #003366;\">Merkmale:<\/span><\/h4>\n<ul>\n<li><strong>Einfach zu tragen<\/strong>Der robuste und komfortable Griff erleichtert das Tragen des Etuis, das zudem sehr leicht ist. So eignet sich die Kartenaufbewahrungsbox aus hochwertigem Aluminium nicht nur hervorragend zur Aufbewahrung Ihrer Karten im Gesch\u00e4ft oder zu Hause, sondern ist auch ideal f\u00fcr unterwegs.<\/li>\n<li><strong>Langlebige Konstruktion<\/strong>Diese Aufbewahrungsbox f\u00fcr bewertete Karten besteht aus robusten Holzplatten und einem Aluminiumrahmen und vereint Stil und Sicherheit. Die Metallbeschl\u00e4ge wie Griff, Schl\u00f6sser und Ecken machen sie besonders stabil und langlebig.<\/li>\n<li><strong>Universelle Speicherfunktion<\/strong>Das Etui bietet Platz f\u00fcr alle g\u00e4ngigen Marken von bewerteten Sammelkarten, wie z. B. PSA, BSG und andere. Die Aufbewahrungsbox aus Karton verf\u00fcgt \u00fcber herausnehmbare Eins\u00e4tze, die die Karten sicher fixieren und ein Verrutschen verhindern.<\/li>\n<\/ul>\n<h4><span style=\"color: #003366;\">Produktdetails:<\/span><\/h4>\n<div style=\"display: flex; gap: 20px;\">\n<p><!-- \u7b2c\u4e00\u680f --><\/p>\n<div style=\"flex: 1; text-align: center;\">\n<p><img decoding=\"async\" style=\"max-width: 100%; height: auto; margin-bottom: 10px;\" src=\"https:\/\/suncasesupply.com\/wp-content\/uploads\/2025\/03\/Strong-handle.png\" alt=\"Stabiler Griff\" \/><\/p>\n<p style=\"font-weight: bold; margin: 5px 0;\">Stabiler Griff<\/p>\n<p style=\"margin: 0;\">Ausgestattet mit einem leichten Griff aus weichem Gummi und einer stabilen Metallbasis ist sie robust und bequem. Auf diese Weise ist die Aluminium-Kartenbox nicht nur eine gro\u00dfartige M\u00f6glichkeit, Ihre Karten im Gesch\u00e4ft oder zu Hause zu sammeln, sondern l\u00e4sst sich auch unterwegs leicht transportieren und verwenden.<\/p>\n<\/div>\n<p><!-- \u7b2c\u4e8c\u680f --><\/p>\n<div style=\"flex: 1; text-align: center;\">\n<p><img decoding=\"async\" style=\"max-width: 100%; height: auto; margin-bottom: 10px;\" src=\"https:\/\/suncasesupply.com\/wp-content\/uploads\/2025\/03\/Protective-Foam.png\" alt=\"Schutzschaum\" \/><\/p>\n<p style=\"font-weight: bold; margin: 5px 0;\">Schutzschaum<\/p>\n<p style=\"margin: 0;\">Der Deckel ist mit weichem Eierschaumstoff ausgekleidet, der sehr sto\u00dffest und schlagbest\u00e4ndig ist und Ihre Karten im Inneren optimal sch\u00fctzt. Diese hochwertige Aufbewahrungsbox verhindert, dass Ihre Karten beim Transport durchgesch\u00fcttelt oder besch\u00e4digt werden.<\/p>\n<\/div>\n<p><!-- \u7b2c\u4e09\u680f --><\/p>\n<div style=\"flex: 1; text-align: center;\">\n<p><img decoding=\"async\" style=\"max-width: 100%; height: auto; margin-bottom: 10px;\" src=\"https:\/\/suncasesupply.com\/wp-content\/uploads\/2025\/03\/EVA-dividers.png\" alt=\"Trennw\u00e4nde aus EVA\" \/><\/p>\n<p style=\"font-weight: bold; margin: 5px 0;\">Innenschlitze<\/p>\n<p style=\"margin: 0;\">Die F\u00e4cher im Inneren sind individuell f\u00fcr Ihre PSA-, BSG- und andere Sammelkarten gestaltet und enthalten in jedem Fach eine herausnehmbare Schutzh\u00fclle, sodass Ihre Karten stets \u00fcbersichtlich aufbewahrt werden k\u00f6nnen. Die Aufbewahrungsboxen f\u00fcr bewertete Sammelkarten bestehen aus weichem EVA-Material, das Ihre wertvollen Kartensammlungen nicht besch\u00e4digt.<\/p>\n<\/div>\n<div style=\"flex: 1; text-align: center;\">\n<p><img decoding=\"async\" style=\"max-width: 100%; height: auto; margin-bottom: 10px;\" src=\"https:\/\/suncasesupply.com\/wp-content\/uploads\/2025\/03\/Combination-Locks.png\" alt=\"Kombinationsschl\u00f6sser\" \/><\/p>\n<p style=\"font-weight: bold; margin: 5px 0;\">Kombinationsschl\u00f6sser<\/p>\n<p style=\"margin: 0;\">Das Zahlenschloss gew\u00e4hrleistet die Sicherheit der Box und ben\u00f6tigt keine zus\u00e4tzlichen Schl\u00fcssel. Es bietet mehr Sicherheit und Komfort beim Transport Ihrer Aufbewahrungsbox f\u00fcr bewertete Sportkarten.<\/p>\n<\/div>\n<\/div>\n<div style=\"background-color: #29599a; padding: 40px 20px; text-align: center; color: #ffffff; border-radius: 10px; margin: 40px auto; max-width: 960px;\">\n<h2 style=\"font-size: 22px; margin-bottom: 20px; font-weight: bold;\"><span style=\"color: #ffffff;\">Hochwertige Aufbewahrungsboxen f\u00fcr gradierte Karten gibt es bei Sun Case, schon ab 100 St\u00fcck!<\/span><\/h2>\n<p><a style=\"display: inline-block; padding: 12px 28px; background-color: #ffffff; color: #29599a; text-decoration: none; border-radius: 6px; font-weight: bold;\" href=\"https:\/\/suncasesupply.com\/de\/contact-us\/\" target=\"_blank\" rel=\"noopener\">Ein Angebot einholen<br \/>\n<\/a><\/p>\n<\/div>\n<h4><span style=\"color: #003366;\">Herstellungsprozess des Aufbewahrungsbeh\u00e4lters f\u00fcr abgestufte Karten:<\/span><\/h4>\n<p><img decoding=\"async\" style=\"max-width: 100%; height: auto; margin-bottom: 10px;\" src=\"https:\/\/suncasesupply.com\/wp-content\/uploads\/2025\/07\/Manufacturing-Process.png\" alt=\"Herstellungsprozess von Suncase\" \/><\/p>\n<div style=\"display: flex; gap: 20px;\">\n<p><!-- \u7b2c\u4e00\u680f \u6d41\u7a0b1--><\/p>\n<div style=\"flex: 1; text-align: center;\"><\/div>\n<\/div>\n<div style=\"display: flex; gap: 20px;\">\n<div style=\"flex: 1; text-align: center;\">\n<p style=\"font-weight: bold; margin: 5px 0;\">\n<\/div>\n<\/div>\n<h4><span style=\"color: #003366;\">Hilfreiche Informationen f\u00fcr Gro\u00dfabnehmer:<\/span><\/h4>\n<ol>\n<li>\n<p class=\"page-title\" title=\"Was macht Sportkarten so wertvoll?\"><a href=\"https:\/\/suncasesupply.com\/de\/blog\/custom-aluminum-case\/commercial-value-of-sports-cards\/\">Warum Sportkarten wertvoll sind und Aufbewahrungsboxen f\u00fcr Sportkarten &gt;&gt;<\/a><\/p>\n<\/li>\n<li>\n<p class=\"page-title\" title=\"Was macht Sportkarten so wertvoll?\"><a href=\"https:\/\/suncasesupply.com\/de\/blog\/how-protect-trading-cards-collection\/\">So sch\u00fctzen Sie Ihre Sammelkartensammlung &gt;&gt;<\/a><\/p>\n<\/li>\n<li title=\"So sch\u00fctzen Sie Ihre Sammelkartensammlung\">\n<p class=\"page-title\" title=\"Aufbewahrungsboxen f\u00fcr Sportkarten: Die beste M\u00f6glichkeit, Sportkarten aufzubewahren\"><a href=\"https:\/\/suncasesupply.com\/de\/blog\/custom-aluminum-case\/how-to-store-sports-cards\/\">Aufbewahrungsboxen f\u00fcr Sportkarten: Die beste M\u00f6glichkeit, Sportkarten aufzubewahren &gt;&gt;<\/a><\/p>\n<\/li>\n<\/ol>\n<p>&nbsp;<\/p>","protected":false},"excerpt":{"rendered":"<p>Modell: SC-CC0002<\/p>\n<p>Gr\u00f6\u00dfe: 34,3 * 29,3 * 18,4 cm<\/p>\n<p>Mindestbestellmenge: 100 St\u00fcck<\/p>\n<p>Lieferzeit: 15-25 Tage<\/p>\n<p>Probe: Verf\u00fcgbar<\/p>","protected":false},"featured_media":19794,"template":"","meta":{"_gspb_post_css":""},"product_cat":[42,87],"product_tag":[],"featured_image_urls":{"full":["https:\/\/suncasesupply.com\/wp-content\/uploads\/2023\/08\/1-1-scaled.jpg",2560,2560,false],"thumbnail":["https:\/\/suncasesupply.com\/wp-content\/uploads\/2023\/08\/1-1-150x150.jpg",150,150,true],"medium":["https:\/\/suncasesupply.com\/wp-content\/uploads\/2023\/08\/1-1-300x300.jpg",300,300,true],"medium_large":["https:\/\/suncasesupply.com\/wp-content\/uploads\/2023\/08\/1-1-768x768.jpg",768,768,true],"large":["https:\/\/suncasesupply.com\/wp-content\/uploads\/2023\/08\/1-1-1024x1024.jpg",1024,1024,true],"1536x1536":["https:\/\/suncasesupply.com\/wp-content\/uploads\/2023\/08\/1-1-1536x1536.jpg",1536,1536,true],"2048x2048":["https:\/\/suncasesupply.com\/wp-content\/uploads\/2023\/08\/1-1-2048x2048.jpg",2048,2048,true],"trp-custom-language-flag":["https:\/\/suncasesupply.com\/wp-content\/uploads\/2023\/08\/1-1-scaled.jpg",12,12,false],"woocommerce_thumbnail":["https:\/\/suncasesupply.com\/wp-content\/uploads\/2023\/08\/1-1-300x300.jpg",300,300,true],"woocommerce_single":["https:\/\/suncasesupply.com\/wp-content\/uploads\/2023\/08\/1-1-600x600.jpg",600,600,true],"woocommerce_gallery_thumbnail":["https:\/\/suncasesupply.com\/wp-content\/uploads\/2023\/08\/1-1-100x100.jpg",100,100,true]},"post_excerpt_stackable":"<p>Model : SC-CC0002<\/p>\n<p>Size: 34.3*29.3*18.4cmcm<\/p>\n<p>MOQ: 100pcs<\/p>\n<p>Delivery Time : 15-25 Days<\/p>\n<p>Sample : Available<\/p>\n","category_list":"","author_info":{"name":"","url":""},"comments_num":"0 comments","_links":{"self":[{"href":"https:\/\/suncasesupply.com\/de\/wp-json\/wp\/v2\/product\/19804"}],"collection":[{"href":"https:\/\/suncasesupply.com\/de\/wp-json\/wp\/v2\/product"}],"about":[{"href":"https:\/\/suncasesupply.com\/de\/wp-json\/wp\/v2\/types\/product"}],"wp:featuredmedia":[{"embeddable":true,"href":"https:\/\/suncasesupply.com\/de\/wp-json\/wp\/v2\/media\/19794"}],"wp:attachment":[{"href":"https:\/\/suncasesupply.com\/de\/wp-json\/wp\/v2\/media?parent=19804"}],"wp:term":[{"taxonomy":"product_cat","embeddable":true,"href":"https:\/\/suncasesupply.com\/de\/wp-json\/wp\/v2\/product_cat?post=19804"},{"taxonomy":"product_tag","embeddable":true,"href":"https:\/\/suncasesupply.com\/de\/wp-json\/wp\/v2\/product_tag?post=19804"}],"curies":[{"name":"wp","href":"https:\/\/api.w.org\/{rel}","templated":true}]}}