{"id":19770,"date":"2023-08-21T16:07:55","date_gmt":"2023-08-21T08:07:55","guid":{"rendered":"https:\/\/suncasesupply.com\/?post_type=product&#038;p=19770"},"modified":"2025-02-26T11:51:40","modified_gmt":"2025-02-26T03:51:40","slug":"flight-tv-storage-case-tv-screen-transport-case","status":"publish","type":"product","link":"https:\/\/suncasesupply.com\/de\/product\/flight-tv-storage-case-tv-screen-transport-case\/","title":{"rendered":"Flight TV-Aufbewahrungskoffer TV-Bildschirm-Transportkoffer"},"content":{"rendered":"<p>&nbsp;<\/p>\n<table width=\"774\">\n<tbody>\n<tr>\n<td width=\"177\">Artikel<\/td>\n<td width=\"597\">Flightcase<\/td>\n<\/tr>\n<tr>\n<td>Abmessungen<\/td>\n<td>Anpassen<\/td>\n<\/tr>\n<tr>\n<td>Farben<\/td>\n<td>Wie die Bilder zeigen oder anpassen<\/td>\n<\/tr>\n<tr>\n<td>Materialien<\/td>\n<td>Aluminium, Sperrholz, EVA\/Schaum\/Stoff\/PU-Futter, Hardware<\/td>\n<\/tr>\n<tr>\n<td>Logo<\/td>\n<td>Metallplattenlogo, gedrucktes Logo, gepr\u00e4gtes Logo, Laserlogo<\/td>\n<\/tr>\n<tr>\n<td>Beispielzeit<\/td>\n<td>7 Tage<\/td>\n<\/tr>\n<tr>\n<td>Verschiffungshafen<\/td>\n<td>Guangzhou, Shenzhen<\/td>\n<\/tr>\n<tr>\n<td>Handelsbedingungen<\/td>\n<td>EXW, FOB, CIF, DDU, DDP<\/td>\n<\/tr>\n<tr>\n<td>Zahlungsarten<\/td>\n<td>T\/T, Barzahlung, PayPal, Kreditkarte<\/td>\n<\/tr>\n<\/tbody>\n<\/table>\n<p><span style=\"color: #003366;\">Merkmale:<\/span><\/p>\n<p>Diese universell passende Tasche passt f\u00fcr die meisten Flachbildschirme mit einer Diagonale von 48 bis 60 Zoll. Die beweglichen Trennw\u00e4nde sind eine einfache L\u00f6sung, um mehrere Bildschirme in einer Tasche zu teilen und zu transportieren. Diese Tasche passt m\u00f6glicherweise nicht f\u00fcr Fernseher mit breiten Blenden oder tiefen Geh\u00e4usen. Messen Sie daher unbedingt die genauen Abmessungen Ihres Flachbildschirms, um sicherzustellen, dass diese Tasche Ihren Anforderungen entspricht.<\/p>\n<p>Die Innenma\u00dfe von Schaumstoff zu Schaumstoff betragen: 55 Zoll B x 18 Zoll T x 34 Zoll H. Stellen Sie sicher, dass alle Fernseher nicht breiter als 55 Zoll und nicht h\u00f6her als 34 Zoll sind. Dieser Koffer wird mit drei beweglichen Trennw\u00e4nden geliefert, die jeweils etwa einen Zoll Innentiefe beanspruchen oder eine Gesamttiefe von 15 Zoll zwischen maximal vier Fernsehern (und deren Halterungen, falls angebracht) lassen. Bitte kontaktieren Sie uns, wenn Sie Hilfe ben\u00f6tigen, um die richtige Passform f\u00fcr Ihre Displays sicherzustellen. Wir passen dieses Kofferdesign gerne Ihren genauen Anforderungen an.<\/p>","protected":false},"excerpt":{"rendered":"<p>Modell: SC-FL0002<\/p>\n<p>Au\u00dfenma\u00dfe \u2013 59\u2033 B x 22\u2033 T x 43\u2033 H (einschlie\u00dflich R\u00e4der)<\/p>\n<p>Innenma\u00dfe \u2013 55\u2033 B x 18\u2033 T x 34\u2033 H (Schaumstoff zu Schaum)<\/p>\n<p>Mindestbestellmenge: 5 St\u00fcck<\/p>\n<p>Lieferzeit: 15-25 Tage<\/p>\n<p>Probe: Verf\u00fcgbar<\/p>","protected":false},"featured_media":19771,"template":"","meta":{"_gspb_post_css":""},"product_cat":[39,94],"product_tag":[],"featured_image_urls":{"full":["https:\/\/suncasesupply.com\/wp-content\/uploads\/2023\/08\/082__36156.jpg",1280,1025,false],"thumbnail":["https:\/\/suncasesupply.com\/wp-content\/uploads\/2023\/08\/082__36156-150x150.jpg",150,150,true],"medium":["https:\/\/suncasesupply.com\/wp-content\/uploads\/2023\/08\/082__36156-300x240.jpg",300,240,true],"medium_large":["https:\/\/suncasesupply.com\/wp-content\/uploads\/2023\/08\/082__36156-768x615.jpg",768,615,true],"large":["https:\/\/suncasesupply.com\/wp-content\/uploads\/2023\/08\/082__36156-1024x820.jpg",1024,820,true],"1536x1536":["https:\/\/suncasesupply.com\/wp-content\/uploads\/2023\/08\/082__36156.jpg",1280,1025,false],"2048x2048":["https:\/\/suncasesupply.com\/wp-content\/uploads\/2023\/08\/082__36156.jpg",1280,1025,false],"trp-custom-language-flag":["https:\/\/suncasesupply.com\/wp-content\/uploads\/2023\/08\/082__36156.jpg",15,12,false],"woocommerce_thumbnail":["https:\/\/suncasesupply.com\/wp-content\/uploads\/2023\/08\/082__36156-300x300.jpg",300,300,true],"woocommerce_single":["https:\/\/suncasesupply.com\/wp-content\/uploads\/2023\/08\/082__36156-600x480.jpg",600,480,true],"woocommerce_gallery_thumbnail":["https:\/\/suncasesupply.com\/wp-content\/uploads\/2023\/08\/082__36156-100x100.jpg",100,100,true]},"post_excerpt_stackable":"<p>Model : SC-FL0002<\/p>\n<p>Outside Dimensions &#8211; 59&#8243; W x 22&#8243; D x 43&#8243; H (including wheels)<\/p>\n<p>Inside Dimensions &#8211;\u00a055&#8243; W x 18&#8243; D x 34&#8243; H (foam to foam)<\/p>\n<p>MOQ: 5pcs<\/p>\n<p>Delivery Time : 15-25 Days<\/p>\n<p>Sample : Available<\/p>\n","category_list":"","author_info":{"name":"","url":""},"comments_num":"0 comments","_links":{"self":[{"href":"https:\/\/suncasesupply.com\/de\/wp-json\/wp\/v2\/product\/19770"}],"collection":[{"href":"https:\/\/suncasesupply.com\/de\/wp-json\/wp\/v2\/product"}],"about":[{"href":"https:\/\/suncasesupply.com\/de\/wp-json\/wp\/v2\/types\/product"}],"wp:featuredmedia":[{"embeddable":true,"href":"https:\/\/suncasesupply.com\/de\/wp-json\/wp\/v2\/media\/19771"}],"wp:attachment":[{"href":"https:\/\/suncasesupply.com\/de\/wp-json\/wp\/v2\/media?parent=19770"}],"wp:term":[{"taxonomy":"product_cat","embeddable":true,"href":"https:\/\/suncasesupply.com\/de\/wp-json\/wp\/v2\/product_cat?post=19770"},{"taxonomy":"product_tag","embeddable":true,"href":"https:\/\/suncasesupply.com\/de\/wp-json\/wp\/v2\/product_tag?post=19770"}],"curies":[{"name":"wp","href":"https:\/\/api.w.org\/{rel}","templated":true}]}}