{"id":19750,"date":"2023-08-21T14:57:10","date_gmt":"2023-08-21T06:57:10","guid":{"rendered":"https:\/\/suncasesupply.com\/?post_type=product&#038;p=19750"},"modified":"2025-02-26T11:35:36","modified_gmt":"2025-02-26T03:35:36","slug":"aluminum-flight-cable-case-transport-flight-storage-case","status":"publish","type":"product","link":"https:\/\/suncasesupply.com\/de\/product\/aluminum-flight-cable-case-transport-flight-storage-case\/","title":{"rendered":"Aluminium Flugkabelkoffer Transport Flug Aufbewahrungskoffer"},"content":{"rendered":"<p>&nbsp;<\/p>\n<table width=\"774\">\n<tbody>\n<tr>\n<td width=\"177\">Artikel<\/td>\n<td width=\"597\">Flightcase<\/td>\n<\/tr>\n<tr>\n<td>Abmessungen<\/td>\n<td>Anpassen<\/td>\n<\/tr>\n<tr>\n<td>Farben<\/td>\n<td>Wie die Bilder zeigen oder anpassen<\/td>\n<\/tr>\n<tr>\n<td>Materialien<\/td>\n<td>Aluminium, Sperrholz, EVA\/Schaum\/Stoff\/PU-Futter, Hardware<\/td>\n<\/tr>\n<tr>\n<td>Logo<\/td>\n<td>Metallplattenlogo, gedrucktes Logo, gepr\u00e4gtes Logo, Laserlogo<\/td>\n<\/tr>\n<tr>\n<td>Beispielzeit<\/td>\n<td>7 Tage<\/td>\n<\/tr>\n<tr>\n<td>Verschiffungshafen<\/td>\n<td>Guangzhou, Shenzhen<\/td>\n<\/tr>\n<tr>\n<td>Handelsbedingungen<\/td>\n<td>EXW, FOB, CIF, DDU, DDP<\/td>\n<\/tr>\n<tr>\n<td>Zahlungsarten<\/td>\n<td>T\/T, Barzahlung, PayPal, Kreditkarte<\/td>\n<\/tr>\n<\/tbody>\n<\/table>\n<p><span style=\"color: #003366;\">Merkmale:<\/span><\/p>\n<p>Der Koffer besteht aus stabilen, 3\/8 Zoll dicken, schwarz laminierten Sperrholzw\u00e4nden. Dann werden hochbelastbare, stapelbare Kugeleckensch\u00fctzer sowie versenkte Riegel und Griffe angebracht. Abschlie\u00dfend wird alles mit verchromten Beschl\u00e4gen zusammengehalten. So erhalten Sie den besten Schutzkoffer f\u00fcr unterwegs, der gleichzeitig stilvoll aussieht.<\/p>","protected":false},"excerpt":{"rendered":"<p>Modell: SC-FL0001<\/p>\n<p>Innenma\u00dfe: B1164 mm x T564 mm x H564 mm<br \/>\nAu\u00dfenma\u00dfe: B1185\u00a0mm x T585\u00a0mm x H730\u00a0mm inkl. Rollen<\/p>\n<p>Mindestbestellmenge: 5 St\u00fcck<\/p>\n<p>Lieferzeit: 15-25 Tage<\/p>\n<p>Probe: Verf\u00fcgbar<\/p>","protected":false},"featured_media":19758,"template":"","meta":{"_gspb_post_css":""},"product_cat":[39,91],"product_tag":[],"featured_image_urls":{"full":["https:\/\/suncasesupply.com\/wp-content\/uploads\/2023\/08\/222.jpg",1338,1500,false],"thumbnail":["https:\/\/suncasesupply.com\/wp-content\/uploads\/2023\/08\/222-150x150.jpg",150,150,true],"medium":["https:\/\/suncasesupply.com\/wp-content\/uploads\/2023\/08\/222-268x300.jpg",268,300,true],"medium_large":["https:\/\/suncasesupply.com\/wp-content\/uploads\/2023\/08\/222-768x861.jpg",768,861,true],"large":["https:\/\/suncasesupply.com\/wp-content\/uploads\/2023\/08\/222-913x1024.jpg",913,1024,true],"1536x1536":["https:\/\/suncasesupply.com\/wp-content\/uploads\/2023\/08\/222.jpg",1338,1500,false],"2048x2048":["https:\/\/suncasesupply.com\/wp-content\/uploads\/2023\/08\/222.jpg",1338,1500,false],"trp-custom-language-flag":["https:\/\/suncasesupply.com\/wp-content\/uploads\/2023\/08\/222.jpg",11,12,false],"woocommerce_thumbnail":["https:\/\/suncasesupply.com\/wp-content\/uploads\/2023\/08\/222-300x300.jpg",300,300,true],"woocommerce_single":["https:\/\/suncasesupply.com\/wp-content\/uploads\/2023\/08\/222-600x673.jpg",600,673,true],"woocommerce_gallery_thumbnail":["https:\/\/suncasesupply.com\/wp-content\/uploads\/2023\/08\/222-100x100.jpg",100,100,true]},"post_excerpt_stackable":"<p>Model : SC-FL0001<\/p>\n<p>Int Dims: w1164mm x d564mm x h564mm<br \/>\nExt Dims: w1185mm x d585mm x h730mm inc castors<\/p>\n<p>MOQ: 5pcs<\/p>\n<p>Delivery Time : 15-25 Days<\/p>\n<p>Sample : Available<\/p>\n","category_list":"","author_info":{"name":"","url":""},"comments_num":"0 comments","_links":{"self":[{"href":"https:\/\/suncasesupply.com\/de\/wp-json\/wp\/v2\/product\/19750"}],"collection":[{"href":"https:\/\/suncasesupply.com\/de\/wp-json\/wp\/v2\/product"}],"about":[{"href":"https:\/\/suncasesupply.com\/de\/wp-json\/wp\/v2\/types\/product"}],"wp:featuredmedia":[{"embeddable":true,"href":"https:\/\/suncasesupply.com\/de\/wp-json\/wp\/v2\/media\/19758"}],"wp:attachment":[{"href":"https:\/\/suncasesupply.com\/de\/wp-json\/wp\/v2\/media?parent=19750"}],"wp:term":[{"taxonomy":"product_cat","embeddable":true,"href":"https:\/\/suncasesupply.com\/de\/wp-json\/wp\/v2\/product_cat?post=19750"},{"taxonomy":"product_tag","embeddable":true,"href":"https:\/\/suncasesupply.com\/de\/wp-json\/wp\/v2\/product_tag?post=19750"}],"curies":[{"name":"wp","href":"https:\/\/api.w.org\/{rel}","templated":true}]}}