{"id":19709,"date":"2023-08-21T11:24:13","date_gmt":"2023-08-21T03:24:13","guid":{"rendered":"https:\/\/suncasesupply.com\/?post_type=product&#038;p=19709"},"modified":"2025-02-26T11:15:02","modified_gmt":"2025-02-26T03:15:02","slug":"3-in-1-rolling-makeup-case-professional-cosmetic-beauty-case","status":"publish","type":"product","link":"https:\/\/suncasesupply.com\/de\/product\/3-in-1-rolling-makeup-case-professional-cosmetic-beauty-case\/","title":{"rendered":"Double Diamond Kosmetiketui Beauty Nail Case"},"content":{"rendered":"<p>&nbsp;<\/p>\n<table width=\"774\">\n<tbody>\n<tr>\n<td width=\"177\">Artikel<\/td>\n<td width=\"597\">Aluminiumgeh\u00e4use<\/td>\n<\/tr>\n<tr>\n<td>Abmessungen<\/td>\n<td>25*35*39cm oder anpassen<\/td>\n<\/tr>\n<tr>\n<td>Farben<\/td>\n<td>Wie die Bilder zeigen oder anpassen<\/td>\n<\/tr>\n<tr>\n<td>Materialien<\/td>\n<td>Aluminium, ABS-Platte, MDF-Platte, EVA\/Schaum\/Stoff\/PU-Futter, Hardware<\/td>\n<\/tr>\n<tr>\n<td>Logo<\/td>\n<td>Metallplattenlogo, gedrucktes Logo, gepr\u00e4gtes Logo, Laserlogo<\/td>\n<\/tr>\n<tr>\n<td>Beispielzeit<\/td>\n<td>7 Tage<\/td>\n<\/tr>\n<tr>\n<td>Verschiffungshafen<\/td>\n<td>Guangzhou, Shenzhen<\/td>\n<\/tr>\n<tr>\n<td>Handelsbedingungen<\/td>\n<td>EXW, FOB, CIF, DDU, DDP<\/td>\n<\/tr>\n<tr>\n<td>Zahlungsarten<\/td>\n<td>T\/T, Barzahlung, PayPal, Kreditkarte<\/td>\n<\/tr>\n<\/tbody>\n<\/table>\n<p><span style=\"color: #003366;\">Merkmale:<\/span><\/p>\n<p>Ein funktionaler zweiteiliger Beauty- und Friseurkoffer, ideal f\u00fcr Nagelstylisten, Friseure, Kosmetikerinnen, Visagisten im Au\u00dfendienst oder zur Aufbewahrung von Kosmetika zu Hause.<\/p>\n<p>Die solide verarbeitete, faltbare und optimal gew\u00e4hlte Gr\u00f6\u00dfe des Koffers erm\u00f6glicht es Ihnen, problemlos eine vollwertige UV- und LED-Lampe darin unterzubringen.<\/p>\n<p>Die doppelseitige Kommode verf\u00fcgt \u00fcber ausziehbare Regale und ist durch zwei Schl\u00f6sser mit Schl\u00fcssel gesichert.<\/p>\n<p>Aufgrund seines geringen Gewichts ideal f\u00fcr den Feldeinsatz.<\/p>\n<p>Ein stilvoller Koffer zur Produktpr\u00e4sentation bei offiziellen Treffen, zB Gesch\u00e4ftstreffen.<\/p>\n<p>Es funktioniert in jeder Situation!<\/p>\n<p>ZWEITEILIG \u2013 SIE K\u00d6NNEN DAS GANZE ODER NUR EIN ABNEHMBARES TEIL VERWENDEN!<\/p>","protected":false},"excerpt":{"rendered":"<p>Modell: SC-CM0001<\/p>\n<p>Gr\u00f6\u00dfe: 250x350x390 mm<\/p>\n<p>Mindestbestellmenge: 100 St\u00fcck<\/p>\n<p>Lieferzeit: 15-25 Tage<\/p>\n<p>Probe: Verf\u00fcgbar<\/p>","protected":false},"featured_media":19718,"template":"","meta":{"_gspb_post_css":""},"product_cat":[34,96],"product_tag":[],"featured_image_urls":{"full":["https:\/\/suncasesupply.com\/wp-content\/uploads\/2023\/08\/716x716_product_media_35001-36000_kuferek_kosmetyczny_xxl_dwuczesciowy_m_3n_bialy_diament_bez_kratki_bez_paska_k107_25ha-j.webp",716,716,false],"thumbnail":["https:\/\/suncasesupply.com\/wp-content\/uploads\/2023\/08\/716x716_product_media_35001-36000_kuferek_kosmetyczny_xxl_dwuczesciowy_m_3n_bialy_diament_bez_kratki_bez_paska_k107_25ha-j-150x150.webp",150,150,true],"medium":["https:\/\/suncasesupply.com\/wp-content\/uploads\/2023\/08\/716x716_product_media_35001-36000_kuferek_kosmetyczny_xxl_dwuczesciowy_m_3n_bialy_diament_bez_kratki_bez_paska_k107_25ha-j-300x300.webp",300,300,true],"medium_large":["https:\/\/suncasesupply.com\/wp-content\/uploads\/2023\/08\/716x716_product_media_35001-36000_kuferek_kosmetyczny_xxl_dwuczesciowy_m_3n_bialy_diament_bez_kratki_bez_paska_k107_25ha-j.webp",716,716,false],"large":["https:\/\/suncasesupply.com\/wp-content\/uploads\/2023\/08\/716x716_product_media_35001-36000_kuferek_kosmetyczny_xxl_dwuczesciowy_m_3n_bialy_diament_bez_kratki_bez_paska_k107_25ha-j.webp",716,716,false],"1536x1536":["https:\/\/suncasesupply.com\/wp-content\/uploads\/2023\/08\/716x716_product_media_35001-36000_kuferek_kosmetyczny_xxl_dwuczesciowy_m_3n_bialy_diament_bez_kratki_bez_paska_k107_25ha-j.webp",716,716,false],"2048x2048":["https:\/\/suncasesupply.com\/wp-content\/uploads\/2023\/08\/716x716_product_media_35001-36000_kuferek_kosmetyczny_xxl_dwuczesciowy_m_3n_bialy_diament_bez_kratki_bez_paska_k107_25ha-j.webp",716,716,false],"trp-custom-language-flag":["https:\/\/suncasesupply.com\/wp-content\/uploads\/2023\/08\/716x716_product_media_35001-36000_kuferek_kosmetyczny_xxl_dwuczesciowy_m_3n_bialy_diament_bez_kratki_bez_paska_k107_25ha-j.webp",12,12,false],"woocommerce_thumbnail":["https:\/\/suncasesupply.com\/wp-content\/uploads\/2023\/08\/716x716_product_media_35001-36000_kuferek_kosmetyczny_xxl_dwuczesciowy_m_3n_bialy_diament_bez_kratki_bez_paska_k107_25ha-j-300x300.webp",300,300,true],"woocommerce_single":["https:\/\/suncasesupply.com\/wp-content\/uploads\/2023\/08\/716x716_product_media_35001-36000_kuferek_kosmetyczny_xxl_dwuczesciowy_m_3n_bialy_diament_bez_kratki_bez_paska_k107_25ha-j-600x600.webp",600,600,true],"woocommerce_gallery_thumbnail":["https:\/\/suncasesupply.com\/wp-content\/uploads\/2023\/08\/716x716_product_media_35001-36000_kuferek_kosmetyczny_xxl_dwuczesciowy_m_3n_bialy_diament_bez_kratki_bez_paska_k107_25ha-j-100x100.webp",100,100,true]},"post_excerpt_stackable":"<p>Model : SC-CM0001<\/p>\n<p>Size: 250x350x390 mm<\/p>\n<p>MOQ: 100pcs<\/p>\n<p>Delivery Time : 15-25 Days<\/p>\n<p>Sample : Available<\/p>\n","category_list":"","author_info":{"name":"","url":""},"comments_num":"0 comments","_links":{"self":[{"href":"https:\/\/suncasesupply.com\/de\/wp-json\/wp\/v2\/product\/19709"}],"collection":[{"href":"https:\/\/suncasesupply.com\/de\/wp-json\/wp\/v2\/product"}],"about":[{"href":"https:\/\/suncasesupply.com\/de\/wp-json\/wp\/v2\/types\/product"}],"wp:featuredmedia":[{"embeddable":true,"href":"https:\/\/suncasesupply.com\/de\/wp-json\/wp\/v2\/media\/19718"}],"wp:attachment":[{"href":"https:\/\/suncasesupply.com\/de\/wp-json\/wp\/v2\/media?parent=19709"}],"wp:term":[{"taxonomy":"product_cat","embeddable":true,"href":"https:\/\/suncasesupply.com\/de\/wp-json\/wp\/v2\/product_cat?post=19709"},{"taxonomy":"product_tag","embeddable":true,"href":"https:\/\/suncasesupply.com\/de\/wp-json\/wp\/v2\/product_tag?post=19709"}],"curies":[{"name":"wp","href":"https:\/\/api.w.org\/{rel}","templated":true}]}}