{"id":19696,"date":"2023-08-21T10:52:29","date_gmt":"2023-08-21T02:52:29","guid":{"rendered":"https:\/\/suncasesupply.com\/?post_type=product&#038;p=19696"},"modified":"2026-03-17T01:03:25","modified_gmt":"2026-03-16T17:03:25","slug":"aluminum-vinyl-record-case-12-lp-case-100-lps","status":"publish","type":"product","link":"https:\/\/suncasesupply.com\/de\/product\/aluminum-vinyl-record-case-12-lp-case-100-lps\/","title":{"rendered":"Aluminium-Schallplattenkoffer 12\u2033 LP-H\u00fclle (100 LPs)"},"content":{"rendered":"<h4><span style=\"color: #003366;\">Merkmale:<\/span><\/h4>\n<ul>\n<li><strong>Gro\u00dfe Kapazit\u00e4t<\/strong>Die Gr\u00f6\u00dfe dieses Aluminium-LP-Aufbewahrungskoffers betr\u00e4gt 36 x 36 x 36 cm und er ist f\u00fcr 100 12-Zoll-Schallplatten ausgelegt, um die Sammlung organisiert und gesch\u00fctzt aufzubewahren.<\/li>\n<li><strong>Langlebige Konstruktion<\/strong>Dank des robusten Aluminiumrahmens, der Metallecken, der MDF-Platte etc. ist die LP-Schallplatten-Aufbewahrungsbox \u00e4u\u00dferst stabil. Sie eignet sich ideal f\u00fcr den Transport und die sichere Aufbewahrung Ihrer Schallplatten.<\/li>\n<li><strong>Angemessenes Design<\/strong>: Diese Box ist mit einem Vorh\u00e4ngeschloss und einer abnehmbaren oberen Abdeckung ausgestattet, was zum Anzeigen und Aufnehmen von Aufzeichnungen sehr praktisch ist. An der Unterseite sind vier F\u00fc\u00dfe angebracht, um Sch\u00e4den an der Box durch Reibung mit dem Tisch und dem Boden zu vermeiden.<\/li>\n<\/ul>\n<h4><span style=\"color: #003366;\">Produktdetails:<\/span><\/h4>\n<div style=\"display: flex; gap: 20px;\">\n<p><!-- \u7b2c\u4e00\u680f --><\/p>\n<div style=\"flex: 1; text-align: center;\">\n<p><img decoding=\"async\" style=\"max-width: 100%; height: auto; margin-bottom: 10px;\" src=\"https:\/\/suncasesupply.com\/wp-content\/uploads\/2025\/03\/Durable-Construction.png\" alt=\"Langlebige Konstruktion\" \/><\/p>\n<p style=\"font-weight: bold; margin: 5px 0;\">Langlebige Konstruktion<\/p>\n<p style=\"margin: 0;\">Ausgestattet mit einem robusten Aluminiumrahmen, Metallecken, MDF-Platten usw., zeichnet sich das Aluminium-Schallplattencase durch seine stabile Konstruktion aus. Es ist \u00e4u\u00dferst sto\u00dffest und sch\u00fctzt die Schallplatten im Inneren optimal vor Besch\u00e4digungen beim Transport.<\/p>\n<\/div>\n<p><!-- \u7b2c\u4e8c\u680f --><\/p>\n<div style=\"flex: 1; text-align: center;\">\n<p><img decoding=\"async\" style=\"max-width: 100%; height: auto; margin-bottom: 10px;\" src=\"https:\/\/suncasesupply.com\/wp-content\/uploads\/2025\/03\/Soft-Lining.png\" alt=\"Weiches Futter\" \/><\/p>\n<p style=\"font-weight: bold; margin: 5px 0;\">Weiches Futter<\/p>\n<p style=\"margin: 0;\">Die Innenseite ist mit 4 mm dickem, weichem EVA-Schaumstoff ausgekleidet, der eine gewisse Sto\u00dffestigkeit aufweist und die Schallplatten vor Besch\u00e4digungen sch\u00fctzen kann. Diese Schallplattenh\u00fclle eignet sich nicht nur gut zur Aufbewahrung Ihrer LP-Sammlung, sondern auch als perfekte Tragebox f\u00fcr Ihre anderen Sachen.<\/p>\n<\/div>\n<div style=\"flex: 1; text-align: center;\">\n<p><img decoding=\"async\" style=\"max-width: 100%; height: auto; margin-bottom: 10px;\" src=\"https:\/\/suncasesupply.com\/wp-content\/uploads\/2025\/03\/Strong-Padlock.png\" alt=\"Starkes Vorh\u00e4ngeschloss\" \/><\/p>\n<p style=\"font-weight: bold; margin: 5px 0;\">Starkes Vorh\u00e4ngeschloss<\/p>\n<p style=\"margin: 0;\">Dieser Aluminium-LP-Aufbewahrungskoffer ist mit einem robusten und langlebigen Metallschloss ausgestattet. Zus\u00e4tzlich kann er mit einem kleinen Vorh\u00e4ngeschloss gesichert werden, um die Sicherheit der darin befindlichen Sammlerst\u00fccke zu gew\u00e4hrleisten. Damit ist er ein zuverl\u00e4ssiger Aufbewahrungskoffer f\u00fcr Vinyl-LPs \u2013 ideal f\u00fcr reisende DJs und passionierte Sammler.<\/p>\n<\/div>\n<p><!-- \u7b2c\u56db\u680f --><\/p>\n<div style=\"flex: 1; text-align: center;\">\n<p><img decoding=\"async\" style=\"max-width: 100%; height: auto; margin-bottom: 10px;\" src=\"https:\/\/suncasesupply.com\/wp-content\/uploads\/2025\/03\/Sturdy-Handle-1.png\" alt=\"Stabiler Griff\" \/><\/p>\n<p style=\"font-weight: bold; margin: 5px 0;\">Stabiler Griff<\/p>\n<p style=\"margin: 0;\">Der Griff besteht aus robustem Metall und weichem Gummi und sorgt so f\u00fcr einen komfortablen Halt und sicheren Transport. Der Metallboden gew\u00e4hrleistet zuverl\u00e4ssige Tragf\u00e4higkeit, damit Sie Ihre Schallplatten-Aufbewahrungsbox sicher \u00fcberallhin mitnehmen k\u00f6nnen.<\/p>\n<\/div>\n<\/div>\n<div style=\"background-color: #29599a; padding: 40px 20px; text-align: center; color: #ffffff; border-radius: 10px; margin: 40px auto; max-width: 960px;\">\n<h2 style=\"font-size: 22px; margin-bottom: 20px; font-weight: bold;\"><span style=\"color: #ffffff;\">Hochwertige Aluminium-LP-Aufbewahrungskoffer gibt es bei Sun Case, schon ab 100 St\u00fcck!<\/span><\/h2>\n<p><a style=\"display: inline-block; padding: 12px 28px; background-color: #ffffff; color: #29599a; text-decoration: none; border-radius: 6px; font-weight: bold;\" href=\"https:\/\/suncasesupply.com\/de\/contact-us\/\" target=\"_blank\" rel=\"noopener\">Ein Angebot einholen<br \/>\n<\/a><\/p>\n<\/div>\n<h4><span style=\"color: #003366;\">Herstellungsprozess des Aluminium-LP-Geh\u00e4uses:<\/span><\/h4>\n<p><img decoding=\"async\" style=\"max-width: 100%; height: auto; margin-bottom: 10px;\" src=\"https:\/\/suncasesupply.com\/wp-content\/uploads\/2025\/07\/Manufacturing-Process.png\" alt=\"Herstellungsprozess von Suncase\" \/><\/p>\n<div style=\"display: flex; gap: 20px;\"><\/div>\n<div style=\"display: flex; gap: 20px;\">\n<div style=\"flex: 1; text-align: center;\">\n<p style=\"font-weight: bold; margin: 5px 0;\">\n<\/div>\n<\/div>\n<h4><span style=\"color: #003366;\">Hilfreiche Informationen f\u00fcr Gro\u00dfabnehmer:<\/span><\/h4>\n<ul>\n<li class=\"page-title\" title=\"Aufbewahrungsboxen f\u00fcr Sportkarten: Die beste M\u00f6glichkeit, Sportkarten aufzubewahren\"><a href=\"https:\/\/suncasesupply.com\/de\/blog\/what-vinyl-record-case-made-of\/\">Woraus bestehen Schallplattenh\u00fcllen?<\/a><\/li>\n<li><a href=\"https:\/\/suncasesupply.com\/de\/blog\/size-of-the-vinyl-record-case\/\">Welche Gr\u00f6\u00dfe hat die Schallplattenh\u00fclle?<\/a><\/li>\n<li><a href=\"https:\/\/suncasesupply.com\/de\/blog\/custom-aluminum-case\/aluminum-storage-box-for-organization\/\">Wie lagert man Schallplatten in einer Aluminiumh\u00fclle?<\/a><\/li>\n<\/ul>","protected":false},"excerpt":{"rendered":"<p>Modell: SC-LP0001<\/p>\n<p>Gr\u00f6\u00dfe: 36 * 36 * 36 cm<\/p>\n<p>Kapazit\u00e4t: 100 12\u2033-LPs<\/p>\n<p>Farben: Schwarz oder anpassen<\/p>\n<p>Materialien: Aluminium, ABS-Platte, EVA-Schaum<\/p>\n<p>Logo: Metallplattenlogo, Siebdrucklogo<\/p>\n<p>Mindestbestellmenge: 100 St\u00fcck<\/p>","protected":false},"featured_media":19697,"template":"","meta":{"_gspb_post_css":""},"product_cat":[83],"product_tag":[],"featured_image_urls":{"full":["https:\/\/suncasesupply.com\/wp-content\/uploads\/2023\/08\/1-vinyl-case-12-record-case-100-lps-silver-black.webp",970,970,false],"thumbnail":["https:\/\/suncasesupply.com\/wp-content\/uploads\/2023\/08\/1-vinyl-case-12-record-case-100-lps-silver-black-150x150.webp",150,150,true],"medium":["https:\/\/suncasesupply.com\/wp-content\/uploads\/2023\/08\/1-vinyl-case-12-record-case-100-lps-silver-black-300x300.webp",300,300,true],"medium_large":["https:\/\/suncasesupply.com\/wp-content\/uploads\/2023\/08\/1-vinyl-case-12-record-case-100-lps-silver-black-768x768.webp",768,768,true],"large":["https:\/\/suncasesupply.com\/wp-content\/uploads\/2023\/08\/1-vinyl-case-12-record-case-100-lps-silver-black.webp",970,970,false],"1536x1536":["https:\/\/suncasesupply.com\/wp-content\/uploads\/2023\/08\/1-vinyl-case-12-record-case-100-lps-silver-black.webp",970,970,false],"2048x2048":["https:\/\/suncasesupply.com\/wp-content\/uploads\/2023\/08\/1-vinyl-case-12-record-case-100-lps-silver-black.webp",970,970,false],"trp-custom-language-flag":["https:\/\/suncasesupply.com\/wp-content\/uploads\/2023\/08\/1-vinyl-case-12-record-case-100-lps-silver-black.webp",12,12,false],"woocommerce_thumbnail":["https:\/\/suncasesupply.com\/wp-content\/uploads\/2023\/08\/1-vinyl-case-12-record-case-100-lps-silver-black-300x300.webp",300,300,true],"woocommerce_single":["https:\/\/suncasesupply.com\/wp-content\/uploads\/2023\/08\/1-vinyl-case-12-record-case-100-lps-silver-black-600x600.webp",600,600,true],"woocommerce_gallery_thumbnail":["https:\/\/suncasesupply.com\/wp-content\/uploads\/2023\/08\/1-vinyl-case-12-record-case-100-lps-silver-black-100x100.webp",100,100,true]},"post_excerpt_stackable":"<p>Model : SC-LP0001<\/p>\n<p>Size: 36*36*36cm<\/p>\n<p>Capacity: 100 12&#8243; LPs<\/p>\n<p>Colors: Black or customize<\/p>\n<p>Materials: Aluminum, ABS panel, EVA foam<\/p>\n<p>Logo: Metal plate logo, silk screen logo<\/p>\n<p>MOQ: 100pcs<\/p>\n","category_list":"","author_info":{"name":"","url":""},"comments_num":"0 comments","_links":{"self":[{"href":"https:\/\/suncasesupply.com\/de\/wp-json\/wp\/v2\/product\/19696"}],"collection":[{"href":"https:\/\/suncasesupply.com\/de\/wp-json\/wp\/v2\/product"}],"about":[{"href":"https:\/\/suncasesupply.com\/de\/wp-json\/wp\/v2\/types\/product"}],"wp:featuredmedia":[{"embeddable":true,"href":"https:\/\/suncasesupply.com\/de\/wp-json\/wp\/v2\/media\/19697"}],"wp:attachment":[{"href":"https:\/\/suncasesupply.com\/de\/wp-json\/wp\/v2\/media?parent=19696"}],"wp:term":[{"taxonomy":"product_cat","embeddable":true,"href":"https:\/\/suncasesupply.com\/de\/wp-json\/wp\/v2\/product_cat?post=19696"},{"taxonomy":"product_tag","embeddable":true,"href":"https:\/\/suncasesupply.com\/de\/wp-json\/wp\/v2\/product_tag?post=19696"}],"curies":[{"name":"wp","href":"https:\/\/api.w.org\/{rel}","templated":true}]}}