{"id":19688,"date":"2023-08-21T09:58:58","date_gmt":"2023-08-21T01:58:58","guid":{"rendered":"https:\/\/suncasesupply.com\/?post_type=product&#038;p=19688"},"modified":"2025-07-15T10:50:52","modified_gmt":"2025-07-15T02:50:52","slug":"aluminum-case-with-foam-insert-carry-aluminum-storage-box","status":"publish","type":"product","link":"https:\/\/suncasesupply.com\/de\/product\/aluminum-case-with-foam-insert-carry-aluminum-storage-box\/","title":{"rendered":"Aluminiumkoffer mit Schaumstoffeinlage Carry Aluminium Aufbewahrungsbox"},"content":{"rendered":"<h4><span style=\"color: #003366;\">Merkmale:<\/span><\/h4>\n<ul>\n<li><strong><b>Materialien<\/b><\/strong>: Hergestellt aus einer robusten Aluminiumrahmenkonstruktion mit Melaminplatte. Dieses robuste und ansprechende Design wird h\u00e4ufig sowohl im Haushalt als auch in der Industrie f\u00fcr Aluminium-Aufbewahrungsboxen verwendet.<\/li>\n<li><strong><b>Schaumstoff innen<\/b><\/strong>: Mit dem vorgeschnittenen Pick &amp; Pluck-Schaumstoff an der Unterseite des Aluminiumkoffers k\u00f6nnen Sie die gew\u00fcnschte Form individuell gestalten und an Ihre Ausr\u00fcstung anpassen. Ideal f\u00fcr Fotografen oder Techniker, die einen Kamerakoffer aus Aluminium oder einen sch\u00fctzenden Aluminium-Tragekoffer mit Schaumstoff ben\u00f6tigen.<\/li>\n<li><strong><b>Hardware<\/b><\/strong>: Diese abschlie\u00dfbare Aluminium-Aufbewahrungsbox ist mit zwei Verschl\u00fcssen und einem Gummigriff ausgestattet und l\u00e4sst sich leicht \u00fcberallhin mitnehmen. Eine gro\u00dfartige Option unter den Aluminium-Tragekoffern.<\/li>\n<li><strong><b>Schutz<\/b><\/strong>: Die wasserfeste Schutzh\u00fclle sch\u00fctzt wertvolle und zerbrechliche Gegenst\u00e4nde vor Feuchtigkeit. Sie eignet sich besonders f\u00fcr alle, die eine Kameratasche aus Aluminium suchen oder empfindliche Instrumente transportieren m\u00f6chten.<\/li>\n<\/ul>\n<h4><span style=\"color: #003366;\">Produktdetails:<\/span><\/h4>\n<p><!-- \u7b2c\u4e00\u680f --><\/p>\n<div style=\"display: flex; gap: 20px;\">\n<div style=\"flex: 1; text-align: center;\">\n<p><img decoding=\"async\" style=\"max-width: 100%; height: auto; margin-bottom: 10px;\" src=\"https:\/\/suncasesupply.com\/wp-content\/uploads\/2025\/05\/1-Combination-Locks.jpg\" alt=\"Kombinationsschl\u00f6sser\" \/><\/p>\n<p style=\"font-weight: bold; margin: 5px 0;\"><strong><b>Kombinationsschl\u00f6sser<\/b><\/strong><\/p>\n<p style=\"margin: 0;\">Das Zahlenschloss zeichnet sich durch Passwortschutz, hohe Flexibilit\u00e4t und schl\u00fcsselloses Design aus. Diese Konfiguration wird h\u00e4ufig in abschlie\u00dfbaren Aluminium-Aufbewahrungsboxen verwendet, um ein versehentliches \u00d6ffnen der darin befindlichen Gegenst\u00e4nde w\u00e4hrend des Transports zu verhindern.<\/p>\n<\/div>\n<p><!-- \u7b2c\u4e8c\u680f --><\/p>\n<div style=\"flex: 1; text-align: center;\">\n<p><img decoding=\"async\" style=\"max-width: 100%; height: auto; margin-bottom: 10px;\" src=\"https:\/\/suncasesupply.com\/wp-content\/uploads\/2025\/05\/2-Support-Hinge.jpg\" alt=\"St\u00fctzscharnier\" \/><\/p>\n<p style=\"font-weight: bold; margin: 5px 0;\"><strong><b>St\u00fctzscharnier<\/b><\/strong><\/p>\n<p style=\"margin: 0;\">Zwischen der oberen und unteren Abdeckung dieses Aluminiumgeh\u00e4uses befinden sich zwei St\u00fctzscharniere aus Metall. Beim \u00d6ffnen der oberen Abdeckung sorgt das St\u00fctzscharnier daf\u00fcr, dass der obere Deckel aufrecht steht und nicht versehentlich herunterf\u00e4llt und Ihre H\u00e4nde verletzt.<\/p>\n<\/div>\n<p><!-- \u7b2c\u4e09\u680f --><\/p>\n<div style=\"flex: 1; text-align: center;\">\n<p><img decoding=\"async\" style=\"max-width: 100%; height: auto; margin-bottom: 10px;\" src=\"https:\/\/suncasesupply.com\/wp-content\/uploads\/2025\/05\/3-PickPluck-Foam.jpg\" alt=\"Pick &amp; Pluck-Schaum\" \/><\/p>\n<p style=\"font-weight: bold; margin: 5px 0;\"><strong><b>Pick &amp; Pluck-Schaum<\/b><\/strong><\/p>\n<p style=\"margin: 0;\">Die Hauptfunktionen des Pick &amp; Pluck-Schaums in der Aluminiumbox sind D\u00e4mpfung und Sto\u00dfd\u00e4mpfung, Fixierung und Verhinderung von Verschiebungen, Feuchtigkeits- und Staubschutz sowie Ger\u00e4uschreduzierung. Die Form kann individuell an Ihre Produkte angepasst werden.<\/p>\n<\/div>\n<p><!-- \u7b2c\u56db\u680f --><\/p>\n<div style=\"flex: 1; text-align: center;\">\n<p><img decoding=\"async\" style=\"max-width: 100%; height: auto; margin-bottom: 10px;\" src=\"https:\/\/suncasesupply.com\/wp-content\/uploads\/2025\/05\/4-Round-Corner.jpg\" alt=\"Runde Ecke\" \/><\/p>\n<p style=\"font-weight: bold; margin: 5px 0;\"><strong><b>Runde Ecke<\/b><\/strong><\/p>\n<p style=\"margin: 0;\">Aluminiumboxen werden \u00fcblicherweise mit abgerundeten Ecken oder rechtwinkligen Winkeln gefertigt. Diese Aluminiumbox verf\u00fcgt \u00fcber abgerundete Ecken, die die strukturelle Festigkeit erh\u00f6hen, die Abdichtung verbessern und Kollisionsschutz bieten. Dieses Design vereint Funktionalit\u00e4t und \u00c4sthetik und ist typisch f\u00fcr hochwertige Aluminium-Aufbewahrungsboxen professioneller Hersteller.<\/p>\n<\/div>\n<\/div>\n<div style=\"background-color: #29599a; padding: 40px 20px; text-align: center; color: #ffffff; border-radius: 10px; margin: 40px auto; max-width: 960px;\">\n<h2 style=\"font-size: 22px; margin-bottom: 20px; font-weight: bold;\"><span style=\"color: #ffffff;\">Mindestbestellmenge 100 f\u00fcr Aluminium-Tragekoffer \u2013 Fordern Sie jetzt Ihr Angebot an<\/span><\/h2>\n<p><a style=\"display: inline-block; padding: 12px 28px; background-color: #ffffff; color: #29599a; text-decoration: none; border-radius: 6px; font-weight: bold;\" href=\"https:\/\/suncasesupply.com\/de\/contact-us\/\" target=\"_blank\" rel=\"noopener\">Ein Angebot einholen<\/a><\/p>\n<\/div>\n<h4><span style=\"color: #003366;\">Herstellungsverfahren:<\/span><\/h4>\n<p><img decoding=\"async\" style=\"max-width: 100%; height: auto; margin-bottom: 10px;\" src=\"https:\/\/suncasesupply.com\/wp-content\/uploads\/2025\/07\/Manufacturing-Process.png\" alt=\"Herstellungsprozess von Suncase\" \/><\/p>\n<h4><span style=\"color: #003366;\">Hilfreiche Informationen f\u00fcr Gro\u00dfabnehmer:<\/span><\/h4>\n<ul>\n<li class=\"page-title\" title=\"Was macht Sportkarten so wertvoll?\">\n<p class=\"page-title\" title=\"6 Gr\u00fcnde, warum Sie mit einer Aluminium-Aufbewahrungsbox Ordnung schaffen sollten\"><a href=\"https:\/\/suncasesupply.com\/de\/blog\/custom-aluminum-case\/6-reasons-to-use-aluminum-storage-box-today\/\">6 Gr\u00fcnde, warum Sie mit einer Aluminium-Aufbewahrungsbox Ordnung schaffen sollten &gt;&gt;<\/a><\/p>\n<\/li>\n<li title=\"Was macht Sportkarten so wertvoll?\">\n<p class=\"page-title\" title=\"Verschiedene Arten von Aluminium-Tragekoffern\"><a href=\"https:\/\/suncasesupply.com\/de\/blog\/custom-aluminum-case\/different-types-of-aluminum-carrying-cases\/\">Verschiedene Arten von Aluminium-Tragekoffern &gt;&gt;<\/a><\/p>\n<\/li>\n<li title=\"Was macht Sportkarten so wertvoll?\">\n<p class=\"page-title\" title=\"Alles, was Sie \u00fcber Aluminiumkoffer wissen m\u00fcssen\"><a href=\"https:\/\/suncasesupply.com\/de\/blog\/all-you-need-to-know-about-aluminum-cases\/\">Alles Wissenswerte \u00fcber Aluminiumkoffer mit Schaumstoff&gt;&gt;<\/a><\/p>\n<\/li>\n<\/ul>\n<p><a href=\"https:\/\/suncasesupply.com\/de\/contact-us\/\">Fordern Sie jetzt ein Angebot an!! &gt;&gt;<\/a><\/p>","protected":false},"excerpt":{"rendered":"<p>Modell:SC-0002<\/p>\n<p>Gr\u00f6\u00dfe: 45 x 32 x 15 cm<\/p>\n<p>Farben: Grau<\/p>\n<p>Materialien: Aluminiumrahmen, Melaminplatte, MDF-Platte, Hardware.<\/p>\n<p>Logo: Metallplatte\/Siebdruck-Logo<\/p>\n<p>Mindestbestellmenge: 100 St\u00fcck<\/p>\n<p>Probe: Verf\u00fcgbar, Probezeit ca. 7 Tage.<\/p>\n<p>Lieferzeit: ca. 25 Tage<\/p>","protected":false},"featured_media":25287,"template":"","meta":{"_gspb_post_css":""},"product_cat":[42,80],"product_tag":[],"featured_image_urls":{"full":["https:\/\/suncasesupply.com\/wp-content\/uploads\/2023\/08\/aa-5.jpg",800,800,false],"thumbnail":["https:\/\/suncasesupply.com\/wp-content\/uploads\/2023\/08\/aa-5-150x150.jpg",150,150,true],"medium":["https:\/\/suncasesupply.com\/wp-content\/uploads\/2023\/08\/aa-5-300x300.jpg",300,300,true],"medium_large":["https:\/\/suncasesupply.com\/wp-content\/uploads\/2023\/08\/aa-5-768x768.jpg",768,768,true],"large":["https:\/\/suncasesupply.com\/wp-content\/uploads\/2023\/08\/aa-5.jpg",800,800,false],"1536x1536":["https:\/\/suncasesupply.com\/wp-content\/uploads\/2023\/08\/aa-5.jpg",800,800,false],"2048x2048":["https:\/\/suncasesupply.com\/wp-content\/uploads\/2023\/08\/aa-5.jpg",800,800,false],"trp-custom-language-flag":["https:\/\/suncasesupply.com\/wp-content\/uploads\/2023\/08\/aa-5-12x12.jpg",12,12,true],"woocommerce_thumbnail":["https:\/\/suncasesupply.com\/wp-content\/uploads\/2023\/08\/aa-5-300x300.jpg",300,300,true],"woocommerce_single":["https:\/\/suncasesupply.com\/wp-content\/uploads\/2023\/08\/aa-5-600x600.jpg",600,600,true],"woocommerce_gallery_thumbnail":["https:\/\/suncasesupply.com\/wp-content\/uploads\/2023\/08\/aa-5-100x100.jpg",100,100,true]},"post_excerpt_stackable":"<p>Model:SC-0002<\/p>\n<p>Size: 45 x 32 x 15 cm<\/p>\n<p>Colors:\u00a0Grey color<\/p>\n<p>Materials: Aluminum\u00a0frame,\u00a0Melamine Panel,\u00a0MDF Board, Hardware.<\/p>\n<p>Logo: Metal Plate\/Silk Printing logo<\/p>\n<p>MOQ: 100pcs<\/p>\n<p>Sample: Available, sample time about 7 days.<\/p>\n<p>Deliver Time: About 25 days<\/p>\n","category_list":"","author_info":{"name":"","url":""},"comments_num":"0 comments","_links":{"self":[{"href":"https:\/\/suncasesupply.com\/de\/wp-json\/wp\/v2\/product\/19688"}],"collection":[{"href":"https:\/\/suncasesupply.com\/de\/wp-json\/wp\/v2\/product"}],"about":[{"href":"https:\/\/suncasesupply.com\/de\/wp-json\/wp\/v2\/types\/product"}],"wp:featuredmedia":[{"embeddable":true,"href":"https:\/\/suncasesupply.com\/de\/wp-json\/wp\/v2\/media\/25287"}],"wp:attachment":[{"href":"https:\/\/suncasesupply.com\/de\/wp-json\/wp\/v2\/media?parent=19688"}],"wp:term":[{"taxonomy":"product_cat","embeddable":true,"href":"https:\/\/suncasesupply.com\/de\/wp-json\/wp\/v2\/product_cat?post=19688"},{"taxonomy":"product_tag","embeddable":true,"href":"https:\/\/suncasesupply.com\/de\/wp-json\/wp\/v2\/product_tag?post=19688"}],"curies":[{"name":"wp","href":"https:\/\/api.w.org\/{rel}","templated":true}]}}