{"id":11,"date":"2023-02-19T10:18:59","date_gmt":"2023-02-19T02:18:59","guid":{"rendered":"https:\/\/suncasesupply.com\/?page_id=11"},"modified":"2023-03-08T23:20:26","modified_gmt":"2023-03-08T15:20:26","slug":"cookie-policy","status":"publish","type":"page","link":"https:\/\/suncasesupply.com\/de\/cookie-policy\/","title":{"rendered":"Cookie-Richtlinie"},"content":{"rendered":"<h2 class=\"wp-block-heading\" id=\"how-tatapck-uses-cookies\">WIE TATAPCK COOKIES VERWENDET<\/h2>\n\n\n\n<p>Ein Cookie ist eine kleine Datei, die um Erlaubnis bittet, auf der Festplatte Ihres Computers abgelegt zu werden. Sobald Sie zustimmen, wird die Datei hinzugef\u00fcgt und das Cookie hilft bei der Analyse des Webverkehrs oder informiert Sie, wenn Sie eine bestimmte Site besuchen. Cookies erm\u00f6glichen es Webanwendungen, auf Sie als Einzelperson zu reagieren. Die Webanwendung kann ihre Vorg\u00e4nge an Ihre Bed\u00fcrfnisse, Vorlieben und Abneigungen anpassen, indem sie Informationen \u00fcber Ihre Vorlieben sammelt und speichert.<\/p>\n\n\n\n<p>Wir verwenden Traffic-Log-Cookies, um zu identifizieren, welche Seiten genutzt werden. Dies hilft uns, Daten \u00fcber den Webseitenverkehr zu analysieren und unsere Website zu verbessern, um sie an die Kundenbed\u00fcrfnisse anzupassen. Wir verwenden diese Informationen nur f\u00fcr statistische Analysezwecke und entfernen die Daten anschlie\u00dfend aus dem System.<\/p>\n\n\n\n<p>Insgesamt helfen uns Cookies, Ihnen eine bessere Website zu bieten, indem sie uns erm\u00f6glichen, zu \u00fcberwachen, welche Seiten Sie n\u00fctzlich finden und welche nicht. Ein Cookie gibt uns in keiner Weise Zugriff auf Ihren Computer oder andere Informationen \u00fcber Sie, mit Ausnahme der Daten, die Sie uns mitteilen m\u00f6chten.<\/p>\n\n\n\n<p>Sie k\u00f6nnen Cookies akzeptieren oder ablehnen. Die meisten Webbrowser akzeptieren Cookies automatisch, aber Sie k\u00f6nnen Ihre Browsereinstellungen normalerweise so \u00e4ndern, dass Cookies abgelehnt werden, wenn Sie dies bevorzugen. Dies kann jedoch dazu f\u00fchren, dass Sie die Website nicht in vollem Umfang nutzen k\u00f6nnen.<\/p>\n\n\n\n<h2 class=\"wp-block-heading\" id=\"links-to-other-websites\">LINKS ZU ANDEREN WEBSITES<\/h2>\n\n\n\n<p>Unsere Website kann Links zu anderen interessanten Websites enthalten. Wenn Sie diese Links jedoch zum Verlassen unserer Website verwendet haben, sollten Sie beachten, dass wir keine Kontrolle \u00fcber diese anderen Websites haben. Daher k\u00f6nnen wir nicht f\u00fcr den Schutz und die Vertraulichkeit von Informationen verantwortlich sein, die Sie beim Besuch solcher Websites angeben, und diese Websites unterliegen nicht dieser Datenschutzrichtlinie. Sie sollten vorsichtig sein und die Datenschutzrichtlinie der betreffenden Website lesen.<\/p>\n\n\n\n<h2 class=\"wp-block-heading\" id=\"controlling-your-personal-information\">KONTROLLE IHRER PERS\u00d6NLICHEN DATEN<\/h2>\n\n\n\n<p>Sie k\u00f6nnen die Erfassung oder Verwendung Ihrer pers\u00f6nlichen Daten auf folgende Weise einschr\u00e4nken:<\/p>\n\n\n\n<p>Wenn Sie aufgefordert werden, auf der Website ein Formular auszuf\u00fcllen, suchen Sie nach dem K\u00e4stchen, das Sie anklicken k\u00f6nnen, um anzugeben, dass Sie nicht m\u00f6chten, dass die Informationen von irgendjemandem f\u00fcr Direktmarketingzwecke verwendet werden.<\/p>\n\n\n\n<p>Wenn Sie zuvor zugestimmt haben, dass wir Ihre pers\u00f6nlichen Daten f\u00fcr Direktmarketingzwecke verwenden, k\u00f6nnen Sie Ihre Meinung jederzeit \u00e4ndern, indem Sie uns schreiben oder eine E-Mail an&nbsp;<a href=\"mailto:arden@tatapack.com\">arden@tatapack.com<\/a><\/p>\n\n\n\n<p>Wir werden Ihre pers\u00f6nlichen Daten nicht an Dritte verkaufen, verteilen oder vermieten, es sei denn, wir haben Ihre Erlaubnis oder sind gesetzlich dazu verpflichtet. Wir k\u00f6nnen Ihre pers\u00f6nlichen Daten verwenden, um Ihnen Werbeinformationen \u00fcber Dritte zuzusenden, die unserer Meinung nach f\u00fcr Sie von Interesse sein k\u00f6nnten, wenn Sie uns mitteilen, dass Sie dies w\u00fcnschen.<\/p>\n\n\n\n<p>Sie k\u00f6nnen gem\u00e4\u00df dem Datenschutzgesetz von 1998 Einzelheiten zu den pers\u00f6nlichen Daten anfordern, die wir \u00fcber Sie gespeichert haben. Daf\u00fcr f\u00e4llt eine geringe Geb\u00fchr an. Wenn Sie eine Kopie der \u00fcber Sie gespeicherten Daten w\u00fcnschen, schreiben Sie bitte an:<\/p>\n\n\n\n<p><strong>TATAPACK<\/strong><br>Guoxiangqiao Mittelstra\u00dfe Nr. 1<em><br>Stadt Yuyao<br>Ningbo315400<br>CHINA<\/em><\/p>\n\n\n\n<p>Wenn Sie der Meinung sind, dass die von uns \u00fcber Sie gespeicherten Informationen falsch oder unvollst\u00e4ndig sind, schreiben Sie uns bitte so schnell wie m\u00f6glich an die oben genannte Adresse oder schicken Sie uns eine E-Mail. Wir werden alle Informationen, die sich als falsch herausstellen, umgehend korrigieren.<\/p>\n\n\n\n<p>TATAPACK setzt sich daf\u00fcr ein, dass Ihre Privatsph\u00e4re gesch\u00fctzt wird. Sollten wir Sie bitten, bestimmte Informationen anzugeben, anhand derer Sie bei der Nutzung dieser Website identifiziert werden k\u00f6nnen, k\u00f6nnen Sie sicher sein, dass diese nur in \u00dcbereinstimmung mit dieser Datenschutzrichtlinie verwendet werden.<\/p>\n\n\n\n<p>TATAPACK kann diese Richtlinie von Zeit zu Zeit durch Aktualisierung dieser Seite \u00e4ndern. Sie sollten diese Seite von Zeit zu Zeit \u00fcberpr\u00fcfen, um sicherzustellen, dass Sie mit den \u00c4nderungen einverstanden sind. Diese Richtlinie gilt ab August 2016.<\/p>\n\n\n\n<h2 class=\"wp-block-heading\" id=\"what-we-collect\">WAS WIR SAMMELN<\/h2>\n\n\n\n<p>Wir k\u00f6nnen die folgenden Informationen sammeln:<\/p>\n\n\n\n<ol>\n<li>Name und Berufsbezeichnung<\/li>\n\n\n\n<li>Kontaktinformationen einschlie\u00dflich E-Mail-Adresse<\/li>\n\n\n\n<li>Demografische Informationen wie Postleitzahl, Vorlieben und Interessen<\/li>\n\n\n\n<li>Weitere f\u00fcr Kundenbefragungen und\/oder Angebote relevante Informationen<\/li>\n<\/ol>\n\n\n\n<h2 class=\"wp-block-heading\" id=\"what-we-do-with-the-information-we-gather\">WAS WIR MIT DEN VON UNS ERFASSTEN INFORMATIONEN MACHEN<\/h2>\n\n\n\n<p>Wir ben\u00f6tigen diese Informationen, um Ihre Bed\u00fcrfnisse zu verstehen und Ihnen einen besseren Service bieten zu k\u00f6nnen, insbesondere aus folgenden Gr\u00fcnden:<\/p>\n\n\n\n<h2 class=\"wp-block-heading\" id=\"internal-record-keeping\">INTERNE AUFZEICHNUNGSF\u00dcHRUNG.<\/h2>\n\n\n\n<p>Wir k\u00f6nnen die Informationen verwenden, um unsere Produkte und Dienstleistungen zu verbessern.<br>Wir k\u00f6nnen Ihnen in regelm\u00e4\u00dfigen Abst\u00e4nden Werbe-E-Mails \u00fcber neue Produkte, Sonderangebote oder andere Informationen, die unserer Meinung nach f\u00fcr Sie von Interesse sein k\u00f6nnten, an die von Ihnen angegebene E-Mail-Adresse senden. Sie haben immer die M\u00f6glichkeit, sich von weiteren E-Mails abzumelden.<\/p>\n\n\n\n<p>Wir k\u00f6nnen Ihre Informationen auch verwenden, um Sie zu Marktforschungszwecken zu kontaktieren. Wir k\u00f6nnen Sie per E-Mail, Telefon, Fax oder Post kontaktieren. Wir k\u00f6nnen die Informationen verwenden, um die Website Ihren Interessen entsprechend anzupassen.<\/p>\n\n\n\n<h2 class=\"wp-block-heading\" id=\"security\">SICHERHEIT<\/h2>\n\n\n\n<p>Wir setzen uns daf\u00fcr ein, dass Ihre Informationen sicher sind. Um unbefugten Zugriff oder unbefugte Offenlegung zu verhindern, haben wir geeignete physische, elektronische und organisatorische Verfahren eingerichtet, um die online erfassten Informationen zu sch\u00fctzen und zu sichern.<\/p>","protected":false},"excerpt":{"rendered":"<p>SO VERWENDET TATAPCK COOKIES Ein Cookie ist eine kleine Datei, die um Erlaubnis bittet, auf der Festplatte Ihres Computers abgelegt zu werden. Sobald Sie zustimmen, wird die Datei hinzugef\u00fcgt und das Cookie hilft bei der Analyse des Webverkehrs oder informiert Sie, wenn Sie eine bestimmte Site besuchen. Cookies erm\u00f6glichen es Webanwendungen, auf Sie als Einzelperson zu reagieren. Die Webanwendung kann ihre Vorg\u00e4nge an Ihre Bed\u00fcrfnisse, Vorlieben und Abneigungen anpassen, indem sie Informationen \u00fcber Ihre Pr\u00e4ferenzen sammelt und speichert. Wir verwenden Verkehrsprotokoll-Cookies, um zu identifizieren, welche Seiten verwendet werden. Dies hilft uns, Daten \u00fcber den Webseitenverkehr zu analysieren und zu verbessern\u2026<\/p>","protected":false},"author":1,"featured_media":304,"parent":0,"menu_order":0,"comment_status":"closed","ping_status":"closed","template":"","meta":{"_gspb_post_css":""},"blocksy_meta":"","featured_image_urls":{"full":["https:\/\/suncasesupply.com\/wp-content\/uploads\/2023\/03\/header-1-1.webp",1920,320,false],"thumbnail":["https:\/\/suncasesupply.com\/wp-content\/uploads\/2023\/03\/header-1-1-150x150.webp",150,150,true],"medium":["https:\/\/suncasesupply.com\/wp-content\/uploads\/2023\/03\/header-1-1-300x50.webp",300,50,true],"medium_large":["https:\/\/suncasesupply.com\/wp-content\/uploads\/2023\/03\/header-1-1-768x128.webp",768,128,true],"large":["https:\/\/suncasesupply.com\/wp-content\/uploads\/2023\/03\/header-1-1-1024x171.webp",1024,171,true],"1536x1536":["https:\/\/suncasesupply.com\/wp-content\/uploads\/2023\/03\/header-1-1-1536x256.webp",1536,256,true],"2048x2048":["https:\/\/suncasesupply.com\/wp-content\/uploads\/2023\/03\/header-1-1.webp",1920,320,false],"trp-custom-language-flag":["https:\/\/suncasesupply.com\/wp-content\/uploads\/2023\/03\/header-1-1.webp",18,3,false],"woocommerce_thumbnail":["https:\/\/suncasesupply.com\/wp-content\/uploads\/2023\/03\/header-1-1-300x300.webp",300,300,true],"woocommerce_single":["https:\/\/suncasesupply.com\/wp-content\/uploads\/2023\/03\/header-1-1-600x100.webp",600,100,true],"woocommerce_gallery_thumbnail":["https:\/\/suncasesupply.com\/wp-content\/uploads\/2023\/03\/header-1-1-100x100.webp",100,100,true]},"post_excerpt_stackable":"<p>HOW TATAPCK USES COOKIES A cookie is a small file which asks permission to be placed on your computer\u2019s hard drive. Once you agree, the file is added and the cookie helps analyse web traffic or lets you know when you visit a particular site. Cookies allow web applications to respond to you as an individual. The web application can tailor its operations to your needs, likes and dislikes by gathering and remembering information about your preferences. We use traffic log cookies to identify which pages are being used. This helps us analyse data about web page traffic and improve&hellip;<\/p>\n","category_list":"","author_info":{"name":"SUN CASE","url":"https:\/\/suncasesupply.com\/de\/author\/admin\/"},"comments_num":"0 comments","_links":{"self":[{"href":"https:\/\/suncasesupply.com\/de\/wp-json\/wp\/v2\/pages\/11"}],"collection":[{"href":"https:\/\/suncasesupply.com\/de\/wp-json\/wp\/v2\/pages"}],"about":[{"href":"https:\/\/suncasesupply.com\/de\/wp-json\/wp\/v2\/types\/page"}],"author":[{"embeddable":true,"href":"https:\/\/suncasesupply.com\/de\/wp-json\/wp\/v2\/users\/1"}],"replies":[{"embeddable":true,"href":"https:\/\/suncasesupply.com\/de\/wp-json\/wp\/v2\/comments?post=11"}],"version-history":[{"count":3,"href":"https:\/\/suncasesupply.com\/de\/wp-json\/wp\/v2\/pages\/11\/revisions"}],"predecessor-version":[{"id":307,"href":"https:\/\/suncasesupply.com\/de\/wp-json\/wp\/v2\/pages\/11\/revisions\/307"}],"wp:featuredmedia":[{"embeddable":true,"href":"https:\/\/suncasesupply.com\/de\/wp-json\/wp\/v2\/media\/304"}],"wp:attachment":[{"href":"https:\/\/suncasesupply.com\/de\/wp-json\/wp\/v2\/media?parent=11"}],"curies":[{"name":"wp","href":"https:\/\/api.w.org\/{rel}","templated":true}]}}